{"id":4230,"date":"2025-06-29T13:43:16","date_gmt":"2025-06-29T16:43:16","guid":{"rendered":"https:\/\/techno-rc.com.ar\/tienda\/?page_id=4230"},"modified":"2025-06-29T13:43:18","modified_gmt":"2025-06-29T16:43:18","slug":"politica-de-privacidad","status":"publish","type":"page","link":"https:\/\/techno-rc.com.ar\/tienda\/politica-de-privacidad\/","title":{"rendered":"Pol\u00edtica de Privacidad"},"content":{"rendered":"\n<p><strong>1 ACEPTACI\u00d3N<\/strong><\/p>\n\n\n\n<p>1.1. La presente Pol\u00edtica de Privacidad, se aplica a la utilizaci\u00f3n de cada uno de los \u00abServicios\u00bb, ofrecidos o puestos a disposici\u00f3n de los Usuarios de internet por\u00a0<strong>Techno-RC<\/strong>\u00a0\u00abLa Empresa\u00bb, a trav\u00e9s del sitio de internet www.techno-rc.com.ar &#8211;<strong>\u00a0Techno-RC<\/strong>\u00a0\u00abTienda\u00bb.<\/p>\n\n\n\n<p>1.2. En caso de ser necesario, la Empresa podr\u00e1 adicionar a la Pol\u00edtica de Privacidad, informaci\u00f3n y\/o t\u00e9rminos y condiciones espec\u00edficos, con relaci\u00f3n a un Servicio determinado.<\/p>\n\n\n\n<p>1.3. La utilizaci\u00f3n de los Servicios que hagan los \u00abUsuarios del Sitio\u00bb expresa la aceptaci\u00f3n plena y sin reservas, por parte de los mismos, de todas y cada una de las cl\u00e1usulas de la Pol\u00edtica de Privacidad en la versi\u00f3n publicada por la Empresa al momento mismo en que los Usuarios utilicen los Servicios. Por lo expuesto, la Pol\u00edtica de Privacidad constituir\u00e1 un acuerdo v\u00e1lido y obligatorio entre los Usuarios y la Empresa. Asimismo, la utilizaci\u00f3n de los Servicios expresa la aceptaci\u00f3n plena y sin reservas de los Usuarios a los \u00abT\u00e9rminos y Condiciones\u00bb publicados por la Empresa en techno-rc.com.ar que se complementan con la Pol\u00edtica de Privacidad.<\/p>\n\n\n\n<p>1.4. La Empresa podr\u00e1 modificar la Pol\u00edtica de Privacidad en cualquier momento. Las modificaciones que se introduzcan, ser\u00e1n notificadas mediante: publicaci\u00f3n de la nueva versi\u00f3n en www.techno-rc.com.ar, y\/o por mensaje de correo electr\u00f3nico dirigido al Usuario con un enlace a techno-rc.com.ar<\/p>\n\n\n\n<p>1.5. Los Usuarios aceptan que se dar\u00e1n por notificados de cualquier modificaci\u00f3n a la Pol\u00edtica de Privacidad, una vez que la Empresa hubiera publicado las mismas en\u00a0techno-rc.com.ar. Por lo tanto los Usuarios que contin\u00faen haciendo uso de los Servicios, una vez publicada la nueva versi\u00f3n se habr\u00e1n de considerar como que han aceptado, las modificaciones a la Pol\u00edtica de Privacidad. En consecuencia, los Usuarios deber\u00e1n: chequear www.techno-rc.com.ar peri\u00f3dicamente; y\/o leer cualquier mensaje de correo electr\u00f3nico que sea enviado por la Empresa con cualquier modificaci\u00f3n o nueva versi\u00f3n.<\/p>\n\n\n\n<p>1.6. La Empresa la asigna un rol muy importante a la privacidad de los datos personales de los Usuarios.<\/p>\n\n\n\n<p>1.7. Si tiene dudas con respecto a la Pol\u00edtica de Privacidad, por favor cons\u00faltenos por e-mail a:\u00a0info@techno-rc.com.ar<\/p>\n\n\n\n<p><strong>2 SERVICIOS<\/strong><\/p>\n\n\n\n<p>2.1. <strong>Techno-RC\u00a0<\/strong>techno-rc.com.ar es una Tienda Online, a trav\u00e9s del cual la Empresa presta el Servicio de venta de \u00abProductos\u00bb propios y de terceros.<\/p>\n\n\n\n<p>2.2. Todos los Productos publicados en techno-rc.com.ar han sido autorizados por sus respectivos fabricantes y\/o representantes para su venta y distribuci\u00f3n en el \u00abSitio\u00bb.<\/p>\n\n\n\n<p><strong>3 INFORMACI\u00d3N DE LOS USUARIOS. FINALIDAD<\/strong><\/p>\n\n\n\n<p>3.1. Los Usuarios aceptan que la Empresa pueda recopilar informaci\u00f3n acerca del comportamiento de sus Usuarios utilizando cookies, tags y otros m\u00e9todos tales como la informaci\u00f3n proporcionada por los citados al registrarse en\u00a0<strong>Techno-<\/strong>RC techno-rc.com.ar<\/p>\n\n\n\n<p>a) Un cookie es un peque\u00f1o archivo de texto mediante el cual se puede identificar en forma exclusiva un navegador de internet, y que suele ser instalado, enviado o escrito en el ordenador de los Usuarios, cuando los mismos ingresan a determinados sitios de internet, a efectos de obtener autom\u00e1ticamente informaci\u00f3n acerca de&nbsp; los Usuarios cuando navegan por dichos sitios. Un archivo cookie generalmente contendr\u00e1 el nombre del dominio desde donde el cookie ha sido transferido, la fecha de creaci\u00f3n, y un c\u00f3digo de identificaci\u00f3n. La \u00fanica informaci\u00f3n personal que un cookie puede contener es informaci\u00f3n que los Usuarios mismos suministran con su navegaci\u00f3n por internet, tales como la direcci\u00f3n de IP, las p\u00e1ginas visitadas y en qu\u00e9 orden, el tiempo de permanencia en cada p\u00e1gina, fecha , hora, etc. &#8211; \u00abInformaci\u00f3n de Actividad\u00bb-. Un cookie no puede leer datos del disco duro de los Usuarios ni tampoco los archivos cookie creados por otros sitios de internet.<\/p>\n\n\n\n<p>b) Un tag es una imagen peque\u00f1a ubicada en un sitio de internet para que el due\u00f1o del sitio, o un tercero, pueda monitorear quien est\u00e1 mirando el mismo, recolectando su direcci\u00f3n IP, el URL de la p\u00e1gina de donde viene y el momento en que fue visto. Estos tags pueden utilizarse junto a los cookies.<\/p>\n\n\n\n<p>3.2 La Empresa puede recopilar informaci\u00f3n de los Usuarios para mejorar la calidad de sus servicios gracias a que almacena las preferencias de los Usuarios y a que supervisa las tendencias de comportamiento, por ejemplo, el tipo de b\u00fasquedas de ofertas que realizan. Tambi\u00e9n para los servicios publicitarios, a fin de colaborar con los anunciantes para proporcionar y&nbsp; gestionar&nbsp; promociones y ofertas de sus bienes y\/o servicios en internet.<\/p>\n\n\n\n<p>3.3. Asimismo la Empresa puede recopilar\u00a0 el n\u00famero o direcci\u00f3n de IP (Internet Protocolo) de los Usuarios a los fines de mejorar la calidad del servicio que brinda a trav\u00e9s de Techno-RC. El almacenamiento por parte de la Empresa del n\u00famero de IP de los dispositivos de los Usuarios permite identificarlos al momento de su ingreso a sus cuentas individuales. Asimismo facilita diagnosticar los eventuales problemas de conexi\u00f3n que puedan llegar a existir entre ellos con\u00a0<strong>Techno-RC<\/strong>, mejorando la calidad de los Servicios. A tal fin, se entiende por n\u00famero o direcci\u00f3n de IP (Internet Protocolo) a la identificaci\u00f3n num\u00e9rica que distingue a un dispositivo electr\u00f3nico inform\u00e1tico (sea este una computadora, un tel\u00e9fono personal con acceso a redes, una tableta, una PDA, etc.) que se conecta a una red inform\u00e1tica (por ejemplo Internet).<\/p>\n\n\n\n<p>3.4. La Empresa podr\u00e1 solicitar a los Usuarios: su Direcci\u00f3n de Correo Electr\u00f3nico, Contrase\u00f1a, Nombre y Apellido; Tel\u00e9fono; Direcci\u00f3n; C\u00f3digo Postal, Ciudad; y la informaci\u00f3n sobre el o los M\u00e9todos de Pago, como se definen en la solapa de los \u201cT\u00e9rminos y Condiciones\u00bb.<\/p>\n\n\n\n<p>3.5. Con excepci\u00f3n de informaci\u00f3n relativa a los M\u00e9todos de Pago Elegidos, la Empresa no almacenar\u00e1 ni recopilar\u00e1 la informaci\u00f3n y datos de los medios de pago de los Usuarios como ser los n\u00fameros de las tarjetas de cr\u00e9dito o cuentas bancarias, etc. Dicha informaci\u00f3n ser\u00e1n almacenadas y\/o recopiladas en los servidores de las Redes de Cobranza, , definidas en los \u00abT\u00e9rminos y Condiciones\u00bb, no teniendo la Empresa acceso a la misma o a dichos servidores.<\/p>\n\n\n\n<p><strong>4 INFORMACI\u00d3N RECOLECTADA DE LOS USUARIOS<\/strong><\/p>\n\n\n\n<p>4.1. La Empresa podr\u00e1 recolectar informaci\u00f3n de los Usuarios utilizando cookies y\/o tags, exclusivamente cuando los Usuarios visiten\u00a0<strong>Techno-RC<\/strong>, un aviso publicitario, colocado en su \u00abSitio\u00bb. La informaci\u00f3n que recopile la Empresa podr\u00e1 incluir el comportamiento de navegaci\u00f3n, direcci\u00f3n IP, logs, y otros tipos de informaci\u00f3n. Sin embargo, la Empresa no recolectar\u00e1 informaci\u00f3n personal identificable de manera directa de ning\u00fan Usuario usando los mencionados cookies o tags.<\/p>\n\n\n\n<p>4.2. La Empresa utilizar\u00e1 la informaci\u00f3n provista por los Usuarios, y la recolectada por la Empresa, con el fin de proveer mejores servicios al Usuario intentando ajustarse a sus necesidades. La Empresa establecer\u00e1 comunicaciones m\u00e1s efectivas con los Usuarios a los fines de hacerles llegar&nbsp; informaciones de inter\u00e9s y de distintas ofertas y promociones de sus Productos propios y\/o de los Proveedores.<\/p>\n\n\n\n<p>4.3. La Empresa utilizar\u00e1 la informaci\u00f3n provista por los Usuarios, y la recolectada por la Empresa a los fines de recibir las transferencias del Precio de las Ofertas Adquiridas por los mismos<\/p>\n\n\n\n<p>4.4. La Empresa utilizar\u00e1 la informaci\u00f3n provista por los Usuarios, y la recolectada por la Empresa, para enviar ofertas y promociones a los Usuarios, as\u00ed como notificaciones, noticias y novedades de su inter\u00e9s, adem\u00e1s de aquellas que revistan el car\u00e1cter de notificaciones de \u00edndole institucional o legal.<\/p>\n\n\n\n<p>4.5. La Empresa utilizar\u00e1 la informaci\u00f3n provista por los Usuarios, y la recolectada por la Empresa, para analizar las conductas y comportamientos de los Usuarios, sus ubicaciones geogr\u00e1ficas, sus costumbres y\/o preferencias de consumo, a los efectos de intentar mejorar sus servicios y suministrarle mejores soluciones a sus necesidades.<\/p>\n\n\n\n<p>4.6. La Empresa utilizar\u00e1 la informaci\u00f3n provista por los Usuarios, y la recolectada por la Empresa para determinar las inquietudes y preferencias comerciales de los mismos a los fines de brindarles un mayor acercamiento a los productos que requieran de acuerdo a&nbsp; sus necesidades.<\/p>\n\n\n\n<p>4.7. La Empresa podr\u00e1 compartir la informaci\u00f3n con otras empresas de servicios o sitios de internet dedicados a la evaluaci\u00f3n de las conductas de los Usuarios de internet o similares a los fines de mejorar la calidad de sus servicios. Por lo general dichas empresas o sitios de internet poseen sus propias pol\u00edticas de privacidad de datos a los fines de su protecci\u00f3n. No obstante ello, la Empresa realizar\u00e1 sus mejores esfuerzos a fin de que la privacidad de la informaci\u00f3n compartida sea protegida de la mejor manera posible. En ciertos casos , la Empresa intentar\u00e1 firmar acuerdos expresos en materia de protecci\u00f3n de datos y de privacidad de la informaci\u00f3n. Sin perjuicio de ello, la Empresa no ser\u00e1 responsable por los da\u00f1os provocados por tales empresas y\/o sitios de internet en cuanto a su deber de protecci\u00f3n, confidencialidad y privacidad de los datos que ellas manejan.<\/p>\n\n\n\n<p>4.8. La Empresa utilizar\u00e1 la informaci\u00f3n provista por los Usuarios, y la recolectada por la Empresa en caso de ser solicitada por tribunales, u organismos estatales nacionales o internacionales que as\u00ed lo requieran y lo soliciten en la forma correspondiente.<\/p>\n\n\n\n<p>4.9. La Empresa no estar\u00e1 obligada a retener la informaci\u00f3n durante ning\u00fan plazo establecido y resolver\u00e1 la eliminaci\u00f3n de la misma cuando lo considere conveniente.<\/p>\n\n\n\n<p><strong>5 TIENDA TECHNO-RC<\/strong><\/p>\n\n\n\n<p>5.1. La Empresa no habr\u00e1 de vender, alquilar ni negociar ninguna informaci\u00f3n personal a ning\u00fan tercero para fines promocionales. Cualquier persona que hubiera provisto informaci\u00f3n de contacto personal a trav\u00e9s de\u00a0tECHNO-rc, podr\u00e1 enviar un correo electr\u00f3nico a\u00a0info@techno-rc.com.ar\u00a0a fin de actualizar, corregir o eliminar su informaci\u00f3n personal de contacto. La Empresa responder\u00e1 dicho requerimiento dentro de los 20 (veinte) d\u00edas siguientes a la recepci\u00f3n del mismo v\u00eda correo electr\u00f3nico.<\/p>\n\n\n\n<p>5.2.\u00a0<strong>Techno-RC\u00a0<\/strong>utiliza cookies para registrar patrones de Usuarios. En caso que alg\u00fan Usuario de\u00a0<strong>Techno-RC\u00a0<\/strong>no desee aceptar estos cookies, podr\u00e1 configurar su navegador para que le otorgue la opci\u00f3n de aceptar cada cookie y rechazar los que no desee.\u00a0<strong>Techno-RC\u00a0<\/strong>tambi\u00e9n podr\u00e1 utilizar herramientas de an\u00e1lisis: cookies, log files y tags.<\/p>\n\n\n\n<p>5.3.Techno-RC<strong>\u00a0<\/strong>podr\u00e1 contener enlaces a otros sitios de internet que no sean propiedad de la Empresa. En consecuencia\u00a0 no ser\u00e1 responsable por el actuar de dichos sitios de internet, a los cuales no se aplicar\u00e1 la presente Pol\u00edtica de Privacidad. Recomendamos revisar la pol\u00edtica de privacidad detallada en aquellos sitios de internet, para comprender los procedimientos de recolecci\u00f3n de informaci\u00f3n que utilizan y como protegen sus datos personales.<\/p>\n\n\n\n<p>5.4. Las disposiciones de la Pol\u00edtica de Privacidad se aplicar\u00e1n a asimismo a los Usuarios de\u00a0<strong>Techno-RC<\/strong>, est\u00e9n o no debidamente registrados.<\/p>\n\n\n\n<p><strong>6 MENORES DE EDAD<\/strong><\/p>\n\n\n\n<p>6.1.\u00a0<strong>Techno-RC\u00a0<\/strong>y\/o los Servicios que presta est\u00e1n permitidos s\u00f3lo a quienes tengan edad legal para contratar y no se encuentren inhibidos legalmente o de alg\u00fan modo vedados de ejercer actos jur\u00eddicos, derechos y\/u obligaciones. Habida cuenta de ello, los menores de 18 a\u00f1os no tienen permitido el ingreso a\u00a0<strong><strong>Techno-RC\u00a0<\/strong>\u00a0<\/strong>y a los Servicios ni el suministro de ning\u00fan dato personal u otro tipo de informaci\u00f3n.<\/p>\n\n\n\n<p>6.2. Asimismo, toda vez que los menores de edad pueden no alcanzar a comprender debidamente la Pol\u00edtica de Privacidad y sus implicancias, ni decidir v\u00e1lidamente sobre las opciones disponibles a trav\u00e9s de sus servicios y\/o sitio de internet, la Empresa recomienda a todos los padres o representantes, tutores o adultos bajo cuya supervisi\u00f3n se encuentren los menores que accedan a\u00a0<strong><strong>Techno-RC\u00a0<\/strong>\u00a0<\/strong>y\/o a los Servicios, a participar activa y cuidadosamente en las actividades que el menor realice en internet, a los servicios on-line que utilicen dichos menores, a la informaci\u00f3n a la que estos accedan, ya sea cuando dichos menores visiten\u00a0<strong><strong>Techno-RC\u00a0<\/strong>\u00a0<\/strong>o cualquier otro sitio de terceros, a ense\u00f1arles y a guiarlos en c\u00f3mo proteger su propia informaci\u00f3n personal mientras est\u00e9n navegando en internet.<\/p>\n\n\n\n<p><strong>7 CONFIDENCIALIDAD Y SEGURIDAD DE LA INFORMACI\u00d3N<\/strong><\/p>\n\n\n\n<p>7.1. La Empresa ha adoptado medidas de seguridad razonables para proteger la informaci\u00f3n de los Usuarios, e impedir el acceso no autorizado a sus datos o cualquier modificaci\u00f3n, divulgaci\u00f3n o destrucci\u00f3n no autorizada de los mismos. La informaci\u00f3n recolectada por la Empresa ser\u00e1 mantenida de manera estrictamente confidencial, espec\u00edficamente, la informaci\u00f3n que\u00a0<strong><strong>Techno-RC\u00a0<\/strong>\u00a0<\/strong>consigue obtener de Facebook por los usuarios que se registran o logean a trav\u00e9s de la aplicaci\u00f3n Facebook connect. El acceso a los datos personales est\u00e1 restringido a aquellos empleados, contratistas y representantes de la Empresa que necesitan conocer tales datos para desempe\u00f1ar sus funciones y desarrollar o mejorar nuestros servicios. La Empresa exige a sus proveedores los mismos est\u00e1ndares de confidencialidad. La Empresa no permite el acceso a esta informaci\u00f3n a terceros ajenos a la Empresa, a excepci\u00f3n de un pedido expreso del Usuario.<\/p>\n\n\n\n<p>7.2. Sin perjuicio de lo expuesto, considerando que internet es un sistema abierto, de acceso p\u00fablico, la Empresa no puede garantizar que terceros no autorizados no puedan eventualmente superar las medidas de seguridad y utilizar la informaci\u00f3n de los Usuarios en forma indebida.<\/p>\n\n\n\n<p><strong>8 TRANSFERENCIA, FUSION O VENTA DE LA EMPRESA<\/strong><\/p>\n\n\n\n<p>8.1 La Empresa se reserva el derecho de transferir la informaci\u00f3n recolectada en caso de venta o fusi\u00f3n de la Empresa, o de una adquisici\u00f3n de los activos principales de la misma, o cualquier otra clase de transferencia que la Empresa realice a otra entidad. En dicho supuesto, la Empresa deber\u00e1 adoptar las medidas necesarias a efectos de asegurar que dicha informaci\u00f3n sea utilizada de una manera consistente con la Pol\u00edtica de Privacidad.<\/p>\n\n\n\n<p><strong>9 DERECHOS DE LOS USUARIOS SOBRE LA INFORMACI\u00d3N<\/strong><\/p>\n\n\n\n<p>9.1. La mayor\u00eda de los navegadores est\u00e1n configurados para aceptar cookies, pero los Usuarios podr\u00e1n reconfigurar su navegador de internet para rechazar todas los cookies o para que el sistema le indique en qu\u00e9 momento se env\u00eda uno. Sin embargo, si los cookies est\u00e1n inhabilitados, es posible que algunas caracter\u00edsticas y servicios de los sitios de internet no funcionen de manera adecuada.<\/p>\n\n\n\n<p>9.2. La Empresa har\u00e1 todo lo posible para facilitar a los Usuarios sobre los cuales haya recopilado o almacenado informaci\u00f3n personal, el acceso a sus datos personales, as\u00ed como la rectificaci\u00f3n, modificaci\u00f3n o actualizaci\u00f3n de los mismos, o incluso la cancelaci\u00f3n de dichos datos personales, salvo a&nbsp; que la Empresa&nbsp; se encuentre obligada o tenga derecho a conservar los mismos de acuerdo a la legislaci\u00f3n que corresponda aplicarse.<\/p>\n\n\n\n<p>a) A tales efectos, los Usuarios deber\u00e1n enviar su Solicitud mediante el env\u00edo de un correo electr\u00f3nico con el asunto \u00abAcceso a Datos Personales\u00bb a\u00a0info@techno-rc.com.ar. La Empresa podr\u00e1 requerir a los Usuarios que se identifiquen, as\u00ed como que indiquen los datos personales a los cuales desean acceder, rectificar o remover.<\/p>\n\n\n\n<p>b) La Empresa podr\u00e1 rechazar la tramitaci\u00f3n de solicitudes que sean&nbsp; repetitivas , que requieran un esfuerzo t\u00e9cnico desproporcionado, que pongan en peligro la privacidad de los dem\u00e1s Usuarios,&nbsp; que se consideren de poca practicidad, o para las que no sea necesario acceder a los datos.<\/p>\n\n\n\n<p>c) El servicio de acceso, rectificaci\u00f3n y remoci\u00f3n de datos personales ser\u00e1 prestado por la Empresa en forma gratuita, excepto en caso que requiriera un esfuerzo&nbsp; t\u00e9cnico desproporcionado o irrazonable, en cuyo caso podr\u00e1 cobrarse un cargo de administraci\u00f3n.<\/p>\n\n\n\n<p><strong>10 EXCEPCIONES<\/strong><\/p>\n\n\n\n<p>10.1 No obstante cualquier otra provisi\u00f3n en contrario en la Pol\u00edtica de Privacidad, la Empresa podr\u00e1 divulgar cierta informaci\u00f3n personal de los Usuarios, cuando crea de buena fe que esa divulgaci\u00f3n sea razonablemente necesaria para: evitar una responsabilidad legal; cumplir una exigencia legal tal como una orden de allanamiento, una citaci\u00f3n judicial, una orden judicial; cumplir un requerimiento de una autoridad gubernamental o reguladora; proteger los derechos, propiedad o seguridad de la Empresa, de los Usuarios, o de un tercero.<\/p>\n\n\n\n<p><strong>11 CAMBIOS EN LA POL\u00cdTICA DE PRIVACIDAD<\/strong><\/p>\n\n\n\n<p>11.1 La Empresa podr\u00e1 modificar la presente Pol\u00edtica de Privacidad en caso que lo considere oportuno. Cuando las modificaciones sean muy importantes, con relaci\u00f3n al tratamiento de los datos personales recolectados en virtud de los Servicios, las mismas ser\u00e1n notificadas mediante la publicaci\u00f3n de un aviso destacado en esta p\u00e1gina. En caso que el Usuario deseara ser notificado v\u00eda correo electr\u00f3nico de dichas modificaciones, deber\u00e1 enviar un correo electr\u00f3nico con el asunto \u00abLista de Cambios de Pol\u00edtica de Privacidad\u00bb a\u00a0info@techno-rc.com.ar\u00a0desde la direcci\u00f3n de correo electr\u00f3nico en la cual desea recibir dichas notificaciones.<\/p>\n\n\n\n<p><strong>12 CONTACTO<\/strong><\/p>\n\n\n\n<p>12.1. En caso que el Usuario tenga alguna duda acerca de la Pol\u00edtica de Privacidad, o sobre la aplicaci\u00f3n de la misma, deber\u00e1 ponerse en contacto con la Empresa, en cualquier momento, v\u00eda correo electr\u00f3nico a\u00a0info@techno-rc.com.ar<\/p>\n","protected":false},"excerpt":{"rendered":"<p>1 ACEPTACI\u00d3N 1.1. La presente Pol\u00edtica de Privacidad, se aplica a la utilizaci\u00f3n de cada uno de los \u00abServicios\u00bb, ofrecidos o puestos a disposici\u00f3n de los Usuarios de internet por\u00a0Techno-RC\u00a0\u00abLa Empresa\u00bb, a trav\u00e9s del sitio de internet www.techno-rc.com.ar &#8211;\u00a0Techno-RC\u00a0\u00abTienda\u00bb. 1.2. En caso de ser necesario, la Empresa podr\u00e1 adicionar a la Pol\u00edtica de Privacidad, informaci\u00f3n &hellip;<\/p>\n<p class=\"read-more\"> <a class=\" thunk-readmore button \" href=\"https:\/\/techno-rc.com.ar\/tienda\/politica-de-privacidad\/\"> <span class=\"screen-reader-text\">Pol\u00edtica de Privacidad<\/span>Leer m\u00e1s<\/a><\/p>\n","protected":false},"author":3,"featured_media":0,"parent":0,"menu_order":0,"comment_status":"closed","ping_status":"closed","template":"","meta":{"advanced_seo_description":"","jetpack_seo_html_title":"","jetpack_seo_noindex":false,"_joinchat":[],"footnotes":""},"class_list":["post-4230","page","type-page","status-publish","hentry","thunk-woo-product-list","opn-qv-enable","open-woo-hover-none","open-single-product-tab-horizontal","open-shadow-","open-shadow-hover-"],"jetpack_sharing_enabled":true,"_links":{"self":[{"href":"https:\/\/techno-rc.com.ar\/tienda\/wp-json\/wp\/v2\/pages\/4230","targetHints":{"allow":["GET"]}}],"collection":[{"href":"https:\/\/techno-rc.com.ar\/tienda\/wp-json\/wp\/v2\/pages"}],"about":[{"href":"https:\/\/techno-rc.com.ar\/tienda\/wp-json\/wp\/v2\/types\/page"}],"author":[{"embeddable":true,"href":"https:\/\/techno-rc.com.ar\/tienda\/wp-json\/wp\/v2\/users\/3"}],"replies":[{"embeddable":true,"href":"https:\/\/techno-rc.com.ar\/tienda\/wp-json\/wp\/v2\/comments?post=4230"}],"version-history":[{"count":1,"href":"https:\/\/techno-rc.com.ar\/tienda\/wp-json\/wp\/v2\/pages\/4230\/revisions"}],"predecessor-version":[{"id":4231,"href":"https:\/\/techno-rc.com.ar\/tienda\/wp-json\/wp\/v2\/pages\/4230\/revisions\/4231"}],"wp:attachment":[{"href":"https:\/\/techno-rc.com.ar\/tienda\/wp-json\/wp\/v2\/media?parent=4230"}],"curies":[{"name":"wp","href":"https:\/\/api.w.org\/{rel}","templated":true}]}}