{"id":1895,"date":"2024-08-06T13:18:24","date_gmt":"2024-08-06T16:18:24","guid":{"rendered":"https:\/\/techno-rc.com.ar\/tienda\/?post_type=product&#038;p=1895"},"modified":"2025-06-29T14:52:58","modified_gmt":"2025-06-29T17:52:58","slug":"impresora-ricoh-p311","status":"publish","type":"product","link":"https:\/\/techno-rc.com.ar\/tienda\/producto\/impresora-ricoh-p311\/","title":{"rendered":"IMPRESORA RICOH P311"},"content":{"rendered":"<div id=\"sProduct_Detail_0_0_10_0_0_9_0_1_0_1_1_0\" class=\"mb-2 \">\n<div class=\"posts-custom posts-custom-section section-holder clearfix\" data-block=\"None\" data-format=\"posts-custom\" data-source=\"current_post\" data-source-type=\"current_post\" data-source-unique=\"true\" data-section-id=\"\" data-is-reordable=\"false\" data-using-stickers=\"false\" data-has-more=\"false\" data-attr-v=\"2\" data-attr-posts_id=\"sProduct_Detail_0_0_10_0_0_9_0_1_0_1_1_0\" data-attr-layout_quality=\"1\" data-attr-node_id=\"\/root\/blocks\/block[product_detail]\/abtests\/abtest[1]\/choose\/when['\/es\/'_in_page.section.href_or_post_and_572919268_in_post.sections]\/element_wrapper[1]\/element_wrapper\/element_wrapper\/element_wrapper[2]\/current_post-\" data-attr-layout_all_headline_tag=\"h1\" data-attr-layout_all_subheadline_tag=\"h2\" data-attr-all_element_order=\"headline,subheadline,custom_field_eqp_intro_tagline,custom_field_intro_tagline,author,community_name,section,date_modified,badges,badges_sponsored,photo_credit,date,body,snark_line,page_views,post_shares,follow_button,community_comments,photo_caption,source_link,collection_button,tags,primary_tag,like_button,all_sections,product_prices,product_vendor,product_buy_link,words_count,time_to_read,custom_field_es-path,main_author,custom_field_en-path,custom_field_promo_offer_text,custom_field_pt-path,custom_field_gen_edp,custom_field_product_gallery,custom_field_schema-about,custom_field_schema-mentions,custom_field_download_drivers,custom_field_linked_driver_brochure,custom_field_linked_driver_manual,custom_field_solution_services_disabled,custom_field_compatible_apps_disabled,custom_field_product_launch_date,custom_field_page_list_url,custom_field_product_features_brochure,custom_field_compatible_apps,custom_field_solutions_services\" data-attr-layout_remove_image=\"true\" data-attr-layout_headline=\"top\" data-attr-layout_subheadline=\"top\" data-attr-layout_custom_field_eqp_intro_tagline=\"top\" data-attr-layout_custom_field_intro_tagline=\"top\" data-attr-load_sections-limit=\"64\" data-attr-filters=\"section,post_body_pager\" data-attr-section_url=\"\" data-attr-source=\"\" data-attr-format=\"posts-custom\" data-attr-is_current_post=\"true\">\n<div class=\"posts-wrapper clearfix\">\n<div class=\"widget post-partial tag-lase tag-impr tag-mpresor tag-mpresora tag-nco tag-anc tag-p311 tag-impre tag-imp tag-311 tag-pre tag-ora tag-egr tag-blancoy tag-lanco tag-anco tag-neg tag-negr tag-esor tag-presor tag-res tag-pres tag-blan tag-ser tag-mpr tag-gro tag-negro tag-presora tag-impresoralaser tag-laser tag-aser tag-eso tag-reso tag-impresor tag-esora tag-resor tag-sor tag-resora tag-egro tag-sora tag-blanc tag-las tag-lan tag-impresora tag-lanc tag-mpre tag-mpreso tag-mpres tag-impres tag-preso tag-ase tag-bla tag-blanco tag-impreso post-section--es\/productos\/pd\/equipo\/impresoras-y-fotocopiadoras\/impresoras\" data-category=\"Impresoras\">\n<article class=\"clearfix image-article sm-mb-1 quality-HD post-2658347729\" data-frozen-sections=\"[]\" data-category=\"Impresoras\">\n<div class=\"row px10\">\n<div class=\"rm-col-center col sm-mb-1\">\n<div class=\"widget__body clearfix sm-mt-1\">\n<div class=\"widget__subheadline\">\n<h2 class=\"widget__subheadline-text h2\" data-type=\"text\">Impresora l\u00e1ser ByN<\/h2>\n<\/div>\n<div class=\"custom-field-intro-tagline\">Mantener la productividad y el presupuesto<\/div>\n<\/div>\n<div class=\"widget__head\"><\/div>\n<\/div>\n<\/div>\n<\/article>\n<\/div>\n<\/div>\n<\/div>\n<\/div>\n<div id=\"sProduct_Detail_0_0_10_0_0_9_0_1_0_1_1_1\" class=\"productPage__4icons\">\n<ul>\n<li class=\"\">Imprime hasta 32 ppm (A4)\/34 ppm (Carta)<\/li>\n<li class=\"\">Resoluci\u00f3n m\u00e1xima de impresi\u00f3n de 1200 x 1200 ppp<\/li>\n<li class=\"\">Capacidad de papel de hasta 550 hojas<\/li>\n<li class=\"\">Aumenta el tiempo de funcionamiento con un cartucho de impresi\u00f3n todo en uno de 7.000 p\u00e1ginas<\/li>\n<\/ul>\n<p><a href=\"https:\/\/www.ricoh-americalatina.com\/files\/18917\/M_320F_P_311_Brochure_Es_La.pdf\">Descargar Brochure<\/a><\/p>\n<\/div>\n","protected":false},"excerpt":{"rendered":"<p>Impresora l\u00e1ser ByN Mantener la productividad y el presupuesto Imprime hasta 32 ppm (A4)\/34 ppm (Carta) Resoluci\u00f3n m\u00e1xima de impresi\u00f3n de 1200 x 1200 ppp Capacidad de papel de hasta 550 hojas Aumenta el tiempo de funcionamiento con un cartucho de impresi\u00f3n todo en uno de 7.000 p\u00e1ginas Descargar Brochure<\/p>\n","protected":false},"featured_media":1896,"comment_status":"closed","ping_status":"closed","template":"","meta":{"advanced_seo_description":"","jetpack_seo_html_title":"","jetpack_seo_noindex":false,"_joinchat":[]},"product_brand":[26],"product_cat":[18],"product_tag":[],"class_list":{"0":"post-1895","1":"product","2":"type-product","3":"status-publish","4":"has-post-thumbnail","6":"product_brand-ricoh","7":"product_cat-impresora-monocromaticas","8":"thunk-woo-product-list","9":"opn-qv-enable","10":"open-woo-hover-none","11":"open-single-product-tab-horizontal","12":"open-shadow-","13":"open-shadow-hover-","15":"first","16":"instock","17":"taxable","18":"shipping-taxable","19":"purchasable","20":"product-type-simple"},"jetpack_sharing_enabled":true,"_links":{"self":[{"href":"https:\/\/techno-rc.com.ar\/tienda\/wp-json\/wp\/v2\/product\/1895","targetHints":{"allow":["GET"]}}],"collection":[{"href":"https:\/\/techno-rc.com.ar\/tienda\/wp-json\/wp\/v2\/product"}],"about":[{"href":"https:\/\/techno-rc.com.ar\/tienda\/wp-json\/wp\/v2\/types\/product"}],"replies":[{"embeddable":true,"href":"https:\/\/techno-rc.com.ar\/tienda\/wp-json\/wp\/v2\/comments?post=1895"}],"wp:featuredmedia":[{"embeddable":true,"href":"https:\/\/techno-rc.com.ar\/tienda\/wp-json\/wp\/v2\/media\/1896"}],"wp:attachment":[{"href":"https:\/\/techno-rc.com.ar\/tienda\/wp-json\/wp\/v2\/media?parent=1895"}],"wp:term":[{"taxonomy":"product_brand","embeddable":true,"href":"https:\/\/techno-rc.com.ar\/tienda\/wp-json\/wp\/v2\/product_brand?post=1895"},{"taxonomy":"product_cat","embeddable":true,"href":"https:\/\/techno-rc.com.ar\/tienda\/wp-json\/wp\/v2\/product_cat?post=1895"},{"taxonomy":"product_tag","embeddable":true,"href":"https:\/\/techno-rc.com.ar\/tienda\/wp-json\/wp\/v2\/product_tag?post=1895"}],"curies":[{"name":"wp","href":"https:\/\/api.w.org\/{rel}","templated":true}]}}