{"id":1899,"date":"2024-08-06T13:18:24","date_gmt":"2024-08-06T16:18:24","guid":{"rendered":"https:\/\/techno-rc.com.ar\/tienda\/?post_type=product&#038;p=1899"},"modified":"2025-07-02T18:02:19","modified_gmt":"2025-07-02T21:02:19","slug":"multifuncion-ricoh-m320f","status":"publish","type":"product","link":"https:\/\/techno-rc.com.ar\/tienda\/producto\/multifuncion-ricoh-m320f\/","title":{"rendered":"MULTIFUNCION RICOH M320F"},"content":{"rendered":"<h2 class=\"ui-pdp-description__title\">Descripci\u00f3n<\/h2>\n<p class=\"ui-pdp-description__content\">Pensada para la casa o la oficina, esta impresora Ricoh es ideal para todo tipo de trabajos, ya sean grandes tiradas o pocas impresiones.<\/p>\n<p>Eficiencia y calidad<br \/>\nImprim\u00ed archivos, escane\u00e1 documentos y hac\u00e9 todas las fotocopias que necesit\u00e9s con esta impresora multifunci\u00f3n Ricoh, siempre lista para facilitar tu rutina de trabajo o estudio.<\/p>\n<p>Perfecta para tu hogar o la oficina<br \/>\nSi busc\u00e1s realizar grandes tiradas en pocos minutos, su tecnolog\u00eda l\u00e1ser es ideal para vos. Es simple y f\u00e1cil de usar y tiene un costo de mantenimiento significativamente menor que las que funcionan a tinta.<\/p>\n","protected":false},"excerpt":{"rendered":"<p>Descripci\u00f3n Pensada para la casa o la oficina, esta impresora Ricoh es ideal para todo tipo de trabajos, ya sean grandes tiradas o pocas impresiones. Eficiencia y calidad Imprim\u00ed archivos, escane\u00e1 documentos y hac\u00e9 todas las fotocopias que necesit\u00e9s con esta impresora multifunci\u00f3n Ricoh, siempre lista para facilitar tu rutina de trabajo o estudio. Perfecta &hellip;<\/p>\n<p class=\"read-more\"> <a class=\" thunk-readmore button \" href=\"https:\/\/techno-rc.com.ar\/tienda\/producto\/multifuncion-ricoh-m320f\/\"> <span class=\"screen-reader-text\">MULTIFUNCION RICOH M320F<\/span>Leer m\u00e1s<\/a><\/p>\n","protected":false},"featured_media":1900,"comment_status":"closed","ping_status":"closed","template":"","meta":{"advanced_seo_description":"","jetpack_seo_html_title":"","jetpack_seo_noindex":false,"_joinchat":[]},"product_brand":[26],"product_cat":[19],"product_tag":[],"class_list":{"0":"post-1899","1":"product","2":"type-product","3":"status-publish","4":"has-post-thumbnail","6":"product_brand-ricoh","7":"product_cat-multifunciones-monocromaticas","8":"thunk-woo-product-list","9":"opn-qv-enable","10":"open-woo-hover-none","11":"open-single-product-tab-horizontal","12":"open-shadow-","13":"open-shadow-hover-","15":"first","16":"instock","17":"taxable","18":"shipping-taxable","19":"purchasable","20":"product-type-simple"},"jetpack_sharing_enabled":true,"_links":{"self":[{"href":"https:\/\/techno-rc.com.ar\/tienda\/wp-json\/wp\/v2\/product\/1899","targetHints":{"allow":["GET"]}}],"collection":[{"href":"https:\/\/techno-rc.com.ar\/tienda\/wp-json\/wp\/v2\/product"}],"about":[{"href":"https:\/\/techno-rc.com.ar\/tienda\/wp-json\/wp\/v2\/types\/product"}],"replies":[{"embeddable":true,"href":"https:\/\/techno-rc.com.ar\/tienda\/wp-json\/wp\/v2\/comments?post=1899"}],"wp:featuredmedia":[{"embeddable":true,"href":"https:\/\/techno-rc.com.ar\/tienda\/wp-json\/wp\/v2\/media\/1900"}],"wp:attachment":[{"href":"https:\/\/techno-rc.com.ar\/tienda\/wp-json\/wp\/v2\/media?parent=1899"}],"wp:term":[{"taxonomy":"product_brand","embeddable":true,"href":"https:\/\/techno-rc.com.ar\/tienda\/wp-json\/wp\/v2\/product_brand?post=1899"},{"taxonomy":"product_cat","embeddable":true,"href":"https:\/\/techno-rc.com.ar\/tienda\/wp-json\/wp\/v2\/product_cat?post=1899"},{"taxonomy":"product_tag","embeddable":true,"href":"https:\/\/techno-rc.com.ar\/tienda\/wp-json\/wp\/v2\/product_tag?post=1899"}],"curies":[{"name":"wp","href":"https:\/\/api.w.org\/{rel}","templated":true}]}}