{"id":1911,"date":"2024-08-06T13:18:25","date_gmt":"2024-08-06T16:18:25","guid":{"rendered":"https:\/\/techno-rc.com.ar\/tienda\/?post_type=product&#038;p=1911"},"modified":"2025-07-02T18:19:56","modified_gmt":"2025-07-02T21:19:56","slug":"impresora-ricoh-p800-byn","status":"publish","type":"product","link":"https:\/\/techno-rc.com.ar\/tienda\/producto\/impresora-ricoh-p800-byn\/","title":{"rendered":"IMPRESORA RICOH P800 BYN"},"content":{"rendered":"<div>Impresora de 55 ppm B &amp; N (carta)<\/div>\n<div>Panel de Operaciones LCD de 4 l\u00edneas. Resoluci\u00f3n 1200 x 1200 dpi.<\/div>\n<div>Bypass de 100 hojas y Bandeja de Papel de 500 hojas, ambos tama\u00f1o hasta Legal D\u00faplex Autom\u00e1tico.<span class=\"Apple-converted-space\">\u00a0<\/span><\/div>\n<p>&nbsp;<\/p>\n<p class=\"p1\">2 GB RAM. Adobe PostScript 3, Gigabit Ethernet and USB 2.0.<span class=\"Apple-converted-space\">\u00a0<\/span><\/p>\n<p class=\"p1\">Opcional: Disco duro de 320 GB<span class=\"Apple-converted-space\"> (consulte precio con HDD)<\/span><\/p>\n<p>&nbsp;<\/p>\n<p><a href=\"https:\/\/techno-rc.com.ar\/wp-content\/uploads\/2024\/08\/p800_ES_LA.pdf\">Descargar brochure<\/a><\/p>\n","protected":false},"excerpt":{"rendered":"<p>Impresora de 55 ppm B &amp; N (carta) Panel de Operaciones LCD de 4 l\u00edneas. Resoluci\u00f3n 1200 x 1200 dpi. Bypass de 100 hojas y Bandeja de Papel de 500 hojas, ambos tama\u00f1o hasta Legal D\u00faplex Autom\u00e1tico.\u00a0 &nbsp; 2 GB RAM. Adobe PostScript 3, Gigabit Ethernet and USB 2.0.\u00a0 Opcional: Disco duro de 320 GB &hellip;<\/p>\n<p class=\"read-more\"> <a class=\" thunk-readmore button \" href=\"https:\/\/techno-rc.com.ar\/tienda\/producto\/impresora-ricoh-p800-byn\/\"> <span class=\"screen-reader-text\">IMPRESORA RICOH P800 BYN<\/span>Leer m\u00e1s<\/a><\/p>\n","protected":false},"featured_media":1912,"comment_status":"closed","ping_status":"closed","template":"","meta":{"advanced_seo_description":"","jetpack_seo_html_title":"","jetpack_seo_noindex":false,"_joinchat":[]},"product_brand":[26],"product_cat":[18],"product_tag":[],"class_list":{"0":"post-1911","1":"product","2":"type-product","3":"status-publish","4":"has-post-thumbnail","6":"product_brand-ricoh","7":"product_cat-impresora-monocromaticas","8":"thunk-woo-product-list","9":"opn-qv-enable","10":"open-woo-hover-none","11":"open-single-product-tab-horizontal","12":"open-shadow-","13":"open-shadow-hover-","15":"first","16":"instock","17":"taxable","18":"shipping-taxable","19":"purchasable","20":"product-type-simple"},"jetpack_sharing_enabled":true,"_links":{"self":[{"href":"https:\/\/techno-rc.com.ar\/tienda\/wp-json\/wp\/v2\/product\/1911","targetHints":{"allow":["GET"]}}],"collection":[{"href":"https:\/\/techno-rc.com.ar\/tienda\/wp-json\/wp\/v2\/product"}],"about":[{"href":"https:\/\/techno-rc.com.ar\/tienda\/wp-json\/wp\/v2\/types\/product"}],"replies":[{"embeddable":true,"href":"https:\/\/techno-rc.com.ar\/tienda\/wp-json\/wp\/v2\/comments?post=1911"}],"wp:featuredmedia":[{"embeddable":true,"href":"https:\/\/techno-rc.com.ar\/tienda\/wp-json\/wp\/v2\/media\/1912"}],"wp:attachment":[{"href":"https:\/\/techno-rc.com.ar\/tienda\/wp-json\/wp\/v2\/media?parent=1911"}],"wp:term":[{"taxonomy":"product_brand","embeddable":true,"href":"https:\/\/techno-rc.com.ar\/tienda\/wp-json\/wp\/v2\/product_brand?post=1911"},{"taxonomy":"product_cat","embeddable":true,"href":"https:\/\/techno-rc.com.ar\/tienda\/wp-json\/wp\/v2\/product_cat?post=1911"},{"taxonomy":"product_tag","embeddable":true,"href":"https:\/\/techno-rc.com.ar\/tienda\/wp-json\/wp\/v2\/product_tag?post=1911"}],"curies":[{"name":"wp","href":"https:\/\/api.w.org\/{rel}","templated":true}]}}