{"id":1915,"date":"2024-08-06T13:18:25","date_gmt":"2024-08-06T16:18:25","guid":{"rendered":"https:\/\/techno-rc.com.ar\/tienda\/?post_type=product&#038;p=1915"},"modified":"2025-06-29T14:52:24","modified_gmt":"2025-06-29T17:52:24","slug":"impresora-ricoh-p502-bn","status":"publish","type":"product","link":"https:\/\/techno-rc.com.ar\/tienda\/producto\/impresora-ricoh-p502-bn\/","title":{"rendered":"IMPRESORA RICOH P502 B&#038;N"},"content":{"rendered":"<h2 class=\"ui-pdp-description__title\">Descripci\u00f3n<\/h2>\n<p class=\"ui-pdp-description__content\">CARACTER\u00cdSTICAS PRINCIPALES<\/p>\n<p>&#8211; Tiempo de calentamiento 13 segundos<br \/>\n&#8211; Velocidad de 1a p\u00e1gina: B\/N 4,3 segundos<br \/>\n&#8211; Velocidad impresi\u00f3n continua 43 ppm<br \/>\n&#8211; Memoria: est\u00e1ndar 2 GB<br \/>\n&#8211; Capacidad del disco duro:<br \/>\n&#8211; m\u00e1ximo 320 GB<br \/>\n&#8211; D\u00faplex S\u00ed<br \/>\n&#8211; Peso 19,3 kg<br \/>\n&#8211; Dimensiones (An x La x Al) 375 x 412 x 311 mm<br \/>\n&#8211; Fuente de alimentaci\u00f3n 220 &#8211; 240 V, 50\/60 Hz<\/p>\n<p>IMPRESORA<br \/>\n&#8211; Lenguaje de impresora: est\u00e1ndar PCL5e<br \/>\nPCL6<br \/>\nPostScript 3 (emulaci\u00f3n)<br \/>\n&#8211; Impresi\u00f3n directa de PDF (emulaci\u00f3n)<br \/>\n&#8211; Lenguaje de impresora opcional Genuine Adobe \u00aePostScript\u00ae3&#x2122;<br \/>\nIPDS<br \/>\nimpresi\u00f3n directa de PDF desde Adobe\u00ae<br \/>\n&#8211; Resoluci\u00f3n m\u00e1xima 1.200 x 1.200 dpi<br \/>\n&#8211; Interfaz: est\u00e1ndar Ethernet 10 base-T\/100 base-TX\/1000 base-T<br \/>\n&#8211; USB2.0 Tipo B<br \/>\n&#8211; USB Host 2.0<br \/>\n&#8211; Interfaz: opci\u00f3n IEEE 1284 bidireccional\/ECP<br \/>\n&#8211; LAN inal\u00e1mbrica (IEEE 802.11a\/b\/g\/n)<br \/>\n&#8211; NIC adicional (2\u00ba puerto)<br \/>\nCapacidad de impresi\u00f3n m\u00f3vil Apple AirPrint<br \/>\n&#8211; Mopria\u00ae<br \/>\nGoogle Cloud Print<br \/>\n&#8211; NFC<br \/>\n&#8211; Ricoh Smart Device Connector<br \/>\n&#8211; Protocolo de red TCP\/IP (IP v4, IP v6)<br \/>\n&#8211; Entornos Windows\u00ae Windows\u00ae 7<br \/>\nWindows\u00ae 8.1<br \/>\nWindows\u00ae 10<br \/>\nWindows\u00ae Server 2008<br \/>\nWindows\u00ae Server 2008R2<br \/>\nWindows\u00ae Server 2012<br \/>\nWindows\u00ae Server 2012R2<br \/>\nWindows\u00ae Server 2016<br \/>\nEntornos Mac OS Macintosh OS X v10.10 o posterior<br \/>\nEntornos SAP\u00ae R\/3\u00ae SAP\u00ae R\/3\u00ae, SAP\u00ae S\/4\u00ae<br \/>\nOtros entornos compatibles NDPS Gateway<br \/>\nAS\/400\u00ae mediante OS\/400 Host Print Transform<br \/>\nDevice Option Utility (Citrix)<br \/>\nEntornos Linux<\/p>\n<p>GESTI\u00d3N DEL PAPEL<br \/>\n&#8211; Tama\u00f1o de papel recomendado A4, A5, A6, B4, B5, B6<br \/>\n&#8211; Entrada de papel: est\u00e1ndar 500 hojas<br \/>\n&#8211; Entrada de papel: bypass 100 hojas<br \/>\n&#8211; Entrada de papel: m\u00e1ximo 2.100 hojas<br \/>\n&#8211; Salida de papel: est\u00e1ndar 250 hojas<br \/>\n&#8211; Gramaje papel Bandejas: (52 &#8211; 220 g\/m\u00b2), Bypass: (52 &#8211; 162 g\/m\u00b2), D\u00faplex: (52 &#8211; 162 g\/m\u00b2)<br \/>\n&#8211; Tipos de papel Papel normal<br \/>\n&#8211; Papel reciclado<br \/>\n&#8211; Papel preimpreso<br \/>\n&#8211; Sobre<br \/>\n&#8211; Papel de etiqueta<br \/>\n&#8211; OHP<\/p>\n<p>&nbsp;<\/p>\n<p><a href=\"https:\/\/techno-rc.com.ar\/wp-content\/uploads\/2024\/08\/p502-brochure.pdf\">Descargar brochure<\/a><\/p>\n<p>&nbsp;<\/p>\n","protected":false},"excerpt":{"rendered":"<p>Descripci\u00f3n CARACTER\u00cdSTICAS PRINCIPALES &#8211; Tiempo de calentamiento 13 segundos &#8211; Velocidad de 1a p\u00e1gina: B\/N 4,3 segundos &#8211; Velocidad impresi\u00f3n continua 43 ppm &#8211; Memoria: est\u00e1ndar 2 GB &#8211; Capacidad del disco duro: &#8211; m\u00e1ximo 320 GB &#8211; D\u00faplex S\u00ed &#8211; Peso 19,3 kg &#8211; Dimensiones (An x La x Al) 375 x 412 x &hellip;<\/p>\n<p class=\"read-more\"> <a class=\" thunk-readmore button \" href=\"https:\/\/techno-rc.com.ar\/tienda\/producto\/impresora-ricoh-p502-bn\/\"> <span class=\"screen-reader-text\">IMPRESORA RICOH P502 B&#038;N<\/span>Leer m\u00e1s<\/a><\/p>\n","protected":false},"featured_media":1916,"comment_status":"closed","ping_status":"closed","template":"","meta":{"advanced_seo_description":"","jetpack_seo_html_title":"","jetpack_seo_noindex":false,"_joinchat":[]},"product_brand":[26],"product_cat":[18],"product_tag":[],"class_list":{"0":"post-1915","1":"product","2":"type-product","3":"status-publish","4":"has-post-thumbnail","6":"product_brand-ricoh","7":"product_cat-impresora-monocromaticas","8":"thunk-woo-product-list","9":"opn-qv-enable","10":"open-woo-hover-none","11":"open-single-product-tab-horizontal","12":"open-shadow-","13":"open-shadow-hover-","15":"first","16":"instock","17":"taxable","18":"shipping-taxable","19":"purchasable","20":"product-type-simple"},"jetpack_sharing_enabled":true,"_links":{"self":[{"href":"https:\/\/techno-rc.com.ar\/tienda\/wp-json\/wp\/v2\/product\/1915","targetHints":{"allow":["GET"]}}],"collection":[{"href":"https:\/\/techno-rc.com.ar\/tienda\/wp-json\/wp\/v2\/product"}],"about":[{"href":"https:\/\/techno-rc.com.ar\/tienda\/wp-json\/wp\/v2\/types\/product"}],"replies":[{"embeddable":true,"href":"https:\/\/techno-rc.com.ar\/tienda\/wp-json\/wp\/v2\/comments?post=1915"}],"wp:featuredmedia":[{"embeddable":true,"href":"https:\/\/techno-rc.com.ar\/tienda\/wp-json\/wp\/v2\/media\/1916"}],"wp:attachment":[{"href":"https:\/\/techno-rc.com.ar\/tienda\/wp-json\/wp\/v2\/media?parent=1915"}],"wp:term":[{"taxonomy":"product_brand","embeddable":true,"href":"https:\/\/techno-rc.com.ar\/tienda\/wp-json\/wp\/v2\/product_brand?post=1915"},{"taxonomy":"product_cat","embeddable":true,"href":"https:\/\/techno-rc.com.ar\/tienda\/wp-json\/wp\/v2\/product_cat?post=1915"},{"taxonomy":"product_tag","embeddable":true,"href":"https:\/\/techno-rc.com.ar\/tienda\/wp-json\/wp\/v2\/product_tag?post=1915"}],"curies":[{"name":"wp","href":"https:\/\/api.w.org\/{rel}","templated":true}]}}