{"id":1931,"date":"2024-08-06T13:18:26","date_gmt":"2024-08-06T16:18:26","guid":{"rendered":"https:\/\/techno-rc.com.ar\/tienda\/?post_type=product&#038;p=1931"},"modified":"2025-06-28T19:39:40","modified_gmt":"2025-06-28T22:39:40","slug":"escaner-epson-ds-c330-con-alimentador-automtico","status":"publish","type":"product","link":"https:\/\/techno-rc.com.ar\/tienda\/producto\/escaner-epson-ds-c330-con-alimentador-automtico\/","title":{"rendered":"ESCANER EPSON DS-C330 con Alimentador Autom?tico"},"content":{"rendered":"<h2>Aspectos Destacados<\/h2>\n<div class=\"details-section-wrapper toggle-text\" data-id=\"B11B272201\" data-description-length=\"500\" data-read-more=\"Leer m\u00e1s\" data-read-less=\"Leer menos\">\n<div class=\"details\">\n<ul>\n<li>Ahorra hasta un 60% de espacio en el escritorio con un dise\u00f1o compacto<sup>1<\/sup><\/li>\n<li>Capture dos lados en una sola pasada a una velocidad de 30 hasta ppm\/60 ipm<sup>3<\/sup><\/li>\n<li>Alimentador autom\u00e1tico de documentos de hasta 20 p\u00e1ginas<\/li>\n<li>Escanee documentos de distintos tama\u00f1os de hasta 8,5&#8243; x 120&#8243;<sup>4<\/sup><\/li>\n<\/ul>\n<\/div>\n<\/div>\n","protected":false},"excerpt":{"rendered":"<p>Aspectos Destacados Ahorra hasta un 60% de espacio en el escritorio con un dise\u00f1o compacto1 Capture dos lados en una sola pasada a una velocidad de 30 hasta ppm\/60 ipm3 Alimentador autom\u00e1tico de documentos de hasta 20 p\u00e1ginas Escanee documentos de distintos tama\u00f1os de hasta 8,5&#8243; x 120&#8243;4<\/p>\n","protected":false},"featured_media":1932,"comment_status":"closed","ping_status":"closed","template":"","meta":{"advanced_seo_description":"","jetpack_seo_html_title":"","jetpack_seo_noindex":false,"_joinchat":[]},"product_brand":[],"product_cat":[20],"product_tag":[],"class_list":{"0":"post-1931","1":"product","2":"type-product","3":"status-publish","4":"has-post-thumbnail","6":"product_cat-escaner","7":"thunk-woo-product-list","8":"opn-qv-enable","9":"open-woo-hover-none","10":"open-single-product-tab-horizontal","11":"open-shadow-","12":"open-shadow-hover-","14":"first","15":"instock","16":"taxable","17":"shipping-taxable","18":"purchasable","19":"product-type-simple"},"jetpack_sharing_enabled":true,"_links":{"self":[{"href":"https:\/\/techno-rc.com.ar\/tienda\/wp-json\/wp\/v2\/product\/1931","targetHints":{"allow":["GET"]}}],"collection":[{"href":"https:\/\/techno-rc.com.ar\/tienda\/wp-json\/wp\/v2\/product"}],"about":[{"href":"https:\/\/techno-rc.com.ar\/tienda\/wp-json\/wp\/v2\/types\/product"}],"replies":[{"embeddable":true,"href":"https:\/\/techno-rc.com.ar\/tienda\/wp-json\/wp\/v2\/comments?post=1931"}],"wp:featuredmedia":[{"embeddable":true,"href":"https:\/\/techno-rc.com.ar\/tienda\/wp-json\/wp\/v2\/media\/1932"}],"wp:attachment":[{"href":"https:\/\/techno-rc.com.ar\/tienda\/wp-json\/wp\/v2\/media?parent=1931"}],"wp:term":[{"taxonomy":"product_brand","embeddable":true,"href":"https:\/\/techno-rc.com.ar\/tienda\/wp-json\/wp\/v2\/product_brand?post=1931"},{"taxonomy":"product_cat","embeddable":true,"href":"https:\/\/techno-rc.com.ar\/tienda\/wp-json\/wp\/v2\/product_cat?post=1931"},{"taxonomy":"product_tag","embeddable":true,"href":"https:\/\/techno-rc.com.ar\/tienda\/wp-json\/wp\/v2\/product_tag?post=1931"}],"curies":[{"name":"wp","href":"https:\/\/api.w.org\/{rel}","templated":true}]}}