{"id":1941,"date":"2024-08-06T13:18:26","date_gmt":"2024-08-06T16:18:26","guid":{"rendered":"https:\/\/techno-rc.com.ar\/tienda\/?post_type=product&#038;p=1941"},"modified":"2025-06-29T14:52:11","modified_gmt":"2025-06-29T17:52:11","slug":"multifuncion-epson-ecotank-m3180","status":"publish","type":"product","link":"https:\/\/techno-rc.com.ar\/tienda\/producto\/multifuncion-epson-ecotank-m3180\/","title":{"rendered":"MULTIFUNCION EPSON ECOTANK M3180"},"content":{"rendered":"<h3 class=\"name\">Compacta multifuncional dise\u00f1ada para aumentar la productividad y reducir costos de su empresa<sup>2<\/sup><\/h3>\n<div class=\"description\">\n<p>&nbsp;<\/p>\n<p>La multifuncional monocrom\u00e1tica para grupos de trabajo y con ADF incorporado EcoTank\u00ae M3180 est\u00e1 dise\u00f1ada para crear impresiones de calidad profesional a un ultra bajo costo para su empresa gracias a la innovadora tecnolog\u00eda de botellas de tinta. Disfrute de impresiones ultra n\u00edtidas gracias a la tecnolog\u00eda PrecisionCore\u00ae y aumente su productividad con las impresoras m\u00e1s r\u00e1pidas de su clase\u2020. F\u00e1cil de integrar a grupos de trabajo de alta productividad con su conectividad WiFi y Ethernet<sup>3<\/sup>.<\/p>\n<p>&nbsp;<\/p>\n<p>&nbsp;<\/p>\n<ul class=\"details\">\n<li>\n<ul class=\"product-attributes\">\n<li style=\"list-style-type: none;\">\n<ul>\n<li>4-en-1: Imprime | Inal\u00e1mbrica | Copia | Escanea |Fax | Ethernet | PCL<sup>1<\/sup><\/li>\n<li>Tinta: Tinta negra pigmentada para impresoras monocrom\u00e1ticas Epson<\/li>\n<li>Velocidad de impresi\u00f3n: 39 ppm, simple\u2020<\/li>\n<\/ul>\n<\/li>\n<\/ul>\n<\/li>\n<\/ul>\n<\/div>\n","protected":false},"excerpt":{"rendered":"<p>Compacta multifuncional dise\u00f1ada para aumentar la productividad y reducir costos de su empresa2 &nbsp; La multifuncional monocrom\u00e1tica para grupos de trabajo y con ADF incorporado EcoTank\u00ae M3180 est\u00e1 dise\u00f1ada para crear impresiones de calidad profesional a un ultra bajo costo para su empresa gracias a la innovadora tecnolog\u00eda de botellas de tinta. Disfrute de impresiones &hellip;<\/p>\n<p class=\"read-more\"> <a class=\" thunk-readmore button \" href=\"https:\/\/techno-rc.com.ar\/tienda\/producto\/multifuncion-epson-ecotank-m3180\/\"> <span class=\"screen-reader-text\">MULTIFUNCION EPSON ECOTANK M3180<\/span>Leer m\u00e1s<\/a><\/p>\n","protected":false},"featured_media":1942,"comment_status":"closed","ping_status":"closed","template":"","meta":{"advanced_seo_description":"","jetpack_seo_html_title":"","jetpack_seo_noindex":false,"_joinchat":[]},"product_brand":[28],"product_cat":[19],"product_tag":[],"class_list":{"0":"post-1941","1":"product","2":"type-product","3":"status-publish","4":"has-post-thumbnail","6":"product_brand-epson","7":"product_cat-multifunciones-monocromaticas","8":"thunk-woo-product-list","9":"opn-qv-enable","10":"open-woo-hover-none","11":"open-single-product-tab-horizontal","12":"open-shadow-","13":"open-shadow-hover-","15":"first","16":"instock","17":"taxable","18":"shipping-taxable","19":"purchasable","20":"product-type-simple"},"jetpack_sharing_enabled":true,"_links":{"self":[{"href":"https:\/\/techno-rc.com.ar\/tienda\/wp-json\/wp\/v2\/product\/1941","targetHints":{"allow":["GET"]}}],"collection":[{"href":"https:\/\/techno-rc.com.ar\/tienda\/wp-json\/wp\/v2\/product"}],"about":[{"href":"https:\/\/techno-rc.com.ar\/tienda\/wp-json\/wp\/v2\/types\/product"}],"replies":[{"embeddable":true,"href":"https:\/\/techno-rc.com.ar\/tienda\/wp-json\/wp\/v2\/comments?post=1941"}],"wp:featuredmedia":[{"embeddable":true,"href":"https:\/\/techno-rc.com.ar\/tienda\/wp-json\/wp\/v2\/media\/1942"}],"wp:attachment":[{"href":"https:\/\/techno-rc.com.ar\/tienda\/wp-json\/wp\/v2\/media?parent=1941"}],"wp:term":[{"taxonomy":"product_brand","embeddable":true,"href":"https:\/\/techno-rc.com.ar\/tienda\/wp-json\/wp\/v2\/product_brand?post=1941"},{"taxonomy":"product_cat","embeddable":true,"href":"https:\/\/techno-rc.com.ar\/tienda\/wp-json\/wp\/v2\/product_cat?post=1941"},{"taxonomy":"product_tag","embeddable":true,"href":"https:\/\/techno-rc.com.ar\/tienda\/wp-json\/wp\/v2\/product_tag?post=1941"}],"curies":[{"name":"wp","href":"https:\/\/api.w.org\/{rel}","templated":true}]}}