{"id":1946,"date":"2024-08-06T13:18:26","date_gmt":"2024-08-06T16:18:26","guid":{"rendered":"https:\/\/techno-rc.com.ar\/tienda\/?post_type=product&#038;p=1946"},"modified":"2025-06-29T14:52:06","modified_gmt":"2025-06-29T17:52:06","slug":"impresora-epson-m1180-220v-ecotank","status":"publish","type":"product","link":"https:\/\/techno-rc.com.ar\/tienda\/producto\/impresora-epson-m1180-220v-ecotank\/","title":{"rendered":"IMPRESORA EPSON M1180 (220V) ECOTANK"},"content":{"rendered":"<h2>Descripci\u00f3n<\/h2>\n<ul>\n<li><strong>Tecnolog\u00eda de impresi\u00f3n InkJet.<\/strong><\/li>\n<li><strong>Velocidad de Impresi\u00f3n:\u00a0<\/strong>39 p\u00e1ginas por minuto.<\/li>\n<li><strong>Impresi\u00f3n D\u00faplex autom\u00e1tica:\u00a0<\/strong>Si.<\/li>\n<li class=\"col-md-6 feature-head\"><b>Conectividad inal\u00e1mbrica<\/b>.<\/li>\n<li class=\"col-md-6 feature-head\"><strong>Tama\u00f1o m\u00e1ximo de impresi\u00f3n:\u00a0<\/strong>A4 \/ Oficio.<\/li>\n<\/ul>\n<p><a href=\"https:\/\/sgsoluciones.com.ar\/woo\/wp-content\/uploads\/2021\/10\/Impresora-Epson-en-byn-EcoTank-M1180.pdf\">Descargar brochure<\/a><\/p>\n","protected":false},"excerpt":{"rendered":"<p>Descripci\u00f3n Tecnolog\u00eda de impresi\u00f3n InkJet. Velocidad de Impresi\u00f3n:\u00a039 p\u00e1ginas por minuto. Impresi\u00f3n D\u00faplex autom\u00e1tica:\u00a0Si. Conectividad inal\u00e1mbrica. Tama\u00f1o m\u00e1ximo de impresi\u00f3n:\u00a0A4 \/ Oficio. Descargar brochure<\/p>\n","protected":false},"featured_media":1947,"comment_status":"closed","ping_status":"closed","template":"","meta":{"advanced_seo_description":"","jetpack_seo_html_title":"","jetpack_seo_noindex":false,"_joinchat":[]},"product_brand":[28],"product_cat":[18],"product_tag":[],"class_list":{"0":"post-1946","1":"product","2":"type-product","3":"status-publish","4":"has-post-thumbnail","6":"product_brand-epson","7":"product_cat-impresora-monocromaticas","8":"thunk-woo-product-list","9":"opn-qv-enable","10":"open-woo-hover-none","11":"open-single-product-tab-horizontal","12":"open-shadow-","13":"open-shadow-hover-","15":"first","16":"instock","17":"taxable","18":"shipping-taxable","19":"purchasable","20":"product-type-simple"},"jetpack_sharing_enabled":true,"_links":{"self":[{"href":"https:\/\/techno-rc.com.ar\/tienda\/wp-json\/wp\/v2\/product\/1946","targetHints":{"allow":["GET"]}}],"collection":[{"href":"https:\/\/techno-rc.com.ar\/tienda\/wp-json\/wp\/v2\/product"}],"about":[{"href":"https:\/\/techno-rc.com.ar\/tienda\/wp-json\/wp\/v2\/types\/product"}],"replies":[{"embeddable":true,"href":"https:\/\/techno-rc.com.ar\/tienda\/wp-json\/wp\/v2\/comments?post=1946"}],"wp:featuredmedia":[{"embeddable":true,"href":"https:\/\/techno-rc.com.ar\/tienda\/wp-json\/wp\/v2\/media\/1947"}],"wp:attachment":[{"href":"https:\/\/techno-rc.com.ar\/tienda\/wp-json\/wp\/v2\/media?parent=1946"}],"wp:term":[{"taxonomy":"product_brand","embeddable":true,"href":"https:\/\/techno-rc.com.ar\/tienda\/wp-json\/wp\/v2\/product_brand?post=1946"},{"taxonomy":"product_cat","embeddable":true,"href":"https:\/\/techno-rc.com.ar\/tienda\/wp-json\/wp\/v2\/product_cat?post=1946"},{"taxonomy":"product_tag","embeddable":true,"href":"https:\/\/techno-rc.com.ar\/tienda\/wp-json\/wp\/v2\/product_tag?post=1946"}],"curies":[{"name":"wp","href":"https:\/\/api.w.org\/{rel}","templated":true}]}}