{"id":1963,"date":"2024-08-06T13:18:27","date_gmt":"2024-08-06T16:18:27","guid":{"rendered":"https:\/\/techno-rc.com.ar\/tienda\/?post_type=product&#038;p=1963"},"modified":"2025-06-28T19:39:39","modified_gmt":"2025-06-28T22:39:39","slug":"escaner-epson-ds-1630-cama-plana","status":"publish","type":"product","link":"https:\/\/techno-rc.com.ar\/tienda\/producto\/escaner-epson-ds-1630-cama-plana\/","title":{"rendered":"ESCANER EPSON DS-1630 CAMA PLANA"},"content":{"rendered":"<h3 class=\"name\">Esc\u00e1ner vers\u00e1til para una eficiente administraci\u00f3n de documentos<\/h3>\n<div class=\"description\">\n<p>El esc\u00e1ner DS-1630 es ideal para usuarios independientes o grupos de trabajo que buscan acelerar su trabajo diario y aumentar su productividad.\u00a0 La combinaci\u00f3n de una cama plana y ADF de 50 p\u00e1ginas hacen de este producto la soluci\u00f3n ideal para pr\u00e1cticamente cualquier situaci\u00f3n. Es posible escanear lotes de documentos de dimensiones de hasta 8.5\u201d x 14\u201d con el ADF, o bien escanear identificaciones, pasaportes, libretas, art\u00edculos delicados y m\u00e1s, usando la cama plana. El esc\u00e1ner DS-1630 ofrece una velocidad de hasta 25 ppm<sup>1<\/sup>, capacidad d\u00faplex autom\u00e1tica, e incluso cuenta con los drivers TWAIN e ISIS\u00ae que permiten una integraci\u00f3n sencilla con sistemas de administraci\u00f3n de documentos ya existentes. Puede utilizar los botones directos para escanear a una PC, Mac\u00ae o servicios de administraci\u00f3n de datos como Dropbox\u00ae o Google DriveTM. Adem\u00e1s, cuenta con herramientas avanzadas como el software Epson Document Capture Pro.<\/p>\n<p><a href=\"https:\/\/mediaserver.goepson.com\/ImConvServlet\/imconv\/30a72fb5ef39e66b371d17e0bf528dcb1cfd769d\/original\">Descargar brochure<\/a><\/p>\n<ul class=\"details\">\n<li>\n<ul class=\"product-attributes\">\n<li style=\"list-style-type: none;\">\n<ul>\n<li>Esc\u00e1ner de cama plana A4 con alimentador autom\u00e1tico de documentos de 50 hojas<\/li>\n<li>Resoluci\u00f3n \u00f3ptica: 1200 dpi<\/li>\n<li>Velocidad: 25 ppm \/ 10 ipm<sup>1<\/sup><\/li>\n<\/ul>\n<\/li>\n<\/ul>\n<\/li>\n<\/ul>\n<\/div>\n","protected":false},"excerpt":{"rendered":"<p>Esc\u00e1ner vers\u00e1til para una eficiente administraci\u00f3n de documentos El esc\u00e1ner DS-1630 es ideal para usuarios independientes o grupos de trabajo que buscan acelerar su trabajo diario y aumentar su productividad.\u00a0 La combinaci\u00f3n de una cama plana y ADF de 50 p\u00e1ginas hacen de este producto la soluci\u00f3n ideal para pr\u00e1cticamente cualquier situaci\u00f3n. Es posible escanear &hellip;<\/p>\n<p class=\"read-more\"> <a class=\" thunk-readmore button \" href=\"https:\/\/techno-rc.com.ar\/tienda\/producto\/escaner-epson-ds-1630-cama-plana\/\"> <span class=\"screen-reader-text\">ESCANER EPSON DS-1630 CAMA PLANA<\/span>Leer m\u00e1s<\/a><\/p>\n","protected":false},"featured_media":1964,"comment_status":"closed","ping_status":"closed","template":"","meta":{"advanced_seo_description":"","jetpack_seo_html_title":"","jetpack_seo_noindex":false,"_joinchat":[]},"product_brand":[],"product_cat":[20],"product_tag":[],"class_list":{"0":"post-1963","1":"product","2":"type-product","3":"status-publish","4":"has-post-thumbnail","6":"product_cat-escaner","7":"thunk-woo-product-list","8":"opn-qv-enable","9":"open-woo-hover-none","10":"open-single-product-tab-horizontal","11":"open-shadow-","12":"open-shadow-hover-","14":"first","15":"instock","16":"taxable","17":"shipping-taxable","18":"purchasable","19":"product-type-simple"},"jetpack_sharing_enabled":true,"_links":{"self":[{"href":"https:\/\/techno-rc.com.ar\/tienda\/wp-json\/wp\/v2\/product\/1963","targetHints":{"allow":["GET"]}}],"collection":[{"href":"https:\/\/techno-rc.com.ar\/tienda\/wp-json\/wp\/v2\/product"}],"about":[{"href":"https:\/\/techno-rc.com.ar\/tienda\/wp-json\/wp\/v2\/types\/product"}],"replies":[{"embeddable":true,"href":"https:\/\/techno-rc.com.ar\/tienda\/wp-json\/wp\/v2\/comments?post=1963"}],"wp:featuredmedia":[{"embeddable":true,"href":"https:\/\/techno-rc.com.ar\/tienda\/wp-json\/wp\/v2\/media\/1964"}],"wp:attachment":[{"href":"https:\/\/techno-rc.com.ar\/tienda\/wp-json\/wp\/v2\/media?parent=1963"}],"wp:term":[{"taxonomy":"product_brand","embeddable":true,"href":"https:\/\/techno-rc.com.ar\/tienda\/wp-json\/wp\/v2\/product_brand?post=1963"},{"taxonomy":"product_cat","embeddable":true,"href":"https:\/\/techno-rc.com.ar\/tienda\/wp-json\/wp\/v2\/product_cat?post=1963"},{"taxonomy":"product_tag","embeddable":true,"href":"https:\/\/techno-rc.com.ar\/tienda\/wp-json\/wp\/v2\/product_tag?post=1963"}],"curies":[{"name":"wp","href":"https:\/\/api.w.org\/{rel}","templated":true}]}}