{"id":1987,"date":"2024-08-06T13:18:28","date_gmt":"2024-08-06T16:18:28","guid":{"rendered":"https:\/\/techno-rc.com.ar\/tienda\/?post_type=product&#038;p=1987"},"modified":"2025-06-29T14:53:40","modified_gmt":"2025-06-29T17:53:40","slug":"multifuncion-pantum-laser-m6509nw-monocromatica","status":"publish","type":"product","link":"https:\/\/techno-rc.com.ar\/tienda\/producto\/multifuncion-pantum-laser-m6509nw-monocromatica\/","title":{"rendered":"MULTIFUNCION PANTUM LASER M6509NW MONOCROMATICA"},"content":{"rendered":"<p>DE CONFIANZA<br \/>\n-Volumen mensual m\u00e1x. de 20.000 p\u00e1ginas dentro de su categor\u00eda<br \/>\n-Estructura met\u00e1lica robusta, fuerte y estable<br \/>\n-600MHZ,128MB: procesador m\u00e1s r\u00e1pido y mayor memoria de su categor\u00eda<\/p>\n<p>C\u00d3MODA<br \/>\n-23 PPM\/CPM\/EPM, velocidad m\u00e1xima de impresi\u00f3n, copia y escaneo dentro de su categor\u00eda<br \/>\n-Velocidad de primera p\u00e1gina: menos de 7,8 segundos dentro de su categor\u00eda<br \/>\n-Funci\u00f3n de oficina completa<\/p>\n<p>Imprime, copia, escanea y todo en uno.<br \/>\n-Conectividad wifi, impresi\u00f3n y escaneo m\u00f3vil<br \/>\n-Copia y escaneo f\u00e1cil y r\u00e1pido<br \/>\n-Instalaci\u00f3n en un solo paso<\/p>\n<p>ECOL\u00d3GICA<br \/>\n-Modo de ahorro de energ\u00eda. Ahorre energ\u00eda, genere menos ruido<\/p>\n<p>ECON\u00d3MICA<br \/>\n-Cartucho est\u00e1ndar de rendimiento de 1.600 p\u00e1g.<br \/>\n-Larga vida \u00fatil, bajos costos de funcionamiento<br \/>\n-Tama\u00f1o compacto apto para diferentes escenarios<\/p>\n","protected":false},"excerpt":{"rendered":"<p>DE CONFIANZA -Volumen mensual m\u00e1x. de 20.000 p\u00e1ginas dentro de su categor\u00eda -Estructura met\u00e1lica robusta, fuerte y estable -600MHZ,128MB: procesador m\u00e1s r\u00e1pido y mayor memoria de su categor\u00eda C\u00d3MODA -23 PPM\/CPM\/EPM, velocidad m\u00e1xima de impresi\u00f3n, copia y escaneo dentro de su categor\u00eda -Velocidad de primera p\u00e1gina: menos de 7,8 segundos dentro de su categor\u00eda -Funci\u00f3n &hellip;<\/p>\n<p class=\"read-more\"> <a class=\" thunk-readmore button \" href=\"https:\/\/techno-rc.com.ar\/tienda\/producto\/multifuncion-pantum-laser-m6509nw-monocromatica\/\"> <span class=\"screen-reader-text\">MULTIFUNCION PANTUM LASER M6509NW MONOCROMATICA<\/span>Leer m\u00e1s<\/a><\/p>\n","protected":false},"featured_media":1988,"comment_status":"closed","ping_status":"closed","template":"","meta":{"advanced_seo_description":"","jetpack_seo_html_title":"","jetpack_seo_noindex":false,"_joinchat":[]},"product_brand":[147],"product_cat":[19],"product_tag":[],"class_list":{"0":"post-1987","1":"product","2":"type-product","3":"status-publish","4":"has-post-thumbnail","6":"product_brand-pantum","7":"product_cat-multifunciones-monocromaticas","8":"thunk-woo-product-list","9":"opn-qv-enable","10":"open-woo-hover-none","11":"open-single-product-tab-horizontal","12":"open-shadow-","13":"open-shadow-hover-","15":"first","16":"instock","17":"taxable","18":"shipping-taxable","19":"purchasable","20":"product-type-simple"},"jetpack_sharing_enabled":true,"_links":{"self":[{"href":"https:\/\/techno-rc.com.ar\/tienda\/wp-json\/wp\/v2\/product\/1987","targetHints":{"allow":["GET"]}}],"collection":[{"href":"https:\/\/techno-rc.com.ar\/tienda\/wp-json\/wp\/v2\/product"}],"about":[{"href":"https:\/\/techno-rc.com.ar\/tienda\/wp-json\/wp\/v2\/types\/product"}],"replies":[{"embeddable":true,"href":"https:\/\/techno-rc.com.ar\/tienda\/wp-json\/wp\/v2\/comments?post=1987"}],"wp:featuredmedia":[{"embeddable":true,"href":"https:\/\/techno-rc.com.ar\/tienda\/wp-json\/wp\/v2\/media\/1988"}],"wp:attachment":[{"href":"https:\/\/techno-rc.com.ar\/tienda\/wp-json\/wp\/v2\/media?parent=1987"}],"wp:term":[{"taxonomy":"product_brand","embeddable":true,"href":"https:\/\/techno-rc.com.ar\/tienda\/wp-json\/wp\/v2\/product_brand?post=1987"},{"taxonomy":"product_cat","embeddable":true,"href":"https:\/\/techno-rc.com.ar\/tienda\/wp-json\/wp\/v2\/product_cat?post=1987"},{"taxonomy":"product_tag","embeddable":true,"href":"https:\/\/techno-rc.com.ar\/tienda\/wp-json\/wp\/v2\/product_tag?post=1987"}],"curies":[{"name":"wp","href":"https:\/\/api.w.org\/{rel}","templated":true}]}}