{"id":1998,"date":"2024-08-06T13:18:31","date_gmt":"2024-08-06T16:18:31","guid":{"rendered":"https:\/\/techno-rc.com.ar\/tienda\/?post_type=product&#038;p=1998"},"modified":"2025-06-29T14:49:52","modified_gmt":"2025-06-29T17:49:52","slug":"multifuncion-epson-workforce-pro-wf-6590","status":"publish","type":"product","link":"https:\/\/techno-rc.com.ar\/tienda\/producto\/multifuncion-epson-workforce-pro-wf-6590\/","title":{"rendered":"MULTIFUNCION EPSON WORKFORCE PRO WF-6590"},"content":{"rendered":"<h3>Especificaciones de la Epson WorkForce Pro WF-6590<\/h3>\n<p><b>IMPRESI\u00d3N<\/b><\/p>\n<div>Tecnolog\u00eda de impresi\u00f3nCabezal de impresi\u00f3n PrecisionCore<sup>\u00ae<\/sup>\u00a04S por inyecci\u00f3n de tinta de 4 colores<\/div>\n<div>Lenguaje de impresi\u00f3nEpson ESC\/P<sup>\u00ae<\/sup>-R, emulaci\u00f3n PCL 5<sup>4<\/sup>\u00a0, emulaci\u00f3n PCL 6<sup>4<\/sup>\u00a0, PostScript<sup>\u00ae<\/sup>\u00a03<\/div>\n<div>Resoluci\u00f3n m\u00e1xima de impresi\u00f3n4800 dpi x 1200 dpi optimizados<\/div>\n<div>Velocidad de impresi\u00f3n ISO<sup>\u2020\u00a0 \u00a0<\/sup>24 ppm ISO en negro, 24 ppm ISO en colores<\/div>\n<div>Velocidad de impresi\u00f3n ISO\u00a016 ppm ISO en negro, 16 ppm ISO en colores<\/div>\n<div>en doble cara<sup>\u2020<\/sup><\/div>\n<div>Velocidad m\u00e1xima de impresi\u00f3n<sup>\u2020\u2020<\/sup>\u00a034 ppm en negro, 34 ppm en colores<sup>\u00a0<\/sup><\/div>\n<div>(borrador)<\/div>\n<div>Tama\u00f1o m\u00ednimo de gota de tintaTres tama\u00f1os de gota, desde tan solo 3,7 picolitros<\/div>\n<div>Ciclo de trabajo<sup>3<\/sup>\u00a0mensual m\u00e1ximo\u00a0Hasta 75.000 p\u00e1ginas<\/div>\n<div><\/div>\n<div>\n<div><b>COPIADO<\/b><\/div>\n<\/div>\n<div>Velocidad de copiado ISO<sup>\u2020\u2020\u2020<\/sup>22 ISO cpm en negro, 21 ISO cpm en colores<b><br \/>\n<\/b><\/div>\n<div>Calidad de copiaEn colores: est\u00e1ndar, en blanco y negro: mejor<\/div>\n<div>Cantidad de copias1-999 (sin PC)<\/div>\n<div>Tama\u00f1o m\u00e1ximo de copia21,6 cm x 35,6 cm<\/div>\n<div>Funciones de copiadoAutom\u00e1tico de doble cara, vista previa, cambio de tama\u00f1o,<\/div>\n<div>intercalaci\u00f3n,\u00a0densidad de copia ajustable<\/div>\n<div><b>\u00a0<\/b><\/div>\n<div><b>ESCANEO<\/b><b><br \/>\n<\/b><\/div>\n<div>Tipo de esc\u00e1nerColor con cama plana, ADF autom\u00e1tico de doble cara<b><br \/>\n<\/b><\/div>\n<div>Dispositivo fotoel\u00e9ctricoSensor de l\u00edneas ColorCIS<\/div>\n<div>Tama\u00f1o de cama de escaneo21,6 cm x 35,6 cm<\/div>\n<div>Resoluci\u00f3n \u00f3ptica1.200 dpi<\/div>\n<div>Resoluci\u00f3n de hardware1.200 dpi x 2.400 dpi<\/div>\n<div>Resoluci\u00f3n m\u00e1xima9.600 dpi x 9.600 x dpi interpolados<\/div>\n<div>Profundidad de bits del esc\u00e1nerEntrada de colores: 30 bits, salida de colores: 24 bits<\/div>\n<div>Funciones de escaneoEscaneo a PC mediante Document Capture Pro\u00ae, escaneo\u00a0a la nube7<\/div>\n<div>(inclusive correo electr\u00f3nico), dispositivo de memoria, archivos PDF<\/div>\n<div>protegidos\u00a0por contrase\u00f1a, libreta de direcciones mediante LDAP<\/div>\n<div><\/div>\n<div><b>FAXEO<\/b><b><br \/>\n<\/b><\/div>\n<div>Especificaciones del faxBlanco y negro, y color\u00a0<b><br \/>\n<\/b><\/div>\n<div>M\u00f3dem: 33,6 kbps; hasta 3 segundos por p\u00e1gina<\/div>\n<div>Memoria: hasta 550 p\u00e1ginas<\/div>\n<div>Memoria de marcaci\u00f3n r\u00e1pida: 200 (m\u00e1x.)<\/div>\n<div>Fax desde PC<\/div>\n<div><\/div>\n<div><b>SEGURIDAD<\/b><\/div>\n<div>Funciones de seguridadCertificaci\u00f3n de n\u00famero de PIN para liberaci\u00f3n de tareas, acceso de<\/div>\n<div>usuario\u00a0de control, ajustes de impresora y de red a trav\u00e9s de la web<\/div>\n<div>usando\u00a0a direcci\u00f3n IP de la impresora, seguridad SSL\/TLS, IPsec<\/div>\n<div><\/div>\n<div><b>CONECTIVIDAD<\/b><\/div>\n<div>Conectividad est\u00e1ndar<sup>\u00a0\u00a0<\/sup>USB de alta velocidad (compatible con la especificaci\u00f3n USB 2.0)<\/div>\n<div>Norma IEEE de LAN inal\u00e1mbrica (802.11 b\/g\/n)<sup>5<\/sup><\/div>\n<div>Ethernet cableada (1000 Base-T\/100 Base-TX\/10 Base-T)<\/div>\n<div>Wi-Fi Direct<sup>\u00ae5<\/sup><\/div>\n<div>NFC<sup>12<\/sup><\/div>\n<div>Protocolos de redTCP\/IP v4\/v6<\/div>\n<div>Protocolos de impresi\u00f3n en redIPP, LDP, Port 9100, WSD<\/div>\n<div>Protocolos de gesti\u00f3n de redesSNMP, HTTP, DHCP, BOOTP, APIPA, DDNS, mDNS, SNTP, Ping, SLP<\/div>\n<div>WSD, LLTD<\/div>\n<div>Seguridad WLANWEP de 64 bits, WEP de 128 bits, WPA PSK (AES)<\/div>\n<div>Sistemas operativosWindows<sup>\u00ae<\/sup>\u00a010 (32 bits, 64 bits), Windows<sup>\u00ae<\/sup>\u00a08.x (32 bits, 64 bits), Windows<sup>\u00ae<\/sup>\u00a07<\/div>\n<div>(32 bits, 64 bits), Windows Vista<sup>TM<\/sup>\u00a0(32 bits, 64 bits), Windows XP<sup>\u00ae<\/sup>\u00a0SP3 (32<\/div>\n<div>bits),\u00a0Windows<sup>\u00ae<\/sup>\u00a0XP Professional x64 Edition, Windows Server<sup>\u00ae<\/sup>\u00a02012 R2<sup>8<\/sup>,<\/div>\n<div>Windows\u00a0Server<sup>\u00ae<\/sup>\u00a02012<sup>8<\/sup>, Windows Server<sup>\u00ae<\/sup>\u00a02008 R2<sup>8<\/sup>, Windows Server<sup>\u00ae<\/sup><\/div>\n<div>2008<sup>8<\/sup>, Windows\u00a0Server<sup>\u00ae<\/sup>\u00a02003 R2<sup>8<\/sup>, Windows Server<sup>\u00ae<\/sup>\u00a02003<sup>8<\/sup>, Mac OS X<sup>\u00ae<\/sup><\/div>\n<div>10.6.x,\u00a0Mac OS<sup>\u00ae<\/sup>\u00a010.11.x<sup>9<\/sup>, Mac OS X<sup>\u00ae<\/sup>\u00a0Server<sup>9<\/sup><\/div>\n<div><\/div>\n<div><b>IMPRESI\u00d3N M\u00d3VIL<\/b><\/div>\n<div>Epson Connect<sup>TM6<\/sup>Epson Email Print<sup>\u00ae<\/sup>, Epson iPrint&#x2122; Mobile App, Epson Remote Print<\/div>\n<div>OtrosApple AirPrint<sup>\u00ae<\/sup>, Google Cloud Print&#x2122;<\/div>\n<div><\/div>\n<div><\/div>\n<div><b>MANEJO DE PAPEL<\/b><sup><br \/>\n<\/sup><\/div>\n<div>Soporte de papel sin PCPapel com\u00fan (carta, oficio, A4), fotos (carta, A4, 20,3 cm x 25,4 cm,<\/div>\n<div>12,7 cm x\u00a010,2 cm x 15,2 cm)<\/div>\n<div>Tama\u00f1o m\u00e1ximo21,6 cm x 119,9 cm<\/div>\n<div>Tama\u00f1os de papel8,9 cm x 12,7 cm, 10,2 cm x 15,2 cm, 12,5 cm x 17,8 cm, 20,3 cm<\/div>\n<div>x 25,4 cm,\u00a021,6 cm x 27,9 cm, 21,6 cm x 35,6 cm, A4, A6, media carta,<\/div>\n<div>ejecutivo,\u00a0definible por el usuario (8,9\u00a8 &#8211; 119,9\u00a8 de largo)<\/div>\n<div>Tipos de papel<sup>4<\/sup>Papel com\u00fan, Epson Bright White (blanco luminoso), Epson Presentation<\/div>\n<div>Paper Matte\u00a0presentaci\u00f3n mate), Epson Premium Presentation Paper<\/div>\n<div>Matte (presentaci\u00f3n mate\u00a0superior), Epson Premium Presentation Paper<\/div>\n<div>Matte Double-sided (presentaci\u00f3n mate\u00a0superior doble cara), Epson Photo<\/div>\n<div>Paper Glossy (brillante para fotos), Epson Premium\u00a0Photo Paper Glossy<\/div>\n<div>(brillante para fotos superior), Epson Ultra Premium Photo Paper\u00a0Glossy<\/div>\n<div>(brillante para fotos ultrasuperior), Epson Premium Photo Paper Semi-gloss<\/div>\n<div>semibrillante para fotos superior), Epson Ultra Premium Photo Paper Luster<\/div>\n<div>(lustrado\u00a0para fotos ultrasuperior)<\/div>\n<div><\/div>\n<div><b>MANEJO DE PAPEL\u00a0 (CONT.)<\/b><\/div>\n<div>Tipos de sobresN.\u00ba 10; papel corriente, papel bond, correo a\u00e9reo<\/div>\n<div>Capacidad de entrada de papel500 hojas de papel com\u00fan (500 hojas de papel com\u00fan x 1 bandeja)<\/div>\n<div>Alimentador posterior: 80 hojas (1.580 hojas en total, con dos bandejas<\/div>\n<div>de papel de 500 hojas opcionales), 10 sobres<\/div>\n<div>Alimentador autom\u00e1tico50 hojas<\/div>\n<div>de documentos<\/div>\n<div><\/div>\n<div><b>GENERAL<\/b><\/div>\n<div>Pantalla\u00a0T\u00e1ctil de colores de 4,3&#8243; (10,9 cm)<b><br \/>\n<\/b><\/div>\n<div>TemperaturaFuncionamiento: 50 \u00b0F a 95 \u00b0F (10 \u00b0C a 35 \u00b0C)<\/div>\n<div>Almacenamiento: -4 \u00b0F a 104 \u00b0F (-20 \u00baC a 40 \u00b0C)<\/div>\n<div>Humedad relativaFuncionamiento: 20% &#8211; 80%<\/div>\n<div>Almacenamiento: 5% &#8211; 85% (sin condensaci\u00f3n)<\/div>\n<div>Nivel de sonidoPotencia: 6,5 dB(A)<\/div>\n<div>Presi\u00f3n: 50 dB(A)<\/div>\n<div>Voltaje nominal100 VCA &#8211; 240 VCA universal (autom\u00e1tico)<\/div>\n<div>Frecuencia nominal50 Hz &#8211; 60 Hz<\/div>\n<div>Corriente nominal1,2 A \u2013 0,6 A<\/div>\n<div>Consumo de energ\u00eda39 W ISO 24712 (impresi\u00f3n de copia independiente)<\/div>\n<div>(aproximado)17 W (en espera)<\/div>\n<div>2,4 W (en suspensi\u00f3n)<\/div>\n<div>0,5 W (apagada)<\/div>\n","protected":false},"excerpt":{"rendered":"<p>Especificaciones de la Epson WorkForce Pro WF-6590 IMPRESI\u00d3N Tecnolog\u00eda de impresi\u00f3nCabezal de impresi\u00f3n PrecisionCore\u00ae\u00a04S por inyecci\u00f3n de tinta de 4 colores Lenguaje de impresi\u00f3nEpson ESC\/P\u00ae-R, emulaci\u00f3n PCL 54\u00a0, emulaci\u00f3n PCL 64\u00a0, PostScript\u00ae\u00a03 Resoluci\u00f3n m\u00e1xima de impresi\u00f3n4800 dpi x 1200 dpi optimizados Velocidad de impresi\u00f3n ISO\u2020\u00a0 \u00a024 ppm ISO en negro, 24 ppm ISO en colores &hellip;<\/p>\n<p class=\"read-more\"> <a class=\" thunk-readmore button \" href=\"https:\/\/techno-rc.com.ar\/tienda\/producto\/multifuncion-epson-workforce-pro-wf-6590\/\"> <span class=\"screen-reader-text\">MULTIFUNCION EPSON WORKFORCE PRO WF-6590<\/span>Leer m\u00e1s<\/a><\/p>\n","protected":false},"featured_media":1999,"comment_status":"closed","ping_status":"closed","template":"","meta":{"advanced_seo_description":"","jetpack_seo_html_title":"","jetpack_seo_noindex":false,"_joinchat":[]},"product_brand":[28],"product_cat":[22],"product_tag":[],"class_list":{"0":"post-1998","1":"product","2":"type-product","3":"status-publish","4":"has-post-thumbnail","6":"product_brand-epson","7":"product_cat-multifunciones-color","8":"thunk-woo-product-list","9":"opn-qv-enable","10":"open-woo-hover-none","11":"open-single-product-tab-horizontal","12":"open-shadow-","13":"open-shadow-hover-","15":"first","16":"instock","17":"taxable","18":"shipping-taxable","19":"purchasable","20":"product-type-simple"},"jetpack_sharing_enabled":true,"_links":{"self":[{"href":"https:\/\/techno-rc.com.ar\/tienda\/wp-json\/wp\/v2\/product\/1998","targetHints":{"allow":["GET"]}}],"collection":[{"href":"https:\/\/techno-rc.com.ar\/tienda\/wp-json\/wp\/v2\/product"}],"about":[{"href":"https:\/\/techno-rc.com.ar\/tienda\/wp-json\/wp\/v2\/types\/product"}],"replies":[{"embeddable":true,"href":"https:\/\/techno-rc.com.ar\/tienda\/wp-json\/wp\/v2\/comments?post=1998"}],"wp:featuredmedia":[{"embeddable":true,"href":"https:\/\/techno-rc.com.ar\/tienda\/wp-json\/wp\/v2\/media\/1999"}],"wp:attachment":[{"href":"https:\/\/techno-rc.com.ar\/tienda\/wp-json\/wp\/v2\/media?parent=1998"}],"wp:term":[{"taxonomy":"product_brand","embeddable":true,"href":"https:\/\/techno-rc.com.ar\/tienda\/wp-json\/wp\/v2\/product_brand?post=1998"},{"taxonomy":"product_cat","embeddable":true,"href":"https:\/\/techno-rc.com.ar\/tienda\/wp-json\/wp\/v2\/product_cat?post=1998"},{"taxonomy":"product_tag","embeddable":true,"href":"https:\/\/techno-rc.com.ar\/tienda\/wp-json\/wp\/v2\/product_tag?post=1998"}],"curies":[{"name":"wp","href":"https:\/\/api.w.org\/{rel}","templated":true}]}}