{"id":2000,"date":"2024-08-06T13:18:31","date_gmt":"2024-08-06T16:18:31","guid":{"rendered":"https:\/\/techno-rc.com.ar\/tienda\/?post_type=product&#038;p=2000"},"modified":"2025-06-29T14:49:47","modified_gmt":"2025-06-29T17:49:47","slug":"impresora-epson-workforce-pro-wf-m5299-mono","status":"publish","type":"product","link":"https:\/\/techno-rc.com.ar\/tienda\/producto\/impresora-epson-workforce-pro-wf-m5299-mono\/","title":{"rendered":"IMPRESORA EPSON WORKFORCE PRO WF-M5299 MONO"},"content":{"rendered":"<h3 class=\"name\">La impresora monocrom\u00e1tica m\u00e1s economica en su clase<sup>2<\/sup><\/h3>\n<div class=\"description\">\n<p>&nbsp;<\/p>\n<p>La WorkForce<sup>\u00ae<\/sup>\u00a0WF-M5299, con tecnolog\u00eda de PrecisionCore<sup>\u00ae<\/sup>, ofrece una impresora compacta con hasta un 60 por ciento menos de costos de impresi\u00f3n que las impresoras l\u00e1ser monocrom\u00e1ticas3. Con un rendimiento de hasta 40.000 p\u00e1ginas4, la WF-M5299 incluye un innovador sistema de bolsa de tinta reemplazable para minimizar las intervenciones. Dise\u00f1ado para las necesidades de su departamento de trabajo, imprima documentos de calidad profesional a 24 ppm ISO (negro)<sup>6<\/sup>. La configuraci\u00f3n de red y de seguridad permiten una integraci\u00f3n sencilla para los equipos de IT. La WF-M5299 admite redes cableadas e inal\u00e1mbricas, adem\u00e1s de PCL1 y PostScript<sup>\u00ae<\/sup>\u00a03&#x2122;.<\/p>\n<p>&nbsp;<\/p>\n<p>&nbsp;<\/p>\n<ul class=\"details\">\n<li>\n<ul class=\"product-attributes\">\n<li style=\"list-style-type: none;\">\n<ul>\n<li><strong>Funciones:<\/strong>\u00a0Impresora Blanco y Negro con Wireless\/Ethernet &amp; PCL<sup>1<\/sup>\/PS<\/li>\n<li><strong>Tinta:<\/strong>\u00a0DURABrite<sup>\u00ae<\/sup>\u00a0Ultra, tinta de pigmento resistente al agua, las manchas y la decoloraci\u00f3n<\/li>\n<li><strong>Velocidad de impresi\u00f3n:<\/strong>\u00a034 ppm (negro)<sup>17<\/sup><\/li>\n<\/ul>\n<\/li>\n<\/ul>\n<\/li>\n<\/ul>\n<\/div>\n","protected":false},"excerpt":{"rendered":"<p>La impresora monocrom\u00e1tica m\u00e1s economica en su clase2 &nbsp; La WorkForce\u00ae\u00a0WF-M5299, con tecnolog\u00eda de PrecisionCore\u00ae, ofrece una impresora compacta con hasta un 60 por ciento menos de costos de impresi\u00f3n que las impresoras l\u00e1ser monocrom\u00e1ticas3. Con un rendimiento de hasta 40.000 p\u00e1ginas4, la WF-M5299 incluye un innovador sistema de bolsa de tinta reemplazable para minimizar &hellip;<\/p>\n<p class=\"read-more\"> <a class=\" thunk-readmore button \" href=\"https:\/\/techno-rc.com.ar\/tienda\/producto\/impresora-epson-workforce-pro-wf-m5299-mono\/\"> <span class=\"screen-reader-text\">IMPRESORA EPSON WORKFORCE PRO WF-M5299 MONO<\/span>Leer m\u00e1s<\/a><\/p>\n","protected":false},"featured_media":2001,"comment_status":"closed","ping_status":"closed","template":"","meta":{"advanced_seo_description":"","jetpack_seo_html_title":"","jetpack_seo_noindex":false,"_joinchat":[]},"product_brand":[28],"product_cat":[18],"product_tag":[],"class_list":{"0":"post-2000","1":"product","2":"type-product","3":"status-publish","4":"has-post-thumbnail","6":"product_brand-epson","7":"product_cat-impresora-monocromaticas","8":"thunk-woo-product-list","9":"opn-qv-enable","10":"open-woo-hover-none","11":"open-single-product-tab-horizontal","12":"open-shadow-","13":"open-shadow-hover-","15":"first","16":"instock","17":"taxable","18":"shipping-taxable","19":"purchasable","20":"product-type-simple"},"jetpack_sharing_enabled":true,"_links":{"self":[{"href":"https:\/\/techno-rc.com.ar\/tienda\/wp-json\/wp\/v2\/product\/2000","targetHints":{"allow":["GET"]}}],"collection":[{"href":"https:\/\/techno-rc.com.ar\/tienda\/wp-json\/wp\/v2\/product"}],"about":[{"href":"https:\/\/techno-rc.com.ar\/tienda\/wp-json\/wp\/v2\/types\/product"}],"replies":[{"embeddable":true,"href":"https:\/\/techno-rc.com.ar\/tienda\/wp-json\/wp\/v2\/comments?post=2000"}],"wp:featuredmedia":[{"embeddable":true,"href":"https:\/\/techno-rc.com.ar\/tienda\/wp-json\/wp\/v2\/media\/2001"}],"wp:attachment":[{"href":"https:\/\/techno-rc.com.ar\/tienda\/wp-json\/wp\/v2\/media?parent=2000"}],"wp:term":[{"taxonomy":"product_brand","embeddable":true,"href":"https:\/\/techno-rc.com.ar\/tienda\/wp-json\/wp\/v2\/product_brand?post=2000"},{"taxonomy":"product_cat","embeddable":true,"href":"https:\/\/techno-rc.com.ar\/tienda\/wp-json\/wp\/v2\/product_cat?post=2000"},{"taxonomy":"product_tag","embeddable":true,"href":"https:\/\/techno-rc.com.ar\/tienda\/wp-json\/wp\/v2\/product_tag?post=2000"}],"curies":[{"name":"wp","href":"https:\/\/api.w.org\/{rel}","templated":true}]}}