{"id":2419,"date":"2025-04-29T16:09:19","date_gmt":"2025-04-29T19:09:19","guid":{"rendered":"https:\/\/techno-rc.com.ar\/tienda\/?post_type=product&#038;p=2419"},"modified":"2025-06-28T19:35:57","modified_gmt":"2025-06-28T22:35:57","slug":"falcon-series-headphones-con-microfono-negro","status":"publish","type":"product","link":"https:\/\/techno-rc.com.ar\/tienda\/producto\/falcon-series-headphones-con-microfono-negro\/","title":{"rendered":"Falcon series Headphones con microfono Negro"},"content":{"rendered":"<h5 class=\"mb-4\">Caracter\u00edsticas<\/h5>\n<p class=\"mb-2\">Los Falcon Series Headphones con Micr\u00f3fono combinan un dise\u00f1o c\u00f3modo con un rendimiento de sonido superior. Con un marco plegable y copas suaves para los o\u00eddos, estos auriculares est\u00e1n dise\u00f1ados para ser transportados f\u00e1cilmente y usarse durante largas sesiones. Compatibles con la mayor\u00eda de los dispositivos AUX, ofrecen llamadas manos libres de alta calidad y un sonido claro y envolvente.<\/p>\n<ul>\n<li>\n<h5>Tama\u00f1o del Driver:<\/h5>\n<table class=\"table spec-table\">\n<tbody>\n<tr>\n<th>Tama\u00f1o<\/th>\n<td>40 mm<\/td>\n<\/tr>\n<\/tbody>\n<\/table>\n<\/li>\n<li>\n<h5>Respuesta de Frecuencia:<\/h5>\n<table class=\"table spec-table\">\n<tbody>\n<tr>\n<th>Rango<\/th>\n<td>20 Hz \u2013 20 kHz<\/td>\n<\/tr>\n<\/tbody>\n<\/table>\n<\/li>\n<li>\n<h5>Impedancia:<\/h5>\n<table class=\"table spec-table\">\n<tbody>\n<tr>\n<th>Impedancia<\/th>\n<td>32 \u03a9<\/td>\n<\/tr>\n<\/tbody>\n<\/table>\n<\/li>\n<li>\n<h5>Sensibilidad:<\/h5>\n<table class=\"table spec-table\">\n<tbody>\n<tr>\n<th>Nivel<\/th>\n<td>94 dB \u00b1 3 dB<\/td>\n<\/tr>\n<\/tbody>\n<\/table>\n<\/li>\n<li>\n<h5>Longitud del Cable:<\/h5>\n<table class=\"table spec-table\">\n<tbody>\n<tr>\n<th>Longitud<\/th>\n<td>1.2 m \/ 4 ft<\/td>\n<\/tr>\n<\/tbody>\n<\/table>\n<\/li>\n<\/ul>\n","protected":false},"excerpt":{"rendered":"<p>Caracter\u00edsticas Los Falcon Series Headphones con Micr\u00f3fono combinan un dise\u00f1o c\u00f3modo con un rendimiento de sonido superior. Con un marco plegable y copas suaves para los o\u00eddos, estos auriculares est\u00e1n dise\u00f1ados para ser transportados f\u00e1cilmente y usarse durante largas sesiones. Compatibles con la mayor\u00eda de los dispositivos AUX, ofrecen llamadas manos libres de alta calidad [&hellip;]<\/p>\n","protected":false},"featured_media":2420,"comment_status":"open","ping_status":"closed","template":"","meta":{"advanced_seo_description":"","jetpack_seo_html_title":"","jetpack_seo_noindex":false,"_joinchat":[]},"product_brand":[],"product_cat":[38,33,36],"product_tag":[],"class_list":{"0":"post-2419","1":"product","2":"type-product","3":"status-publish","4":"has-post-thumbnail","6":"product_cat-auriculares","7":"product_cat-insformatica","8":"product_cat-linea-volkano","10":"first","11":"instock","12":"taxable","13":"shipping-taxable","14":"purchasable","15":"product-type-simple"},"jetpack_sharing_enabled":true,"_links":{"self":[{"href":"https:\/\/techno-rc.com.ar\/tienda\/wp-json\/wp\/v2\/product\/2419","targetHints":{"allow":["GET"]}}],"collection":[{"href":"https:\/\/techno-rc.com.ar\/tienda\/wp-json\/wp\/v2\/product"}],"about":[{"href":"https:\/\/techno-rc.com.ar\/tienda\/wp-json\/wp\/v2\/types\/product"}],"replies":[{"embeddable":true,"href":"https:\/\/techno-rc.com.ar\/tienda\/wp-json\/wp\/v2\/comments?post=2419"}],"wp:featuredmedia":[{"embeddable":true,"href":"https:\/\/techno-rc.com.ar\/tienda\/wp-json\/wp\/v2\/media\/2420"}],"wp:attachment":[{"href":"https:\/\/techno-rc.com.ar\/tienda\/wp-json\/wp\/v2\/media?parent=2419"}],"wp:term":[{"taxonomy":"product_brand","embeddable":true,"href":"https:\/\/techno-rc.com.ar\/tienda\/wp-json\/wp\/v2\/product_brand?post=2419"},{"taxonomy":"product_cat","embeddable":true,"href":"https:\/\/techno-rc.com.ar\/tienda\/wp-json\/wp\/v2\/product_cat?post=2419"},{"taxonomy":"product_tag","embeddable":true,"href":"https:\/\/techno-rc.com.ar\/tienda\/wp-json\/wp\/v2\/product_tag?post=2419"}],"curies":[{"name":"wp","href":"https:\/\/api.w.org\/{rel}","templated":true}]}}