{"id":2422,"date":"2025-04-25T11:06:30","date_gmt":"2025-04-25T14:06:30","guid":{"rendered":"https:\/\/techno-rc.com.ar\/tienda\/?post_type=product&#038;p=2422"},"modified":"2025-06-28T19:37:28","modified_gmt":"2025-06-28T22:37:28","slug":"flex-series-sports-tws-earphones-funda","status":"publish","type":"product","link":"https:\/\/techno-rc.com.ar\/tienda\/producto\/flex-series-sports-tws-earphones-funda\/","title":{"rendered":"Flex Series Sports TWS Earphones + Funda"},"content":{"rendered":"<div class=\"col-md-6\">\n<h5 class=\"mb-4\">Caracter\u00edsticas<\/h5>\n<p class=\"mb-2\">Los Flex Series Sports TWS Earphones + Funda son auriculares deportivos dise\u00f1ados para brindar una experiencia de audio sin cables y de alta calidad. Con resistencia al agua IPX4, estos auriculares son perfectos para entrenamientos intensos. Ofrecen hasta 20 horas de reproducci\u00f3n con la funda de carga incluida y son compatibles con asistentes virtuales como Google y Siri, permiti\u00e9ndote estar conectado y en control sin importar d\u00f3nde te encuentres.<\/p>\n<ul>\n<li>Emparejamiento True Wireless (TWS)<\/li>\n<li>Clasificaci\u00f3n IPX4<\/li>\n<li>Hasta 20 horas de reproducci\u00f3n<\/li>\n<li>Compatibilidad con los asistentes virtuales Google &amp; Siri<\/li>\n<\/ul>\n<h5 class=\"mb-3\">Specifications<\/h5>\n<ul>\n<li>\n<h5>Bluetooth:<\/h5>\n<table class=\"table spec-table\">\n<tbody>\n<tr>\n<th>Versi\u00f3n<\/th>\n<td>V5.3<\/td>\n<\/tr>\n<tr>\n<th>Chipset<\/th>\n<td>AC7023<\/td>\n<\/tr>\n<tr>\n<th>Perfiles<\/th>\n<td>A2DP, AVRCP, HFP, HSP<\/td>\n<\/tr>\n<tr>\n<th>Distancia<\/th>\n<td>Hasta 10 m<\/td>\n<\/tr>\n<\/tbody>\n<\/table>\n<\/li>\n<li>\n<h5>Funda de Carga:<\/h5>\n<table class=\"table spec-table\">\n<tbody>\n<tr>\n<th>Bater\u00eda<\/th>\n<td>300 mAh<\/td>\n<\/tr>\n<tr>\n<th>N\u00famero de Cargas<\/th>\n<td>3 \u2013 4 veces<\/td>\n<\/tr>\n<tr>\n<th>Tiempo de Carga<\/th>\n<td>2 Horas<\/td>\n<\/tr>\n<tr>\n<th>Entrada de Carga<\/th>\n<td>DC 5 V, 200 mA<\/td>\n<\/tr>\n<tr>\n<th>Tipo de Puerto de Carga<\/th>\n<td>Tipo-C<\/td>\n<\/tr>\n<tr>\n<th>Relaci\u00f3n Se\u00f1al-Ruido<\/th>\n<td>\u2265102 dB<\/td>\n<\/tr>\n<\/tbody>\n<\/table>\n<\/li>\n<\/ul>\n<\/div>\n<div class=\"col-md-6 pl-md-6\">\n<div class=\"d-flex flex-wrap\">\n<div class=\"icon-box icon-box-side icon-border mb-4 mr-5\">\n<div class=\"icon-box-icon mr-4\">\n<p>&nbsp;<\/p>\n<p>&nbsp;<\/p>\n<p>&nbsp;<\/p>\n<\/div>\n<div class=\"icon-box-content\">\n<h4 class=\"icon-box-title text-normal lh-1 pt-3 ls-s\">1 a\u00f1o de garantia<\/h4>\n<p class=\"icon-box-desc mb-0\">Grantia de verdad<\/p>\n<p>&nbsp;<\/p>\n<\/div>\n<p>&nbsp;<\/p>\n<\/div>\n<\/div>\n<\/div>\n","protected":false},"excerpt":{"rendered":"<p>Caracter\u00edsticas Los Flex Series Sports TWS Earphones + Funda son auriculares deportivos dise\u00f1ados para brindar una experiencia de audio sin cables y de alta calidad. Con resistencia al agua IPX4, estos auriculares son perfectos para entrenamientos intensos. Ofrecen hasta 20 horas de reproducci\u00f3n con la funda de carga incluida y son compatibles con asistentes virtuales &hellip;<\/p>\n<p class=\"read-more\"> <a class=\" thunk-readmore button \" href=\"https:\/\/techno-rc.com.ar\/tienda\/producto\/flex-series-sports-tws-earphones-funda\/\"> <span class=\"screen-reader-text\">Flex Series Sports TWS Earphones + Funda<\/span>Leer m\u00e1s<\/a><\/p>\n","protected":false},"featured_media":2423,"comment_status":"open","ping_status":"closed","template":"","meta":{"advanced_seo_description":"","jetpack_seo_html_title":"","jetpack_seo_noindex":false,"_joinchat":[]},"product_brand":[],"product_cat":[106,33,36],"product_tag":[],"class_list":{"0":"post-2422","1":"product","2":"type-product","3":"status-publish","4":"has-post-thumbnail","6":"product_cat-earphones","7":"product_cat-insformatica","8":"product_cat-linea-volkano","9":"thunk-woo-product-list","10":"opn-qv-enable","11":"open-woo-hover-none","12":"open-single-product-tab-horizontal","13":"open-shadow-","14":"open-shadow-hover-","16":"first","17":"instock","18":"taxable","19":"shipping-taxable","20":"purchasable","21":"product-type-simple"},"jetpack_sharing_enabled":true,"_links":{"self":[{"href":"https:\/\/techno-rc.com.ar\/tienda\/wp-json\/wp\/v2\/product\/2422","targetHints":{"allow":["GET"]}}],"collection":[{"href":"https:\/\/techno-rc.com.ar\/tienda\/wp-json\/wp\/v2\/product"}],"about":[{"href":"https:\/\/techno-rc.com.ar\/tienda\/wp-json\/wp\/v2\/types\/product"}],"replies":[{"embeddable":true,"href":"https:\/\/techno-rc.com.ar\/tienda\/wp-json\/wp\/v2\/comments?post=2422"}],"wp:featuredmedia":[{"embeddable":true,"href":"https:\/\/techno-rc.com.ar\/tienda\/wp-json\/wp\/v2\/media\/2423"}],"wp:attachment":[{"href":"https:\/\/techno-rc.com.ar\/tienda\/wp-json\/wp\/v2\/media?parent=2422"}],"wp:term":[{"taxonomy":"product_brand","embeddable":true,"href":"https:\/\/techno-rc.com.ar\/tienda\/wp-json\/wp\/v2\/product_brand?post=2422"},{"taxonomy":"product_cat","embeddable":true,"href":"https:\/\/techno-rc.com.ar\/tienda\/wp-json\/wp\/v2\/product_cat?post=2422"},{"taxonomy":"product_tag","embeddable":true,"href":"https:\/\/techno-rc.com.ar\/tienda\/wp-json\/wp\/v2\/product_tag?post=2422"}],"curies":[{"name":"wp","href":"https:\/\/api.w.org\/{rel}","templated":true}]}}