{"id":2437,"date":"2025-04-29T16:13:22","date_gmt":"2025-04-29T19:13:22","guid":{"rendered":"https:\/\/techno-rc.com.ar\/tienda\/?post_type=product&#038;p=2437"},"modified":"2025-06-28T19:35:57","modified_gmt":"2025-06-28T22:35:57","slug":"impulse-series-bluetooth-headphones-plateado","status":"publish","type":"product","link":"https:\/\/techno-rc.com.ar\/tienda\/producto\/impulse-series-bluetooth-headphones-plateado\/","title":{"rendered":"Impulse Series Bluetooth Headphones &#8211; Plateado"},"content":{"rendered":"<div class=\" elementor-element elementor-element-0e4e5b0 elementor-widget elementor-widget-riode_sproduct_data_tab\" data-id=\"0e4e5b0\" data-element_type=\"widget\" data-widget_type=\"riode_sproduct_data_tab.default\">\n<div class=\"elementor-widget-container\">\n<div class=\"woocommerce-tabs wc-tabs-wrapper tab tab-nav-simple tab-nav-center\">\n<div id=\"tab-description\" class=\"woocommerce-Tabs-panel woocommerce-Tabs-panel--description panel entry-content wc-tab tab-pane\" role=\"tabpanel\" aria-labelledby=\"tab-title-description\">\n<div class=\"row mt-6\">\n<div class=\"col-md-6\">\n<h5 class=\"mb-4\">Caracter\u00edsticas<\/h5>\n<p class=\"mb-2\">Los Impulse Series Bluetooth Headphones combinan versatilidad y comodidad en un dise\u00f1o plegable. Con una duraci\u00f3n de bater\u00eda de hasta 15 horas, radio FM incorporada, lector de tarjetas Micro SD y conectividad Bluetooth 5.0, estos auriculares son perfectos para cualquier situaci\u00f3n. Disfruta de llamadas manos libres y un sonido claro y potente, ya sea por Bluetooth o mediante la entrada AUX.<\/p>\n<ul>\n<li>Conexi\u00f3n Bluetooth inal\u00e1mbrica<\/li>\n<li>Llamadas manos libres<\/li>\n<li>Radio FM<\/li>\n<li>Lector de tarjetas Micro SD<\/li>\n<li>Modo AUX<\/li>\n<li>Hasta 15 horas de reproducci\u00f3n<\/li>\n<\/ul>\n<h5 class=\"mb-3\">Specifications<\/h5>\n<ul>\n<li>\n<h5>Bluetooth:<\/h5>\n<table class=\"table spec-table\">\n<tbody>\n<tr>\n<th>Versi\u00f3n<\/th>\n<td>V5.0<\/td>\n<\/tr>\n<tr>\n<th>Chipset<\/th>\n<td>JL<\/td>\n<\/tr>\n<tr>\n<th>Perfiles<\/th>\n<td>A2DP \/ AVRCP \/ ACVTP \/ AVDTP<\/td>\n<\/tr>\n<tr>\n<th>Rango<\/th>\n<td>Hasta 10 m \/ 33 ft<\/td>\n<\/tr>\n<\/tbody>\n<\/table>\n<\/li>\n<li>\n<h5>Especificaciones de Audio:<\/h5>\n<table class=\"table spec-table\">\n<tbody>\n<tr>\n<th>Tama\u00f1o del Driver<\/th>\n<td>40 mm<\/td>\n<\/tr>\n<tr>\n<th>Impedancia<\/th>\n<td>32 \u03a9<\/td>\n<\/tr>\n<tr>\n<th>Sensibilidad<\/th>\n<td>120 \u00b13 dB<\/td>\n<\/tr>\n<tr>\n<th>Frecuencia<\/th>\n<td>2.402 \u2013 2.480 GHz<\/td>\n<\/tr>\n<\/tbody>\n<\/table>\n<\/li>\n<li>\n<h5>Carga y Bater\u00eda:<\/h5>\n<table class=\"table spec-table\">\n<tbody>\n<tr>\n<th>Entrada de Carga<\/th>\n<td>5 V DC, 0.5 A<\/td>\n<\/tr>\n<tr>\n<th>Bater\u00eda<\/th>\n<td>500 mAh Li-Ion Polymer<\/td>\n<\/tr>\n<tr>\n<th>Tiempo de Carga<\/th>\n<td>2 \u2013 2.5 Horas<\/td>\n<\/tr>\n<tr>\n<th>Tiempo de Reproducci\u00f3n<\/th>\n<td>12 \u2013 15 Horas<\/td>\n<\/tr>\n<\/tbody>\n<\/table>\n<\/li>\n<\/ul>\n<\/div>\n<div class=\"col-md-6 pl-md-6\">\n<div class=\"d-flex flex-wrap\">\n<div class=\"icon-box icon-box-side icon-border mb-4 mr-5\">\n<div class=\"icon-box-icon mr-4\">\n<p>&nbsp;<\/p>\n<p>&nbsp;<\/p>\n<p>&nbsp;<\/p>\n<\/div>\n<div class=\"icon-box-content\">\n<h4 class=\"icon-box-title text-normal lh-1 pt-3 ls-s\">1 a\u00f1o de garantia<\/h4>\n<p class=\"icon-box-desc mb-0\">Garantia de verdad<\/p>\n<p>&nbsp;<\/p>\n<\/div>\n<p>&nbsp;<\/p>\n<\/div>\n<p>&nbsp;<\/p>\n<\/div>\n<p>&nbsp;<\/p>\n<\/div>\n<\/div>\n<\/div>\n<\/div>\n<\/div>\n<\/div>\n<div class=\" elementor-element elementor-element-5a055d3 elementor-widget elementor-widget-riode_widget_heading\" data-id=\"5a055d3\" data-element_type=\"widget\" data-widget_type=\"riode_widget_heading.default\">\n<div class=\"elementor-widget-container\">\n<div class=\"title-wrapper title-cross title-center\"><\/div>\n<\/div>\n<\/div>\n","protected":false},"excerpt":{"rendered":"<p>Caracter\u00edsticas Los Impulse Series Bluetooth Headphones combinan versatilidad y comodidad en un dise\u00f1o plegable. Con una duraci\u00f3n de bater\u00eda de hasta 15 horas, radio FM incorporada, lector de tarjetas Micro SD y conectividad Bluetooth 5.0, estos auriculares son perfectos para cualquier situaci\u00f3n. Disfruta de llamadas manos libres y un sonido claro y potente, ya sea [&hellip;]<\/p>\n","protected":false},"featured_media":2439,"comment_status":"open","ping_status":"closed","template":"","meta":{"advanced_seo_description":"","jetpack_seo_html_title":"","jetpack_seo_noindex":false,"_joinchat":[]},"product_brand":[],"product_cat":[38,33,36],"product_tag":[],"class_list":{"0":"post-2437","1":"product","2":"type-product","3":"status-publish","4":"has-post-thumbnail","6":"product_cat-auriculares","7":"product_cat-insformatica","8":"product_cat-linea-volkano","10":"first","11":"instock","12":"taxable","13":"shipping-taxable","14":"purchasable","15":"product-type-simple"},"jetpack_sharing_enabled":true,"_links":{"self":[{"href":"https:\/\/techno-rc.com.ar\/tienda\/wp-json\/wp\/v2\/product\/2437","targetHints":{"allow":["GET"]}}],"collection":[{"href":"https:\/\/techno-rc.com.ar\/tienda\/wp-json\/wp\/v2\/product"}],"about":[{"href":"https:\/\/techno-rc.com.ar\/tienda\/wp-json\/wp\/v2\/types\/product"}],"replies":[{"embeddable":true,"href":"https:\/\/techno-rc.com.ar\/tienda\/wp-json\/wp\/v2\/comments?post=2437"}],"wp:featuredmedia":[{"embeddable":true,"href":"https:\/\/techno-rc.com.ar\/tienda\/wp-json\/wp\/v2\/media\/2439"}],"wp:attachment":[{"href":"https:\/\/techno-rc.com.ar\/tienda\/wp-json\/wp\/v2\/media?parent=2437"}],"wp:term":[{"taxonomy":"product_brand","embeddable":true,"href":"https:\/\/techno-rc.com.ar\/tienda\/wp-json\/wp\/v2\/product_brand?post=2437"},{"taxonomy":"product_cat","embeddable":true,"href":"https:\/\/techno-rc.com.ar\/tienda\/wp-json\/wp\/v2\/product_cat?post=2437"},{"taxonomy":"product_tag","embeddable":true,"href":"https:\/\/techno-rc.com.ar\/tienda\/wp-json\/wp\/v2\/product_tag?post=2437"}],"curies":[{"name":"wp","href":"https:\/\/api.w.org\/{rel}","templated":true}]}}