{"id":2460,"date":"2025-04-29T15:12:53","date_gmt":"2025-04-29T18:12:53","guid":{"rendered":"https:\/\/techno-rc.com.ar\/tienda\/?post_type=product&#038;p=2460"},"modified":"2025-06-28T19:36:00","modified_gmt":"2025-06-28T22:36:00","slug":"rhapsody-3-0-series-active-noise-cancelling-bt-headphones","status":"publish","type":"product","link":"https:\/\/techno-rc.com.ar\/tienda\/producto\/rhapsody-3-0-series-active-noise-cancelling-bt-headphones\/","title":{"rendered":"Rhapsody 3.0 Series Active Noise Cancelling BT Headphones"},"content":{"rendered":"<p>Caracter\u00edsticas<br \/>\nLos Rhapsody 3.0 Series Active Noise Cancelling BT Headphones son la opci\u00f3n perfecta para quienes buscan una experiencia de audio inmersiva. Con cancelaci\u00f3n activa de ruido (ANC) y una duraci\u00f3n de bater\u00eda de hasta 50 horas, estos auriculares est\u00e1n dise\u00f1ados para ofrecer un sonido de alta calidad sin interrupciones. Son compatibles con asistentes de voz, lo que permite un control f\u00e1cil y manos libres.<\/p>\n<p>Cancelaci\u00f3n Activa de Ruido (ANC)<br \/>\nHasta 50 horas de reproducci\u00f3n<br \/>\nCompatibilidad con asistentes de voz<br \/>\nEspecificaciones<br \/>\nBluetooth<br \/>\nVersi\u00f3n V5.3<br \/>\nChipset JL 7006<br \/>\nPerfiles HFP, A2DP, AVRCP<br \/>\nDistancia Hasta 10 m<br \/>\nGeneral<br \/>\nBater\u00eda 400 mAh<br \/>\nTiempo de Carga 3 \u2013 4 Horas<br \/>\nEntrada de Carga DC 5 V<br \/>\nTiempo de Reproducci\u00f3n 20 Horas al 50% Vol (ANC Encendido)<br \/>\n50 Horas al 50% Vol (ANC Apagado)<br \/>\n10 Horas al 100% Vol (ANC Encendido)<br \/>\n20 Horas al 100% Vol (ANC Apagado)<br \/>\nAudio<br \/>\nRespuesta de Frecuencia 20 Hz \u2013 20 kHz<br \/>\nTama\u00f1o del Driver 40 mm<br \/>\nImpedancia 32 \u03a9<br \/>\nSensibilidad 115 dB<\/p>\n<p>&nbsp;<\/p>\n<p>1 a\u00f1o de garantia<br \/>\nGrantia de verdad<\/p>\n<p>&nbsp;<\/p>\n","protected":false},"excerpt":{"rendered":"<p>Caracter\u00edsticas Los Rhapsody 3.0 Series Active Noise Cancelling BT Headphones son la opci\u00f3n perfecta para quienes buscan una experiencia de audio inmersiva. Con cancelaci\u00f3n activa de ruido (ANC) y una duraci\u00f3n de bater\u00eda de hasta 50 horas, estos auriculares est\u00e1n dise\u00f1ados para ofrecer un sonido de alta calidad sin interrupciones. Son compatibles con asistentes de [&hellip;]<\/p>\n","protected":false},"featured_media":2461,"comment_status":"open","ping_status":"closed","template":"","meta":{"advanced_seo_description":"","jetpack_seo_html_title":"","jetpack_seo_noindex":false,"_joinchat":[]},"product_brand":[],"product_cat":[38,33,36],"product_tag":[],"class_list":{"0":"post-2460","1":"product","2":"type-product","3":"status-publish","4":"has-post-thumbnail","6":"product_cat-auriculares","7":"product_cat-insformatica","8":"product_cat-linea-volkano","10":"first","11":"instock","12":"taxable","13":"shipping-taxable","14":"purchasable","15":"product-type-simple"},"jetpack_sharing_enabled":true,"_links":{"self":[{"href":"https:\/\/techno-rc.com.ar\/tienda\/wp-json\/wp\/v2\/product\/2460","targetHints":{"allow":["GET"]}}],"collection":[{"href":"https:\/\/techno-rc.com.ar\/tienda\/wp-json\/wp\/v2\/product"}],"about":[{"href":"https:\/\/techno-rc.com.ar\/tienda\/wp-json\/wp\/v2\/types\/product"}],"replies":[{"embeddable":true,"href":"https:\/\/techno-rc.com.ar\/tienda\/wp-json\/wp\/v2\/comments?post=2460"}],"wp:featuredmedia":[{"embeddable":true,"href":"https:\/\/techno-rc.com.ar\/tienda\/wp-json\/wp\/v2\/media\/2461"}],"wp:attachment":[{"href":"https:\/\/techno-rc.com.ar\/tienda\/wp-json\/wp\/v2\/media?parent=2460"}],"wp:term":[{"taxonomy":"product_brand","embeddable":true,"href":"https:\/\/techno-rc.com.ar\/tienda\/wp-json\/wp\/v2\/product_brand?post=2460"},{"taxonomy":"product_cat","embeddable":true,"href":"https:\/\/techno-rc.com.ar\/tienda\/wp-json\/wp\/v2\/product_cat?post=2460"},{"taxonomy":"product_tag","embeddable":true,"href":"https:\/\/techno-rc.com.ar\/tienda\/wp-json\/wp\/v2\/product_tag?post=2460"}],"curies":[{"name":"wp","href":"https:\/\/api.w.org\/{rel}","templated":true}]}}