{"id":2498,"date":"2025-04-25T11:24:22","date_gmt":"2025-04-25T14:24:22","guid":{"rendered":"https:\/\/techno-rc.com.ar\/tienda\/?post_type=product&#038;p=2498"},"modified":"2025-06-28T19:37:27","modified_gmt":"2025-06-28T22:37:27","slug":"race-series-bluetooth-sport-earhook-earphones-negro-verde","status":"publish","type":"product","link":"https:\/\/techno-rc.com.ar\/tienda\/producto\/race-series-bluetooth-sport-earhook-earphones-negro-verde\/","title":{"rendered":"Race series Bluetooth Sport earhook earphones \u2013 Negro\/Verde"},"content":{"rendered":"<div class=\"col-md-6\">\n<h5 class=\"mb-4\">Caracter\u00edsticas<\/h5>\n<p class=\"mb-2\">Los auriculares X VXH200 ofrecen hasta 60 horas de reproducci\u00f3n y carga r\u00e1pida. Equipados con Bluetooth 5.3 y chipset JL AC7006, brindan una conexi\u00f3n estable y sonido claro. Compatibles con Google y Siri, tienen una respuesta de frecuencia de 20 Hz \u2013 20 kHz, sensibilidad de 95 dB y una bater\u00eda de 400 mAh que se carga en solo 2.5 horas. Ideal para una experiencia auditiva prolongada y c\u00f3moda.<\/p>\n<ul class=\"list-type-none list-type-check mt-0 mb-8\">\n<li>Auriculares Bluetooth\u00ae Deportivos Volka\u200bno Race Series con ganchos<\/li>\n<li>Cable de carga USB a Micro USB<\/li>\n<li>3 x Conjuntos de tapas de diferentes tama\u00f1os<\/li>\n<li>Manual de instrucciones<\/li>\n<\/ul>\n<h5 class=\"mb-3\">Especificaciones<\/h5>\n<ul>\n<li style=\"list-style-type: none\">\n<ul>\n<li>\n<h5>Bluetooth\u00ae<\/h5>\n<\/li>\n<\/ul>\n<\/li>\n<\/ul>\n<table class=\"table spec-table\">\n<tbody>\n<tr>\n<th>Versi\u00f3n<\/th>\n<td>5.0<\/td>\n<\/tr>\n<tr>\n<th>Rango<\/th>\n<td>10 m<\/td>\n<\/tr>\n<\/tbody>\n<\/table>\n<ul>\n<li style=\"list-style-type: none\">\n<ul>\n<li>\n<h5>Bater\u00eda y Carga<\/h5>\n<\/li>\n<\/ul>\n<\/li>\n<\/ul>\n<table class=\"table spec-table\">\n<tbody>\n<tr>\n<th>Capacidad de la Bater\u00eda<\/th>\n<td>100 mAh<\/td>\n<\/tr>\n<tr>\n<th>Tiempo de Carga<\/th>\n<td>2 Horas<\/td>\n<\/tr>\n<tr>\n<th>Tiempo de Reproducci\u00f3n<\/th>\n<td>5 Horas<\/td>\n<\/tr>\n<\/tbody>\n<\/table>\n<ul>\n<li style=\"list-style-type: none\">\n<ul>\n<li>\n<h5>Audio<\/h5>\n<\/li>\n<\/ul>\n<\/li>\n<\/ul>\n<table class=\"table spec-table\">\n<tbody>\n<tr>\n<th>Tama\u00f1o del Driver<\/th>\n<td>\u00d813 mm<\/td>\n<\/tr>\n<tr>\n<th>Sensibilidad<\/th>\n<td>108 dB \u00b1 3 dB<\/td>\n<\/tr>\n<\/tbody>\n<\/table>\n<\/div>\n<div class=\"col-md-6 pl-md-6\">\n<div class=\"d-flex flex-wrap\">\n<div class=\"icon-box icon-box-side icon-border mb-4 mr-5\">\n<div class=\"icon-box-icon mr-4\">\n<p>&nbsp;<\/p>\n<p>&nbsp;<\/p>\n<p>&nbsp;<\/p>\n<\/div>\n<div class=\"icon-box-content\">\n<h4 class=\"icon-box-title text-normal lh-1 pt-3 ls-s\">1 a\u00f1o de garantia<\/h4>\n<p class=\"icon-box-desc mb-0\">Grantia de verdad<\/p>\n<p>&nbsp;<\/p>\n<\/div>\n<p>&nbsp;<\/p>\n<\/div>\n<\/div>\n<\/div>\n","protected":false},"excerpt":{"rendered":"<p>Caracter\u00edsticas Los auriculares X VXH200 ofrecen hasta 60 horas de reproducci\u00f3n y carga r\u00e1pida. Equipados con Bluetooth 5.3 y chipset JL AC7006, brindan una conexi\u00f3n estable y sonido claro. Compatibles con Google y Siri, tienen una respuesta de frecuencia de 20 Hz \u2013 20 kHz, sensibilidad de 95 dB y una bater\u00eda de 400 mAh [&hellip;]<\/p>\n","protected":false},"featured_media":2499,"comment_status":"open","ping_status":"closed","template":"","meta":{"advanced_seo_description":"","jetpack_seo_html_title":"","jetpack_seo_noindex":false,"_joinchat":[]},"product_brand":[],"product_cat":[106,33,36],"product_tag":[],"class_list":{"0":"post-2498","1":"product","2":"type-product","3":"status-publish","4":"has-post-thumbnail","6":"product_cat-earphones","7":"product_cat-insformatica","8":"product_cat-linea-volkano","10":"first","11":"instock","12":"taxable","13":"shipping-taxable","14":"purchasable","15":"product-type-simple"},"jetpack_sharing_enabled":true,"_links":{"self":[{"href":"https:\/\/techno-rc.com.ar\/tienda\/wp-json\/wp\/v2\/product\/2498","targetHints":{"allow":["GET"]}}],"collection":[{"href":"https:\/\/techno-rc.com.ar\/tienda\/wp-json\/wp\/v2\/product"}],"about":[{"href":"https:\/\/techno-rc.com.ar\/tienda\/wp-json\/wp\/v2\/types\/product"}],"replies":[{"embeddable":true,"href":"https:\/\/techno-rc.com.ar\/tienda\/wp-json\/wp\/v2\/comments?post=2498"}],"wp:featuredmedia":[{"embeddable":true,"href":"https:\/\/techno-rc.com.ar\/tienda\/wp-json\/wp\/v2\/media\/2499"}],"wp:attachment":[{"href":"https:\/\/techno-rc.com.ar\/tienda\/wp-json\/wp\/v2\/media?parent=2498"}],"wp:term":[{"taxonomy":"product_brand","embeddable":true,"href":"https:\/\/techno-rc.com.ar\/tienda\/wp-json\/wp\/v2\/product_brand?post=2498"},{"taxonomy":"product_cat","embeddable":true,"href":"https:\/\/techno-rc.com.ar\/tienda\/wp-json\/wp\/v2\/product_cat?post=2498"},{"taxonomy":"product_tag","embeddable":true,"href":"https:\/\/techno-rc.com.ar\/tienda\/wp-json\/wp\/v2\/product_tag?post=2498"}],"curies":[{"name":"wp","href":"https:\/\/api.w.org\/{rel}","templated":true}]}}