{"id":2504,"date":"2025-04-25T11:30:25","date_gmt":"2025-04-25T14:30:25","guid":{"rendered":"https:\/\/techno-rc.com.ar\/tienda\/?post_type=product&#038;p=2504"},"modified":"2025-06-28T19:37:26","modified_gmt":"2025-06-28T22:37:26","slug":"revive-series-tws-earphones-negro","status":"publish","type":"product","link":"https:\/\/techno-rc.com.ar\/tienda\/producto\/revive-series-tws-earphones-negro\/","title":{"rendered":"Revive Series TWS Earphones \u2013 Negro"},"content":{"rendered":"<div class=\" elementor-element elementor-element-0e4e5b0 elementor-widget elementor-widget-riode_sproduct_data_tab\" data-id=\"0e4e5b0\" data-element_type=\"widget\" data-widget_type=\"riode_sproduct_data_tab.default\">\n<div class=\"elementor-widget-container\">\n<div class=\"woocommerce-tabs wc-tabs-wrapper tab tab-nav-simple tab-nav-center\">\n<div id=\"tab-description\" class=\"woocommerce-Tabs-panel woocommerce-Tabs-panel--description panel entry-content wc-tab tab-pane\" role=\"tabpanel\" aria-labelledby=\"tab-title-description\">\n<div class=\"row mt-6\">\n<div class=\"col-md-6\">\n<h5 class=\"mb-4\">Caracter\u00edsticas<\/h5>\n<p class=\"mb-2\">Los Revive Series TWS Earphones \u2013 Negro ofrecen una experiencia de audio completamente inal\u00e1mbrica con una calidad de sonido superior. Equipados con tecnolog\u00eda Bluetooth\u00ae V5.3 y una funda de carga compacta, estos auriculares son ideales para quienes buscan un rendimiento sin complicaciones y una larga duraci\u00f3n de la bater\u00eda. Adem\u00e1s, son compatibles con Google y Siri, permitiendo un control manos libres completo.<\/p>\n<ul class=\"list-type-none list-type-check mt-0 mb-8\">\n<li>Tecnolog\u00eda True Wireless Bluetooth\u00ae<\/li>\n<li>Hasta 15 horas de reproducci\u00f3n<\/li>\n<li>Compatibilidad con asistentes virtuales Google y Siri<\/li>\n<\/ul>\n<h5 class=\"mb-3\">Especificaciones<\/h5>\n<ul>\n<li style=\"list-style-type: none\">\n<ul>\n<li>\n<h5>Bluetooth<\/h5>\n<\/li>\n<\/ul>\n<\/li>\n<\/ul>\n<table class=\"table spec-table\">\n<tbody>\n<tr>\n<th>Versi\u00f3n<\/th>\n<td>V5.3<\/td>\n<\/tr>\n<tr>\n<th>Chipset<\/th>\n<td>JL 6983D2<\/td>\n<\/tr>\n<tr>\n<th>Perfiles<\/th>\n<td>AVRCP, A2DP, HFP<\/td>\n<\/tr>\n<tr>\n<th>Distancia<\/th>\n<td>\u226510 m<\/td>\n<\/tr>\n<\/tbody>\n<\/table>\n<ul>\n<li style=\"list-style-type: none\">\n<ul>\n<li>\n<h5>Funda de Carga<\/h5>\n<\/li>\n<\/ul>\n<\/li>\n<\/ul>\n<table class=\"table spec-table\">\n<tbody>\n<tr>\n<th>Bater\u00eda<\/th>\n<td>180 mAh, Litio<\/td>\n<\/tr>\n<tr>\n<th>Tiempo de Carga<\/th>\n<td>1.5 Horas<\/td>\n<\/tr>\n<tr>\n<th>Entrada de Carga<\/th>\n<td>5 V, 1 A<\/td>\n<\/tr>\n<tr>\n<th>N\u00famero de Cargas de la Funda<\/th>\n<td>2 veces<\/td>\n<\/tr>\n<tr>\n<th>Puerto de Carga<\/th>\n<td>Tipo-C<\/td>\n<\/tr>\n<\/tbody>\n<\/table>\n<\/div>\n<div class=\"col-md-6 pl-md-6\">\n<div class=\"d-flex flex-wrap\">\n<div class=\"icon-box icon-box-side icon-border mb-4 mr-5\">\n<div class=\"icon-box-icon mr-4\">\n<p>&nbsp;<\/p>\n<p>&nbsp;<\/p>\n<p>&nbsp;<\/p>\n<\/div>\n<div class=\"icon-box-content\">\n<h4 class=\"icon-box-title text-normal lh-1 pt-3 ls-s\">1 a\u00f1o de garantia<\/h4>\n<p class=\"icon-box-desc mb-0\">Grantia de verdad<\/p>\n<p>&nbsp;<\/p>\n<\/div>\n<p>&nbsp;<\/p>\n<\/div>\n<p>&nbsp;<\/p>\n<\/div>\n<p>&nbsp;<\/p>\n<\/div>\n<\/div>\n<\/div>\n<\/div>\n<\/div>\n<\/div>\n<div class=\" elementor-element elementor-element-5a055d3 elementor-widget elementor-widget-riode_widget_heading\" data-id=\"5a055d3\" data-element_type=\"widget\" data-widget_type=\"riode_widget_heading.default\">\n<div class=\"elementor-widget-container\">\n<div class=\"title-wrapper title-cross title-center\"><\/div>\n<\/div>\n<\/div>\n","protected":false},"excerpt":{"rendered":"<p>Caracter\u00edsticas Los Revive Series TWS Earphones \u2013 Negro ofrecen una experiencia de audio completamente inal\u00e1mbrica con una calidad de sonido superior. Equipados con tecnolog\u00eda Bluetooth\u00ae V5.3 y una funda de carga compacta, estos auriculares son ideales para quienes buscan un rendimiento sin complicaciones y una larga duraci\u00f3n de la bater\u00eda. Adem\u00e1s, son compatibles con Google [&hellip;]<\/p>\n","protected":false},"featured_media":2505,"comment_status":"open","ping_status":"closed","template":"","meta":{"advanced_seo_description":"","jetpack_seo_html_title":"","jetpack_seo_noindex":false,"_joinchat":[]},"product_brand":[],"product_cat":[106,33,36],"product_tag":[],"class_list":{"0":"post-2504","1":"product","2":"type-product","3":"status-publish","4":"has-post-thumbnail","6":"product_cat-earphones","7":"product_cat-insformatica","8":"product_cat-linea-volkano","10":"first","11":"instock","12":"taxable","13":"shipping-taxable","14":"purchasable","15":"product-type-simple"},"jetpack_sharing_enabled":true,"_links":{"self":[{"href":"https:\/\/techno-rc.com.ar\/tienda\/wp-json\/wp\/v2\/product\/2504","targetHints":{"allow":["GET"]}}],"collection":[{"href":"https:\/\/techno-rc.com.ar\/tienda\/wp-json\/wp\/v2\/product"}],"about":[{"href":"https:\/\/techno-rc.com.ar\/tienda\/wp-json\/wp\/v2\/types\/product"}],"replies":[{"embeddable":true,"href":"https:\/\/techno-rc.com.ar\/tienda\/wp-json\/wp\/v2\/comments?post=2504"}],"wp:featuredmedia":[{"embeddable":true,"href":"https:\/\/techno-rc.com.ar\/tienda\/wp-json\/wp\/v2\/media\/2505"}],"wp:attachment":[{"href":"https:\/\/techno-rc.com.ar\/tienda\/wp-json\/wp\/v2\/media?parent=2504"}],"wp:term":[{"taxonomy":"product_brand","embeddable":true,"href":"https:\/\/techno-rc.com.ar\/tienda\/wp-json\/wp\/v2\/product_brand?post=2504"},{"taxonomy":"product_cat","embeddable":true,"href":"https:\/\/techno-rc.com.ar\/tienda\/wp-json\/wp\/v2\/product_cat?post=2504"},{"taxonomy":"product_tag","embeddable":true,"href":"https:\/\/techno-rc.com.ar\/tienda\/wp-json\/wp\/v2\/product_tag?post=2504"}],"curies":[{"name":"wp","href":"https:\/\/api.w.org\/{rel}","templated":true}]}}