{"id":2597,"date":"2025-04-29T16:24:22","date_gmt":"2025-04-29T19:24:22","guid":{"rendered":"https:\/\/techno-rc.com.ar\/tienda\/?post_type=product&#038;p=2597"},"modified":"2025-06-28T19:35:57","modified_gmt":"2025-06-28T22:35:57","slug":"willow-enc-tws-earphone-with-hall-switch-negro","status":"publish","type":"product","link":"https:\/\/techno-rc.com.ar\/tienda\/producto\/willow-enc-tws-earphone-with-hall-switch-negro\/","title":{"rendered":"Willow ENC TWS Earphone with Hall switch &#8211; Negro"},"content":{"rendered":"<div class=\"col-md-6\">\n<h5 class=\"mb-4\">Caracter\u00edsticas<\/h5>\n<p class=\"mb-2\">Los Willow ENC TWS Earphones ofrecen una experiencia auditiva avanzada con tecnolog\u00eda de cancelaci\u00f3n de ruido ambiental (ENC) para llamadas m\u00e1s claras y una reproducci\u00f3n de sonido envolvente. Equipados con un estuche de carga compacto, estos auriculares proporcionan hasta 18 horas de uso continuo y son compatibles con asistentes virtuales como Google y Siri, facilitando el control manos libres en cualquier momento.<\/p>\n<ul class=\"list-type-none list-type-check mt-0 mb-8\">\n<li>Tecnolog\u00eda True Wireless Bluetooth\u00ae<\/li>\n<li>Llamadas manos libres<\/li>\n<li>Hasta 18 horas de reproducci\u00f3n<\/li>\n<li>Compatibilidad con asistentes virtuales Google y Siri<\/li>\n<li>Resistencia al agua con clasificaci\u00f3n IPX4<\/li>\n<\/ul>\n<h5 class=\"mb-3\">Especificaciones<\/h5>\n<ul>\n<li style=\"list-style-type: none\">\n<ul>\n<li>\n<h5>Bluetooth\u00ae<\/h5>\n<\/li>\n<\/ul>\n<\/li>\n<\/ul>\n<table class=\"table spec-table\">\n<tbody>\n<tr>\n<th>Versi\u00f3n<\/th>\n<td>5.3<\/td>\n<\/tr>\n<tr>\n<th>Chipset<\/th>\n<td>JL6937<\/td>\n<\/tr>\n<tr>\n<th>Perfiles<\/th>\n<td>HFP \/ HSP \/ A2DP \/ AVRCP<\/td>\n<\/tr>\n<tr>\n<th>Distancia<\/th>\n<td>Hasta 10 m \/ 33 ft<\/td>\n<\/tr>\n<tr>\n<th>Impedancia<\/th>\n<td>32 \u03a9<\/td>\n<\/tr>\n<tr>\n<th>Respuesta de Frecuencia<\/th>\n<td>20 Hz \u2013 20 kHz<\/td>\n<\/tr>\n<tr>\n<th>Sensibilidad<\/th>\n<td>117 \u00b1 3 dB<\/td>\n<\/tr>\n<tr>\n<th>Relaci\u00f3n Se\u00f1al-Ruido<\/th>\n<td>\u226575 dB<\/td>\n<\/tr>\n<\/tbody>\n<\/table>\n<ul>\n<li style=\"list-style-type: none\">\n<ul>\n<li>\n<h5>Bater\u00eda<\/h5>\n<\/li>\n<\/ul>\n<\/li>\n<\/ul>\n<table class=\"table spec-table\">\n<tbody>\n<tr>\n<th>Aud\u00edfonos<\/th>\n<td>30 mAh (x2)<\/td>\n<\/tr>\n<tr>\n<th>Estuche de Carga<\/th>\n<td>300 mAh<\/td>\n<\/tr>\n<tr>\n<th>N\u00famero de Cargas del Estuche<\/th>\n<td>2 Veces<\/td>\n<\/tr>\n<\/tbody>\n<\/table>\n<ul>\n<li style=\"list-style-type: none\">\n<ul>\n<li>\n<h5>Audio<\/h5>\n<\/li>\n<\/ul>\n<\/li>\n<\/ul>\n<table class=\"table spec-table\">\n<tbody>\n<tr>\n<th>Tama\u00f1o del Driver<\/th>\n<td>10 mm<\/td>\n<\/tr>\n<\/tbody>\n<\/table>\n<ul>\n<li style=\"list-style-type: none\">\n<ul>\n<li>\n<h5>Carga y Reproducci\u00f3n<\/h5>\n<\/li>\n<\/ul>\n<\/li>\n<\/ul>\n<table class=\"table spec-table\">\n<tbody>\n<tr>\n<th>Tipo de Puerto de Carga<\/th>\n<td>Tipo-C<\/td>\n<\/tr>\n<tr>\n<th>Entrada de Carga<\/th>\n<td>5 V DC, 1 A<\/td>\n<\/tr>\n<tr>\n<th>Tiempo de Carga<\/th>\n<td>1.5 \u2013 2 Horas<\/td>\n<\/tr>\n<tr>\n<th>Tiempo de Reproducci\u00f3n (50% Volumen)<\/th>\n<td>6 Horas<\/td>\n<\/tr>\n<tr>\n<th>Tiempo de Reproducci\u00f3n (100% Volumen)<\/th>\n<td>4 Horas<\/td>\n<\/tr>\n<\/tbody>\n<\/table>\n<\/div>\n<div class=\"col-md-6 pl-md-6\">\n<div class=\"d-flex flex-wrap\">\n<div class=\"icon-box icon-box-side icon-border mb-4 mr-5\">\n<div class=\"icon-box-icon mr-4\">\n<p>&nbsp;<\/p>\n<p>&nbsp;<\/p>\n<p>&nbsp;<\/p>\n<\/div>\n<div class=\"icon-box-content\">\n<h4 class=\"icon-box-title text-normal lh-1 pt-3 ls-s\">1 a\u00f1o de garantia<\/h4>\n<p class=\"icon-box-desc mb-0\">Garantia de verdad<\/p>\n<p>&nbsp;<\/p>\n<\/div>\n<p>&nbsp;<\/p>\n<\/div>\n<\/div>\n<\/div>\n","protected":false},"excerpt":{"rendered":"<p>Caracter\u00edsticas Los Willow ENC TWS Earphones ofrecen una experiencia auditiva avanzada con tecnolog\u00eda de cancelaci\u00f3n de ruido ambiental (ENC) para llamadas m\u00e1s claras y una reproducci\u00f3n de sonido envolvente. Equipados con un estuche de carga compacto, estos auriculares proporcionan hasta 18 horas de uso continuo y son compatibles con asistentes virtuales como Google y Siri, &hellip;<\/p>\n<p class=\"read-more\"> <a class=\" thunk-readmore button \" href=\"https:\/\/techno-rc.com.ar\/tienda\/producto\/willow-enc-tws-earphone-with-hall-switch-negro\/\"> <span class=\"screen-reader-text\">Willow ENC TWS Earphone with Hall switch &#8211; Negro<\/span>Leer m\u00e1s<\/a><\/p>\n","protected":false},"featured_media":2598,"comment_status":"open","ping_status":"closed","template":"","meta":{"advanced_seo_description":"","jetpack_seo_html_title":"","jetpack_seo_noindex":false,"_joinchat":[]},"product_brand":[],"product_cat":[106,33,36],"product_tag":[],"class_list":{"0":"post-2597","1":"product","2":"type-product","3":"status-publish","4":"has-post-thumbnail","6":"product_cat-earphones","7":"product_cat-insformatica","8":"product_cat-linea-volkano","9":"thunk-woo-product-list","10":"opn-qv-enable","11":"open-woo-hover-none","12":"open-single-product-tab-horizontal","13":"open-shadow-","14":"open-shadow-hover-","16":"first","17":"instock","18":"taxable","19":"shipping-taxable","20":"purchasable","21":"product-type-simple"},"jetpack_sharing_enabled":true,"_links":{"self":[{"href":"https:\/\/techno-rc.com.ar\/tienda\/wp-json\/wp\/v2\/product\/2597","targetHints":{"allow":["GET"]}}],"collection":[{"href":"https:\/\/techno-rc.com.ar\/tienda\/wp-json\/wp\/v2\/product"}],"about":[{"href":"https:\/\/techno-rc.com.ar\/tienda\/wp-json\/wp\/v2\/types\/product"}],"replies":[{"embeddable":true,"href":"https:\/\/techno-rc.com.ar\/tienda\/wp-json\/wp\/v2\/comments?post=2597"}],"wp:featuredmedia":[{"embeddable":true,"href":"https:\/\/techno-rc.com.ar\/tienda\/wp-json\/wp\/v2\/media\/2598"}],"wp:attachment":[{"href":"https:\/\/techno-rc.com.ar\/tienda\/wp-json\/wp\/v2\/media?parent=2597"}],"wp:term":[{"taxonomy":"product_brand","embeddable":true,"href":"https:\/\/techno-rc.com.ar\/tienda\/wp-json\/wp\/v2\/product_brand?post=2597"},{"taxonomy":"product_cat","embeddable":true,"href":"https:\/\/techno-rc.com.ar\/tienda\/wp-json\/wp\/v2\/product_cat?post=2597"},{"taxonomy":"product_tag","embeddable":true,"href":"https:\/\/techno-rc.com.ar\/tienda\/wp-json\/wp\/v2\/product_tag?post=2597"}],"curies":[{"name":"wp","href":"https:\/\/api.w.org\/{rel}","templated":true}]}}