{"id":2616,"date":"2025-04-29T16:34:28","date_gmt":"2025-04-29T19:34:28","guid":{"rendered":"https:\/\/techno-rc.com.ar\/tienda\/?post_type=product&#038;p=2616"},"modified":"2025-06-28T19:35:56","modified_gmt":"2025-06-28T22:35:56","slug":"x-vxt200b-true-wireless-earphones-with-active-noise-cancelling","status":"publish","type":"product","link":"https:\/\/techno-rc.com.ar\/tienda\/producto\/x-vxt200b-true-wireless-earphones-with-active-noise-cancelling\/","title":{"rendered":"X VXT200B True Wireless Earphones with Active Noise Cancelling"},"content":{"rendered":"<div class=\"col-md-6\">\n<h5 class=\"mb-4\">Caracter\u00edsticas<\/h5>\n<p class=\"mb-2\">Los X VXT200B True Wireless Earphones est\u00e1n dise\u00f1ados para ofrecer una experiencia auditiva de alta calidad en cualquier entorno. Equipados con tecnolog\u00eda de cancelaci\u00f3n activa de ruido h\u00edbrida, estos auriculares utilizan 6 micr\u00f3fonos para bloquear el ruido ambiental, permiti\u00e9ndote disfrutar de un sonido claro y envolvente. Con hasta 30 horas de reproducci\u00f3n y un dise\u00f1o completamente inal\u00e1mbrico, estos auriculares son ideales para el uso diario y las largas sesiones de escucha.<\/p>\n<ul class=\"list-type-none list-type-check mt-0 mb-8\">\n<li>Cancelaci\u00f3n activa de ruido h\u00edbrida con 6 micr\u00f3fonos<\/li>\n<li>Cancelaci\u00f3n de ruido ambiental<\/li>\n<li>Compatibilidad con Google y Siri<\/li>\n<li>Hasta 30 horas de reproducci\u00f3n<\/li>\n<li>Emparejamiento True Wireless<\/li>\n<\/ul>\n<h5 class=\"mb-3\">Especificaciones<\/h5>\n<ul>\n<li style=\"list-style-type: none\">\n<ul>\n<li>\n<h5>Bluetooth\u00ae<\/h5>\n<\/li>\n<\/ul>\n<\/li>\n<\/ul>\n<table class=\"table spec-table\">\n<tbody>\n<tr>\n<th>Versi\u00f3n<\/th>\n<td>V5.2<\/td>\n<\/tr>\n<tr>\n<th>Perfiles<\/th>\n<td>HFP, AVRCP, A2DP<\/td>\n<\/tr>\n<tr>\n<th>Chipset<\/th>\n<td>WQ7003AR<\/td>\n<\/tr>\n<tr>\n<th>Rango<\/th>\n<td>Hasta 10 m<\/td>\n<\/tr>\n<\/tbody>\n<\/table>\n<ul>\n<li style=\"list-style-type: none\">\n<ul>\n<li>\n<h5>Funda de Carga<\/h5>\n<\/li>\n<\/ul>\n<\/li>\n<\/ul>\n<table class=\"table spec-table\">\n<tbody>\n<tr>\n<th>Bater\u00eda<\/th>\n<td>350 mAh<\/td>\n<\/tr>\n<tr>\n<th>N\u00famero de Cargas<\/th>\n<td>3 Veces<\/td>\n<\/tr>\n<tr>\n<th>Entrada de Carga USB Tipo-C<\/th>\n<td>DC 5 V<\/td>\n<\/tr>\n<tr>\n<th>Puerto de Entrada de Carga<\/th>\n<td>Tipo-C<\/td>\n<\/tr>\n<\/tbody>\n<\/table>\n<ul>\n<li style=\"list-style-type: none\">\n<ul>\n<li>\n<h5>Auriculares<\/h5>\n<\/li>\n<\/ul>\n<\/li>\n<\/ul>\n<table class=\"table spec-table\">\n<tbody>\n<tr>\n<th>Bater\u00eda<\/th>\n<td>43 mAh por auricular<\/td>\n<\/tr>\n<tr>\n<th>Tiempo de Carga<\/th>\n<td>2 Horas<\/td>\n<\/tr>\n<tr>\n<th>Tiempo de Reproducci\u00f3n<\/th>\n<td>7 Horas (50% Volumen con ANC Encendido)<\/td>\n<\/tr>\n<tr>\n<th><\/th>\n<td>8.5 Horas (50% Volumen con ANC Apagado)<\/td>\n<\/tr>\n<tr>\n<th><\/th>\n<td>6 Horas (100% Volumen con ANC Encendido)<\/td>\n<\/tr>\n<tr>\n<th><\/th>\n<td>7.5 Horas (100% Volumen con ANC Apagado)<\/td>\n<\/tr>\n<tr>\n<th>Tama\u00f1o del Driver<\/th>\n<td>10 mm<\/td>\n<\/tr>\n<tr>\n<th>Impedancia<\/th>\n<td>32 \u03a9<\/td>\n<\/tr>\n<tr>\n<th>Sensibilidad<\/th>\n<td>102 \u00b1 3 dB<\/td>\n<\/tr>\n<tr>\n<th>Respuesta de Frecuencia<\/th>\n<td>20 Hz \u2013 20 kHz<\/td>\n<\/tr>\n<tr>\n<th>Reducci\u00f3n de Ruido (dB)<\/th>\n<td>-40 dB<\/td>\n<\/tr>\n<tr>\n<th>IPX<\/th>\n<td>IPX5<\/td>\n<\/tr>\n<\/tbody>\n<\/table>\n<\/div>\n<div class=\"col-md-6 pl-md-6\">\n<div class=\"d-flex flex-wrap\">\n<div class=\"icon-box icon-box-side icon-border mb-4 mr-5\">\n<div class=\"icon-box-icon mr-4\">\n<p>&nbsp;<\/p>\n<p>&nbsp;<\/p>\n<p>&nbsp;<\/p>\n<\/div>\n<div class=\"icon-box-content\">\n<h4 class=\"icon-box-title text-normal lh-1 pt-3 ls-s\">1 a\u00f1o de garantia<\/h4>\n<p class=\"icon-box-desc mb-0\">Garantia de verdad<\/p>\n<p>&nbsp;<\/p>\n<\/div>\n<p>&nbsp;<\/p>\n<\/div>\n<\/div>\n<\/div>\n","protected":false},"excerpt":{"rendered":"<p>Caracter\u00edsticas Los X VXT200B True Wireless Earphones est\u00e1n dise\u00f1ados para ofrecer una experiencia auditiva de alta calidad en cualquier entorno. Equipados con tecnolog\u00eda de cancelaci\u00f3n activa de ruido h\u00edbrida, estos auriculares utilizan 6 micr\u00f3fonos para bloquear el ruido ambiental, permiti\u00e9ndote disfrutar de un sonido claro y envolvente. Con hasta 30 horas de reproducci\u00f3n y un [&hellip;]<\/p>\n","protected":false},"featured_media":2617,"comment_status":"open","ping_status":"closed","template":"","meta":{"advanced_seo_description":"","jetpack_seo_html_title":"","jetpack_seo_noindex":false,"_joinchat":[]},"product_brand":[],"product_cat":[38,106,33,36],"product_tag":[],"class_list":{"0":"post-2616","1":"product","2":"type-product","3":"status-publish","4":"has-post-thumbnail","6":"product_cat-auriculares","7":"product_cat-earphones","8":"product_cat-insformatica","9":"product_cat-linea-volkano","11":"first","12":"instock","13":"taxable","14":"shipping-taxable","15":"purchasable","16":"product-type-simple"},"jetpack_sharing_enabled":true,"_links":{"self":[{"href":"https:\/\/techno-rc.com.ar\/tienda\/wp-json\/wp\/v2\/product\/2616","targetHints":{"allow":["GET"]}}],"collection":[{"href":"https:\/\/techno-rc.com.ar\/tienda\/wp-json\/wp\/v2\/product"}],"about":[{"href":"https:\/\/techno-rc.com.ar\/tienda\/wp-json\/wp\/v2\/types\/product"}],"replies":[{"embeddable":true,"href":"https:\/\/techno-rc.com.ar\/tienda\/wp-json\/wp\/v2\/comments?post=2616"}],"wp:featuredmedia":[{"embeddable":true,"href":"https:\/\/techno-rc.com.ar\/tienda\/wp-json\/wp\/v2\/media\/2617"}],"wp:attachment":[{"href":"https:\/\/techno-rc.com.ar\/tienda\/wp-json\/wp\/v2\/media?parent=2616"}],"wp:term":[{"taxonomy":"product_brand","embeddable":true,"href":"https:\/\/techno-rc.com.ar\/tienda\/wp-json\/wp\/v2\/product_brand?post=2616"},{"taxonomy":"product_cat","embeddable":true,"href":"https:\/\/techno-rc.com.ar\/tienda\/wp-json\/wp\/v2\/product_cat?post=2616"},{"taxonomy":"product_tag","embeddable":true,"href":"https:\/\/techno-rc.com.ar\/tienda\/wp-json\/wp\/v2\/product_tag?post=2616"}],"curies":[{"name":"wp","href":"https:\/\/api.w.org\/{rel}","templated":true}]}}