{"id":2674,"date":"2025-04-29T15:42:09","date_gmt":"2025-04-29T18:42:09","guid":{"rendered":"https:\/\/techno-rc.com.ar\/tienda\/?post_type=product&#038;p=2674"},"modified":"2025-06-28T19:35:59","modified_gmt":"2025-06-28T22:35:59","slug":"soundsweeper-series-active-noise-cancelling-headphones-negro","status":"publish","type":"product","link":"https:\/\/techno-rc.com.ar\/tienda\/producto\/soundsweeper-series-active-noise-cancelling-headphones-negro\/","title":{"rendered":"SoundSweeper Series Active Noise Cancelling Headphones &#8211; Negro"},"content":{"rendered":"<div class=\"col-md-6\">\n<h5 class=\"mb-4\">Caracter\u00edsticas<\/h5>\n<p class=\"mb-2\">Disfruta de una experiencia auditiva sin distracciones con estos auriculares que incorporan cancelaci\u00f3n activa de ruido (ANC). Con una bater\u00eda de 400 mAh, estos auriculares te proporcionan hasta 20 horas de reproducci\u00f3n cuando el ANC est\u00e1 desactivado, y 16 horas con ANC activado. Adem\u00e1s, son compatibles con asistentes de voz como Google y Siri, y ofrecen opciones de conexi\u00f3n vers\u00e1tiles gracias a la entrada AUX.<\/p>\n<ul class=\"list-type-none list-type-check mt-0 mb-8\">\n<li>Llamadas manos libres<\/li>\n<li>Compatibilidad con asistentes de voz (Google\/Siri)<\/li>\n<li>Entrada AUX<\/li>\n<\/ul>\n<h5 class=\"mb-3\">Especificaciones<\/h5>\n<ul>\n<li style=\"list-style-type: none\">\n<ul>\n<li>\n<h5>Bluetooth<\/h5>\n<\/li>\n<\/ul>\n<\/li>\n<\/ul>\n<table class=\"table spec-table\">\n<tbody>\n<tr>\n<th>Versi\u00f3n<\/th>\n<td>5.3<\/td>\n<\/tr>\n<tr>\n<th>Perfiles<\/th>\n<td>HFP, HSP, A2DP, AVRCP, OPP, PBAP<\/td>\n<\/tr>\n<tr>\n<th>Chipset<\/th>\n<td>Bluetrum<\/td>\n<\/tr>\n<tr>\n<th>Rango<\/th>\n<td>Hasta 10 m<\/td>\n<\/tr>\n<\/tbody>\n<\/table>\n<ul>\n<li style=\"list-style-type: none\">\n<ul>\n<li>\n<h5>General<\/h5>\n<\/li>\n<\/ul>\n<\/li>\n<\/ul>\n<table class=\"table spec-table\">\n<tbody>\n<tr>\n<th>Bater\u00eda<\/th>\n<td>400 mAh<\/td>\n<\/tr>\n<tr>\n<th>Tiempo de Carga<\/th>\n<td>3 \u2013 4 Horas<\/td>\n<\/tr>\n<tr>\n<th>Entrada de Carga<\/th>\n<td>1 A<\/td>\n<\/tr>\n<tr>\n<th>Tiempo de Reproducci\u00f3n al 50% Volumen<\/th>\n<td>16 Horas (ANC Encendido)<\/td>\n<\/tr>\n<tr>\n<th><\/th>\n<td>20 Horas (ANC Apagado)<\/td>\n<\/tr>\n<tr>\n<th>Tiempo de Reproducci\u00f3n al 100% Volumen<\/th>\n<td>10 Horas (ANC Encendido)<\/td>\n<\/tr>\n<tr>\n<th><\/th>\n<td>16 Horas (ANC Apagado)<\/td>\n<\/tr>\n<\/tbody>\n<\/table>\n<ul>\n<li style=\"list-style-type: none\">\n<ul>\n<li>\n<h5>Audio<\/h5>\n<\/li>\n<\/ul>\n<\/li>\n<\/ul>\n<table class=\"table spec-table\">\n<tbody>\n<tr>\n<th>Respuesta de Frecuencia<\/th>\n<td>2.4 Hz \u2013 2.48 GHz<\/td>\n<\/tr>\n<tr>\n<th>Tama\u00f1o del Driver<\/th>\n<td>40 mm<\/td>\n<\/tr>\n<tr>\n<th>Impedancia<\/th>\n<td>32 \u03a9<\/td>\n<\/tr>\n<tr>\n<th>Sensibilidad<\/th>\n<td>108 dB \u00b1 3 dB<\/td>\n<\/tr>\n<tr>\n<th>Reducci\u00f3n de Ruido ANC<\/th>\n<td>22 dB \u00b1 3 dB<\/td>\n<\/tr>\n<\/tbody>\n<\/table>\n<\/div>\n<div class=\"col-md-6 pl-md-6\">\n<div class=\"d-flex flex-wrap\">\n<div class=\"icon-box icon-box-side icon-border mb-4 mr-5\">\n<div class=\"icon-box-icon mr-4\">\n<p>&nbsp;<\/p>\n<p>&nbsp;<\/p>\n<p>&nbsp;<\/p>\n<\/div>\n<div class=\"icon-box-content\">\n<h4 class=\"icon-box-title text-normal lh-1 pt-3 ls-s\">1 a\u00f1o de garantia<\/h4>\n<\/div>\n<\/div>\n<\/div>\n<\/div>\n","protected":false},"excerpt":{"rendered":"<p>Caracter\u00edsticas Disfruta de una experiencia auditiva sin distracciones con estos auriculares que incorporan cancelaci\u00f3n activa de ruido (ANC). Con una bater\u00eda de 400 mAh, estos auriculares te proporcionan hasta 20 horas de reproducci\u00f3n cuando el ANC est\u00e1 desactivado, y 16 horas con ANC activado. Adem\u00e1s, son compatibles con asistentes de voz como Google y Siri, [&hellip;]<\/p>\n","protected":false},"featured_media":2675,"comment_status":"open","ping_status":"closed","template":"","meta":{"advanced_seo_description":"","jetpack_seo_html_title":"","jetpack_seo_noindex":false,"_joinchat":[]},"product_brand":[],"product_cat":[38,33,36],"product_tag":[],"class_list":{"0":"post-2674","1":"product","2":"type-product","3":"status-publish","4":"has-post-thumbnail","6":"product_cat-auriculares","7":"product_cat-insformatica","8":"product_cat-linea-volkano","10":"first","11":"instock","12":"taxable","13":"shipping-taxable","14":"purchasable","15":"product-type-simple"},"jetpack_sharing_enabled":true,"_links":{"self":[{"href":"https:\/\/techno-rc.com.ar\/tienda\/wp-json\/wp\/v2\/product\/2674","targetHints":{"allow":["GET"]}}],"collection":[{"href":"https:\/\/techno-rc.com.ar\/tienda\/wp-json\/wp\/v2\/product"}],"about":[{"href":"https:\/\/techno-rc.com.ar\/tienda\/wp-json\/wp\/v2\/types\/product"}],"replies":[{"embeddable":true,"href":"https:\/\/techno-rc.com.ar\/tienda\/wp-json\/wp\/v2\/comments?post=2674"}],"wp:featuredmedia":[{"embeddable":true,"href":"https:\/\/techno-rc.com.ar\/tienda\/wp-json\/wp\/v2\/media\/2675"}],"wp:attachment":[{"href":"https:\/\/techno-rc.com.ar\/tienda\/wp-json\/wp\/v2\/media?parent=2674"}],"wp:term":[{"taxonomy":"product_brand","embeddable":true,"href":"https:\/\/techno-rc.com.ar\/tienda\/wp-json\/wp\/v2\/product_brand?post=2674"},{"taxonomy":"product_cat","embeddable":true,"href":"https:\/\/techno-rc.com.ar\/tienda\/wp-json\/wp\/v2\/product_cat?post=2674"},{"taxonomy":"product_tag","embeddable":true,"href":"https:\/\/techno-rc.com.ar\/tienda\/wp-json\/wp\/v2\/product_tag?post=2674"}],"curies":[{"name":"wp","href":"https:\/\/api.w.org\/{rel}","templated":true}]}}