{"id":2684,"date":"2025-04-25T11:33:38","date_gmt":"2025-04-25T14:33:38","guid":{"rendered":"https:\/\/techno-rc.com.ar\/tienda\/?post_type=product&#038;p=2684"},"modified":"2025-06-28T19:37:26","modified_gmt":"2025-06-28T22:37:26","slug":"stride-series-ows-earphone-estuche-negro","status":"publish","type":"product","link":"https:\/\/techno-rc.com.ar\/tienda\/producto\/stride-series-ows-earphone-estuche-negro\/","title":{"rendered":"Stride Series OWS Earphone + Estuche &#8211; Negro"},"content":{"rendered":"<div class=\"col-md-6\">\n<h5 class=\"mb-4\">Caracter\u00edsticas<\/h5>\n<p class=\"mb-2\">Experimenta la libertad del sonido inal\u00e1mbrico con los auriculares Stride Series OWS Earphone + Estuche. Equipados con la \u00faltima tecnolog\u00eda Bluetooth 5.3 y una capacidad de bater\u00eda optimizada, estos auriculares ofrecen una reproducci\u00f3n continua de hasta 6 horas. El estuche de carga compacto permite m\u00faltiples recargas, asegurando que siempre est\u00e9s listo para disfrutar de tu m\u00fasica o responder llamadas, sin importar d\u00f3nde te encuentres.<\/p>\n<ul class=\"list-type-none list-type-check mt-0 mb-8\">\n<li>Tecnolog\u00eda Bluetooth 5.3<\/li>\n<li>Hasta 6 horas de reproducci\u00f3n continua<\/li>\n<li>Compatibilidad con m\u00faltiples protocolos Bluetooth<\/li>\n<li>Dise\u00f1o c\u00f3modo y seguro<\/li>\n<li>Estuche de carga compacto<\/li>\n<\/ul>\n<h5 class=\"mb-3\">Especificaciones<\/h5>\n<ul>\n<li style=\"list-style-type: none\">\n<ul>\n<li>\n<h5>Bluetooth<\/h5>\n<\/li>\n<\/ul>\n<\/li>\n<\/ul>\n<table class=\"table spec-table\">\n<tbody>\n<tr>\n<th>Versi\u00f3n<\/th>\n<td>Jerry 6983 Bluetooth 5.3<\/td>\n<\/tr>\n<tr>\n<th>Protocolos Soportados<\/th>\n<td>HSP1.2, HFP1.6, A2DP1.3, AVRCP1.5<\/td>\n<\/tr>\n<tr>\n<th>Rango de Frecuencia<\/th>\n<td>2.4 GHz \u2013 2.48 GHz<\/td>\n<\/tr>\n<tr>\n<th>Distancia de Transmisi\u00f3n<\/th>\n<td>\u2264 10-15 metros<\/td>\n<\/tr>\n<\/tbody>\n<\/table>\n<ul>\n<li style=\"list-style-type: none\">\n<ul>\n<li>\n<h5>Bater\u00eda<\/h5>\n<\/li>\n<\/ul>\n<\/li>\n<\/ul>\n<table class=\"table spec-table\">\n<tbody>\n<tr>\n<th>Capacidad<\/th>\n<td>30 mAh por auricular + 200 mAh en estuche de carga<\/td>\n<\/tr>\n<\/tbody>\n<\/table>\n<ul>\n<li style=\"list-style-type: none\">\n<ul>\n<li>\n<h5>Tiempo de Uso<\/h5>\n<\/li>\n<\/ul>\n<\/li>\n<\/ul>\n<table class=\"table spec-table\">\n<tbody>\n<tr>\n<th>Reproducci\u00f3n y Llamadas<\/th>\n<td>1 auricular: 5-6 horas<br \/>\n2 auriculares: 5-6 horas<\/td>\n<\/tr>\n<tr>\n<th>Tiempo de Escucha<\/th>\n<td>Aprox. 3-4 horas<\/td>\n<\/tr>\n<\/tbody>\n<\/table>\n<ul>\n<li style=\"list-style-type: none\">\n<ul>\n<li>\n<h5>Carga<\/h5>\n<\/li>\n<\/ul>\n<\/li>\n<\/ul>\n<table class=\"table spec-table\">\n<tbody>\n<tr>\n<th>Tiempo de Carga (Auricular)<\/th>\n<td>1 hora<\/td>\n<\/tr>\n<tr>\n<th>Tiempo de Carga (Estuche)<\/th>\n<td>1 hora<\/td>\n<\/tr>\n<tr>\n<th>N\u00famero de Cargas con Estuche<\/th>\n<td>2-3 veces<\/td>\n<\/tr>\n<\/tbody>\n<\/table>\n<ul>\n<li style=\"list-style-type: none\">\n<ul>\n<li>\n<h5>Contenido del Paquete<\/h5>\n<\/li>\n<\/ul>\n<\/li>\n<\/ul>\n<table class=\"table spec-table\">\n<tbody>\n<tr>\n<th>Incluye<\/th>\n<td>2 Auriculares, 1 Estuche de Carga, 1 Manual, 1 Cable de Carga<\/td>\n<\/tr>\n<\/tbody>\n<\/table>\n<\/div>\n<div class=\"col-md-6 pl-md-6\">\n<div class=\"d-flex flex-wrap\">\n<div class=\"icon-box icon-box-side icon-border mb-4 mr-5\">\n<div class=\"icon-box-icon mr-4\">\n<p>&nbsp;<\/p>\n<p>&nbsp;<\/p>\n<p>&nbsp;<\/p>\n<\/div>\n<div class=\"icon-box-content\">\n<h4 class=\"icon-box-title text-normal lh-1 pt-3 ls-s\">1 a\u00f1o de garantia<\/h4>\n<p class=\"icon-box-desc mb-0\">Grantia de verdad<\/p>\n<p>&nbsp;<\/p>\n<\/div>\n<p>&nbsp;<\/p>\n<\/div>\n<\/div>\n<\/div>\n","protected":false},"excerpt":{"rendered":"<p>Caracter\u00edsticas Experimenta la libertad del sonido inal\u00e1mbrico con los auriculares Stride Series OWS Earphone + Estuche. Equipados con la \u00faltima tecnolog\u00eda Bluetooth 5.3 y una capacidad de bater\u00eda optimizada, estos auriculares ofrecen una reproducci\u00f3n continua de hasta 6 horas. El estuche de carga compacto permite m\u00faltiples recargas, asegurando que siempre est\u00e9s listo para disfrutar de &hellip;<\/p>\n<p class=\"read-more\"> <a class=\" thunk-readmore button \" href=\"https:\/\/techno-rc.com.ar\/tienda\/producto\/stride-series-ows-earphone-estuche-negro\/\"> <span class=\"screen-reader-text\">Stride Series OWS Earphone + Estuche &#8211; Negro<\/span>Leer m\u00e1s<\/a><\/p>\n","protected":false},"featured_media":2685,"comment_status":"open","ping_status":"closed","template":"","meta":{"advanced_seo_description":"","jetpack_seo_html_title":"","jetpack_seo_noindex":false,"_joinchat":[]},"product_brand":[],"product_cat":[106,33,36],"product_tag":[],"class_list":{"0":"post-2684","1":"product","2":"type-product","3":"status-publish","4":"has-post-thumbnail","6":"product_cat-earphones","7":"product_cat-insformatica","8":"product_cat-linea-volkano","9":"thunk-woo-product-list","10":"opn-qv-enable","11":"open-woo-hover-none","12":"open-single-product-tab-horizontal","13":"open-shadow-","14":"open-shadow-hover-","16":"first","17":"instock","18":"taxable","19":"shipping-taxable","20":"purchasable","21":"product-type-simple"},"jetpack_sharing_enabled":true,"_links":{"self":[{"href":"https:\/\/techno-rc.com.ar\/tienda\/wp-json\/wp\/v2\/product\/2684","targetHints":{"allow":["GET"]}}],"collection":[{"href":"https:\/\/techno-rc.com.ar\/tienda\/wp-json\/wp\/v2\/product"}],"about":[{"href":"https:\/\/techno-rc.com.ar\/tienda\/wp-json\/wp\/v2\/types\/product"}],"replies":[{"embeddable":true,"href":"https:\/\/techno-rc.com.ar\/tienda\/wp-json\/wp\/v2\/comments?post=2684"}],"wp:featuredmedia":[{"embeddable":true,"href":"https:\/\/techno-rc.com.ar\/tienda\/wp-json\/wp\/v2\/media\/2685"}],"wp:attachment":[{"href":"https:\/\/techno-rc.com.ar\/tienda\/wp-json\/wp\/v2\/media?parent=2684"}],"wp:term":[{"taxonomy":"product_brand","embeddable":true,"href":"https:\/\/techno-rc.com.ar\/tienda\/wp-json\/wp\/v2\/product_brand?post=2684"},{"taxonomy":"product_cat","embeddable":true,"href":"https:\/\/techno-rc.com.ar\/tienda\/wp-json\/wp\/v2\/product_cat?post=2684"},{"taxonomy":"product_tag","embeddable":true,"href":"https:\/\/techno-rc.com.ar\/tienda\/wp-json\/wp\/v2\/product_tag?post=2684"}],"curies":[{"name":"wp","href":"https:\/\/api.w.org\/{rel}","templated":true}]}}