{"id":2703,"date":"2025-04-29T16:31:20","date_gmt":"2025-04-29T19:31:20","guid":{"rendered":"https:\/\/techno-rc.com.ar\/tienda\/?post_type=product&#038;p=2703"},"modified":"2025-06-28T19:35:56","modified_gmt":"2025-06-28T22:35:56","slug":"volkano-cove-series-anc-dual-enc-tws-earphones-negro","status":"publish","type":"product","link":"https:\/\/techno-rc.com.ar\/tienda\/producto\/volkano-cove-series-anc-dual-enc-tws-earphones-negro\/","title":{"rendered":"Volkano Cove Series ANC + DUAL ENC TWS Earphones &#8211; Negro"},"content":{"rendered":"<div class=\"col-md-6\">\n<h5 class=\"mb-4\">Caracter\u00edsticas<\/h5>\n<p class=\"mb-2\">Experimenta una calidad de sonido superior con los Volkano Cove Series True Wireless Earphones. Con hasta 45 horas de reproducci\u00f3n, cancelaci\u00f3n activa de ruido (ANC) y cancelaci\u00f3n ambiental (ENC), estos auriculares est\u00e1n dise\u00f1ados para ofrecer comodidad y un rendimiento excepcional. Su estuche de carga con pantalla digital te mantiene al tanto del nivel de bater\u00eda, mientras que el puerto USB-C garantiza una carga r\u00e1pida y eficiente. Ideales para quienes buscan calidad, estilo y tecnolog\u00eda avanzada.<\/p>\n<ul class=\"list-type-none list-type-check mt-0 mb-8\">\n<li>Hasta 45 horas de reproducci\u00f3n<\/li>\n<li>Pantalla digital de carga<\/li>\n<li>Cancelaci\u00f3n Activa de Ruido (ANC) y Cancelaci\u00f3n de Ruido Ambiental (ENC)<\/li>\n<\/ul>\n<h5 class=\"mb-3\">Especificaciones<\/h5>\n<table class=\"table\">\n<tbody>\n<tr>\n<th class=\"font-primary font-weight-semi-bold text-dark pl-0\" scope=\"row\">Versi\u00f3n Bluetooth<\/th>\n<td class=\"pl-4\">V5.4<\/td>\n<\/tr>\n<tr>\n<th class=\"font-primary font-weight-semi-bold text-dark pl-0\" scope=\"row\">Chipset<\/th>\n<td class=\"pl-4\">AC7003<\/td>\n<\/tr>\n<tr>\n<th class=\"font-primary font-weight-semi-bold text-dark pl-0\" scope=\"row\">Perfiles<\/th>\n<td class=\"pl-4\">HSP, HFP, A2DP<\/td>\n<\/tr>\n<tr>\n<th class=\"font-primary font-weight-semi-bold text-dark pl-0\" scope=\"row\">Distancia<\/th>\n<td class=\"pl-4\">Hasta 10 m<\/td>\n<\/tr>\n<tr>\n<th class=\"font-primary font-weight-semi-bold text-dark pl-0\" scope=\"row\">Bater\u00eda del estuche<\/th>\n<td class=\"pl-4\">500 mAh<\/td>\n<\/tr>\n<tr>\n<th class=\"font-primary font-weight-semi-bold text-dark pl-0\" scope=\"row\">Cantidad de recargas<\/th>\n<td class=\"pl-4\">3.5 veces<\/td>\n<\/tr>\n<tr>\n<th class=\"font-primary font-weight-semi-bold text-dark pl-0\" scope=\"row\">Entrada de carga<\/th>\n<td class=\"pl-4\">DC 5 V, 1 A<\/td>\n<\/tr>\n<tr>\n<th class=\"font-primary font-weight-semi-bold text-dark pl-0\" scope=\"row\">Puerto de carga<\/th>\n<td class=\"pl-4\">USB-C<\/td>\n<\/tr>\n<tr>\n<th class=\"font-primary font-weight-semi-bold text-dark pl-0\" scope=\"row\">Bater\u00eda de los aud\u00edfonos<\/th>\n<td class=\"pl-4\">50 mAh x2<\/td>\n<\/tr>\n<tr>\n<th class=\"font-primary font-weight-semi-bold text-dark pl-0\" scope=\"row\">Tiempo de carga<\/th>\n<td class=\"pl-4\">2 horas<\/td>\n<\/tr>\n<tr>\n<th class=\"font-primary font-weight-semi-bold text-dark pl-0\" scope=\"row\">Tiempo de reproducci\u00f3n<\/th>\n<td class=\"pl-4\">50% volumen (ANC activado): 9.5 horas<br \/>\n50% volumen (ANC desactivado): 10 horas<br \/>\n100% volumen (ANC activado): 8.5 horas<br \/>\n100% volumen (ANC desactivado): 9 horas<\/td>\n<\/tr>\n<tr>\n<th class=\"font-primary font-weight-semi-bold text-dark pl-0\" scope=\"row\">Sensibilidad<\/th>\n<td class=\"pl-4\">105 \u00b1 3 dB<\/td>\n<\/tr>\n<tr>\n<th class=\"font-primary font-weight-semi-bold text-dark pl-0\" scope=\"row\">Impedancia<\/th>\n<td class=\"pl-4\">32 \u03a9<\/td>\n<\/tr>\n<tr>\n<th class=\"font-primary font-weight-semi-bold text-dark pl-0\" scope=\"row\">Respuesta de frecuencia<\/th>\n<td class=\"pl-4\">20 Hz \u2013 20 kHz<\/td>\n<\/tr>\n<tr>\n<th class=\"font-primary font-weight-semi-bold text-dark pl-0\" scope=\"row\">Reducci\u00f3n de dB<\/th>\n<td class=\"pl-4\">ANC: -30 dB, ENC: -28 dB<\/td>\n<\/tr>\n<\/tbody>\n<\/table>\n<\/div>\n<div class=\"col-md-6 pl-md-6\">\n<div class=\"d-flex flex-wrap\">\n<div class=\"icon-box icon-box-side icon-border mb-4 mr-5\">\n<div class=\"icon-box-icon mr-4\"><\/div>\n<div class=\"icon-box-content\">\n<h4 class=\"icon-box-title text-normal lh-1 pt-3 ls-s\">1 a\u00f1o de garant\u00eda<\/h4>\n<p class=\"icon-box-desc mb-0\">Garant\u00eda<\/p>\n<\/div>\n<\/div>\n<\/div>\n<\/div>\n","protected":false},"excerpt":{"rendered":"<p>Caracter\u00edsticas Experimenta una calidad de sonido superior con los Volkano Cove Series True Wireless Earphones. Con hasta 45 horas de reproducci\u00f3n, cancelaci\u00f3n activa de ruido (ANC) y cancelaci\u00f3n ambiental (ENC), estos auriculares est\u00e1n dise\u00f1ados para ofrecer comodidad y un rendimiento excepcional. Su estuche de carga con pantalla digital te mantiene al tanto del nivel de [&hellip;]<\/p>\n","protected":false},"featured_media":2704,"comment_status":"open","ping_status":"closed","template":"","meta":{"advanced_seo_description":"","jetpack_seo_html_title":"","jetpack_seo_noindex":false,"_joinchat":[]},"product_brand":[],"product_cat":[38,106,33,36],"product_tag":[],"class_list":{"0":"post-2703","1":"product","2":"type-product","3":"status-publish","4":"has-post-thumbnail","6":"product_cat-auriculares","7":"product_cat-earphones","8":"product_cat-insformatica","9":"product_cat-linea-volkano","11":"first","12":"instock","13":"taxable","14":"shipping-taxable","15":"purchasable","16":"product-type-simple"},"jetpack_sharing_enabled":true,"_links":{"self":[{"href":"https:\/\/techno-rc.com.ar\/tienda\/wp-json\/wp\/v2\/product\/2703","targetHints":{"allow":["GET"]}}],"collection":[{"href":"https:\/\/techno-rc.com.ar\/tienda\/wp-json\/wp\/v2\/product"}],"about":[{"href":"https:\/\/techno-rc.com.ar\/tienda\/wp-json\/wp\/v2\/types\/product"}],"replies":[{"embeddable":true,"href":"https:\/\/techno-rc.com.ar\/tienda\/wp-json\/wp\/v2\/comments?post=2703"}],"wp:featuredmedia":[{"embeddable":true,"href":"https:\/\/techno-rc.com.ar\/tienda\/wp-json\/wp\/v2\/media\/2704"}],"wp:attachment":[{"href":"https:\/\/techno-rc.com.ar\/tienda\/wp-json\/wp\/v2\/media?parent=2703"}],"wp:term":[{"taxonomy":"product_brand","embeddable":true,"href":"https:\/\/techno-rc.com.ar\/tienda\/wp-json\/wp\/v2\/product_brand?post=2703"},{"taxonomy":"product_cat","embeddable":true,"href":"https:\/\/techno-rc.com.ar\/tienda\/wp-json\/wp\/v2\/product_cat?post=2703"},{"taxonomy":"product_tag","embeddable":true,"href":"https:\/\/techno-rc.com.ar\/tienda\/wp-json\/wp\/v2\/product_tag?post=2703"}],"curies":[{"name":"wp","href":"https:\/\/api.w.org\/{rel}","templated":true}]}}