{"id":2827,"date":"2025-04-29T13:37:23","date_gmt":"2025-04-29T16:37:23","guid":{"rendered":"https:\/\/techno-rc.com.ar\/tienda\/?post_type=product&#038;p=2827"},"modified":"2025-06-28T19:36:04","modified_gmt":"2025-06-28T22:36:04","slug":"vx-gaming-athena-3600dpi-gaming-mouse-con-luz","status":"publish","type":"product","link":"https:\/\/techno-rc.com.ar\/tienda\/producto\/vx-gaming-athena-3600dpi-gaming-mouse-con-luz\/","title":{"rendered":"VX Gaming Athena 3600DPI Gaming Mouse con luz."},"content":{"rendered":"<div class=\"col-md-6\">\n<h5 class=\"mb-4\">Caracter\u00edsticas<\/h5>\n<p class=\"mb-2\">Lleva tu juego al siguiente nivel con nuestro mouse gaming de alto rendimiento. Equipado con un sensor de alta precisi\u00f3n y una sensibilidad ajustable de hasta 3600 DPI, te ofrece la m\u00e1xima precisi\u00f3n y respuesta en cada movimiento. El cable de alta resistencia garantiza durabilidad y fiabilidad durante intensas sesiones de juego. Con un interruptor DPI ajustable de 1200, 2400 y 3600 DPI, puedes cambiar f\u00e1cilmente la sensibilidad seg\u00fan tus necesidades. Disfruta de una experiencia visual \u00fanica con 7 colores de iluminaci\u00f3n y una superficie de goma antideslizante para un agarre c\u00f3modo y seguro. Adem\u00e1s, sus 6 botones programables te permiten personalizar tus comandos para una ventaja competitiva.<\/p>\n<ul class=\"list-type-none list-type-check mt-0 mb-8\">\n<li>Sensor de alta precisi\u00f3n<\/li>\n<li>Hasta 3600 DPI<\/li>\n<li>Cable ultra resistente<\/li>\n<li>Interruptor DPI: 1200\/2400\/3600<\/li>\n<li>6 botones<\/li>\n<li>7 colores de iluminaci\u00f3n<\/li>\n<li>Acabado antideslizante de goma<\/li>\n<\/ul>\n<\/div>\n<div class=\"col-md-6 pl-md-6\">\n<div class=\"d-flex flex-wrap\">\n<div class=\"icon-box icon-box-side icon-border mb-4 mr-5\">\n<div class=\"icon-box-icon mr-4\">\n<p>&nbsp;<\/p>\n<p>&nbsp;<\/p>\n<p>&nbsp;<\/p>\n<\/div>\n<div class=\"icon-box-content\">\n<h4 class=\"icon-box-title text-normal lh-1 pt-3 ls-s\">1 year warranty<\/h4>\n<p class=\"icon-box-desc mb-0\">Grantia de ve<\/p>\n<\/div>\n<\/div>\n<\/div>\n<\/div>\n","protected":false},"excerpt":{"rendered":"<p>Caracter\u00edsticas Lleva tu juego al siguiente nivel con nuestro mouse gaming de alto rendimiento. Equipado con un sensor de alta precisi\u00f3n y una sensibilidad ajustable de hasta 3600 DPI, te ofrece la m\u00e1xima precisi\u00f3n y respuesta en cada movimiento. El cable de alta resistencia garantiza durabilidad y fiabilidad durante intensas sesiones de juego. Con un &hellip;<\/p>\n<p class=\"read-more\"> <a class=\" thunk-readmore button \" href=\"https:\/\/techno-rc.com.ar\/tienda\/producto\/vx-gaming-athena-3600dpi-gaming-mouse-con-luz\/\"> <span class=\"screen-reader-text\">VX Gaming Athena 3600DPI Gaming Mouse con luz.<\/span>Leer m\u00e1s<\/a><\/p>\n","protected":false},"featured_media":2828,"comment_status":"open","ping_status":"closed","template":"","meta":{"advanced_seo_description":"","jetpack_seo_html_title":"","jetpack_seo_noindex":false,"_joinchat":[]},"product_brand":[],"product_cat":[37,33,36,40],"product_tag":[],"class_list":{"0":"post-2827","1":"product","2":"type-product","3":"status-publish","4":"has-post-thumbnail","6":"product_cat-gaming","7":"product_cat-insformatica","8":"product_cat-linea-volkano","9":"product_cat-mouse-y-mouse-gamer","10":"thunk-woo-product-list","11":"opn-qv-enable","12":"open-woo-hover-none","13":"open-single-product-tab-horizontal","14":"open-shadow-","15":"open-shadow-hover-","17":"first","18":"instock","19":"taxable","20":"shipping-taxable","21":"purchasable","22":"product-type-simple"},"jetpack_sharing_enabled":true,"_links":{"self":[{"href":"https:\/\/techno-rc.com.ar\/tienda\/wp-json\/wp\/v2\/product\/2827","targetHints":{"allow":["GET"]}}],"collection":[{"href":"https:\/\/techno-rc.com.ar\/tienda\/wp-json\/wp\/v2\/product"}],"about":[{"href":"https:\/\/techno-rc.com.ar\/tienda\/wp-json\/wp\/v2\/types\/product"}],"replies":[{"embeddable":true,"href":"https:\/\/techno-rc.com.ar\/tienda\/wp-json\/wp\/v2\/comments?post=2827"}],"wp:featuredmedia":[{"embeddable":true,"href":"https:\/\/techno-rc.com.ar\/tienda\/wp-json\/wp\/v2\/media\/2828"}],"wp:attachment":[{"href":"https:\/\/techno-rc.com.ar\/tienda\/wp-json\/wp\/v2\/media?parent=2827"}],"wp:term":[{"taxonomy":"product_brand","embeddable":true,"href":"https:\/\/techno-rc.com.ar\/tienda\/wp-json\/wp\/v2\/product_brand?post=2827"},{"taxonomy":"product_cat","embeddable":true,"href":"https:\/\/techno-rc.com.ar\/tienda\/wp-json\/wp\/v2\/product_cat?post=2827"},{"taxonomy":"product_tag","embeddable":true,"href":"https:\/\/techno-rc.com.ar\/tienda\/wp-json\/wp\/v2\/product_tag?post=2827"}],"curies":[{"name":"wp","href":"https:\/\/api.w.org\/{rel}","templated":true}]}}