{"id":2839,"date":"2025-04-29T16:43:29","date_gmt":"2025-04-29T19:43:29","guid":{"rendered":"https:\/\/techno-rc.com.ar\/tienda\/?post_type=product&#038;p=2839"},"modified":"2025-06-28T19:35:55","modified_gmt":"2025-06-28T22:35:55","slug":"vx-gaming-harmonia-rgb-mousepad-300x250x3mm","status":"publish","type":"product","link":"https:\/\/techno-rc.com.ar\/tienda\/producto\/vx-gaming-harmonia-rgb-mousepad-300x250x3mm\/","title":{"rendered":"VX Gaming Harmonia RGB Mousepad 300x250x3mm"},"content":{"rendered":"<div class=\"col-md-6\">\n<h5 class=\"mb-4\">Caracter\u00edsticas<\/h5>\n<p class=\"mb-2\">Lleva tu configuraci\u00f3n de juego al siguiente nivel con este mousepad gamer de 300x250x3 mm, dise\u00f1ado para ofrecer tanto rendimiento como estilo. Equipado con una iluminaci\u00f3n RGB din\u00e1mica, este mousepad no solo proporciona una superficie de juego suave y precisa, sino que tambi\u00e9n agrega un toque visual impactante a tu estaci\u00f3n de juego. Su grosor de 3 mm asegura comodidad durante largas sesiones, mientras que la base antideslizante mantiene el mousepad firmemente en su lugar. Perfecto para jugadores que buscan una combinaci\u00f3n de funcionalidad y est\u00e9tica en su equipo.<\/p>\n<ul class=\"list-type-none list-type-check mt-0 mb-8\">\n<li>Iluminaci\u00f3n RGB din\u00e1mica<\/li>\n<li>Dimensiones: 300 x 250 x 3 mm<\/li>\n<li>Superficie suave para un control preciso<\/li>\n<li>Base antideslizante para estabilidad<\/li>\n<li>Grosor de 3 mm para mayor comodidad<\/li>\n<li>Dise\u00f1o elegante para complementar tu estaci\u00f3n de juego<\/li>\n<\/ul>\n<\/div>\n<div class=\"col-md-6 pl-md-6\">\n<div class=\"d-flex flex-wrap\">\n<div class=\"icon-box icon-box-side icon-border mb-4 mr-5\">\n<div class=\"icon-box-icon mr-4\">\n<p>&nbsp;<\/p>\n<p>&nbsp;<\/p>\n<p>&nbsp;<\/p>\n<\/div>\n<div class=\"icon-box-content\">\n<h4 class=\"icon-box-title text-normal lh-1 pt-3 ls-s\">1 year warranty<\/h4>\n<p class=\"icon-box-desc mb-0\">Grantia de verdad<\/p>\n<p>&nbsp;<\/p>\n<\/div>\n<p>&nbsp;<\/p>\n<\/div>\n<div class=\"divider ml-5 mr-9 d-none d-sm-block\"><\/div>\n<\/div>\n<\/div>\n","protected":false},"excerpt":{"rendered":"<p>Caracter\u00edsticas Lleva tu configuraci\u00f3n de juego al siguiente nivel con este mousepad gamer de 300x250x3 mm, dise\u00f1ado para ofrecer tanto rendimiento como estilo. Equipado con una iluminaci\u00f3n RGB din\u00e1mica, este mousepad no solo proporciona una superficie de juego suave y precisa, sino que tambi\u00e9n agrega un toque visual impactante a tu estaci\u00f3n de juego. Su &hellip;<\/p>\n<p class=\"read-more\"> <a class=\" thunk-readmore button \" href=\"https:\/\/techno-rc.com.ar\/tienda\/producto\/vx-gaming-harmonia-rgb-mousepad-300x250x3mm\/\"> <span class=\"screen-reader-text\">VX Gaming Harmonia RGB Mousepad 300x250x3mm<\/span>Leer m\u00e1s<\/a><\/p>\n","protected":false},"featured_media":2840,"comment_status":"open","ping_status":"closed","template":"","meta":{"advanced_seo_description":"","jetpack_seo_html_title":"","jetpack_seo_noindex":false,"_joinchat":[]},"product_brand":[],"product_cat":[37,33,36,39],"product_tag":[],"class_list":{"0":"post-2839","1":"product","2":"type-product","3":"status-publish","4":"has-post-thumbnail","6":"product_cat-gaming","7":"product_cat-insformatica","8":"product_cat-linea-volkano","9":"product_cat-mouse-pad-y-pad-gamer","10":"thunk-woo-product-list","11":"opn-qv-enable","12":"open-woo-hover-none","13":"open-single-product-tab-horizontal","14":"open-shadow-","15":"open-shadow-hover-","17":"first","18":"instock","19":"taxable","20":"shipping-taxable","21":"purchasable","22":"product-type-simple"},"jetpack_sharing_enabled":true,"_links":{"self":[{"href":"https:\/\/techno-rc.com.ar\/tienda\/wp-json\/wp\/v2\/product\/2839","targetHints":{"allow":["GET"]}}],"collection":[{"href":"https:\/\/techno-rc.com.ar\/tienda\/wp-json\/wp\/v2\/product"}],"about":[{"href":"https:\/\/techno-rc.com.ar\/tienda\/wp-json\/wp\/v2\/types\/product"}],"replies":[{"embeddable":true,"href":"https:\/\/techno-rc.com.ar\/tienda\/wp-json\/wp\/v2\/comments?post=2839"}],"wp:featuredmedia":[{"embeddable":true,"href":"https:\/\/techno-rc.com.ar\/tienda\/wp-json\/wp\/v2\/media\/2840"}],"wp:attachment":[{"href":"https:\/\/techno-rc.com.ar\/tienda\/wp-json\/wp\/v2\/media?parent=2839"}],"wp:term":[{"taxonomy":"product_brand","embeddable":true,"href":"https:\/\/techno-rc.com.ar\/tienda\/wp-json\/wp\/v2\/product_brand?post=2839"},{"taxonomy":"product_cat","embeddable":true,"href":"https:\/\/techno-rc.com.ar\/tienda\/wp-json\/wp\/v2\/product_cat?post=2839"},{"taxonomy":"product_tag","embeddable":true,"href":"https:\/\/techno-rc.com.ar\/tienda\/wp-json\/wp\/v2\/product_tag?post=2839"}],"curies":[{"name":"wp","href":"https:\/\/api.w.org\/{rel}","templated":true}]}}