{"id":2846,"date":"2025-04-29T16:21:31","date_gmt":"2025-04-29T19:21:31","guid":{"rendered":"https:\/\/techno-rc.com.ar\/tienda\/?post_type=product&#038;p=2846"},"modified":"2025-06-28T19:35:57","modified_gmt":"2025-06-28T22:35:57","slug":"vx-gaming-maverick-series-gaming-headset-rgb","status":"publish","type":"product","link":"https:\/\/techno-rc.com.ar\/tienda\/producto\/vx-gaming-maverick-series-gaming-headset-rgb\/","title":{"rendered":"VX Gaming Maverick series Gaming Headset RGB"},"content":{"rendered":"<div class=\"col-md-6\">\n<h5 class=\"mb-4\">Caracter\u00edsticas<\/h5>\n<p class=\"mb-2\">Eleva tu experiencia de juego con los auriculares RGB Gaming Headset, dise\u00f1ados para ofrecer compatibilidad universal y una inmersi\u00f3n total. Estos auriculares son compatibles con PC, Mac, PS4, Xbox, Android e iOS, asegurando que puedas disfrutar de un sonido envolvente en cualquier plataforma. Las luces RGB integradas a\u00f1aden un toque visual din\u00e1mico, mientras que el micr\u00f3fono ajustable permite una comunicaci\u00f3n clara y personalizada durante tus partidas. Con un dise\u00f1o c\u00f3modo y funcional, estos auriculares est\u00e1n preparados para llevar tu gaming al siguiente nivel.<\/p>\n<ul class=\"list-type-none list-type-check mt-0 mb-8\">\n<li>Compatible con PC, Mac, PS4, Xbox, Android e iOS<\/li>\n<li>Luces RGB integradas<\/li>\n<li>Micr\u00f3fono ajustable<\/li>\n<\/ul>\n<h5 class=\"mb-3\">Especificaciones<\/h5>\n<table class=\"table\">\n<tbody>\n<tr>\n<th class=\"font-primary font-weight-semi-bold text-dark pl-0\" scope=\"row\">Driver Size<\/th>\n<td class=\"pl-4\">40 mm<\/td>\n<\/tr>\n<tr>\n<th class=\"font-primary font-weight-semi-bold text-dark pl-0\" scope=\"row\">Impedance (Speakers)<\/th>\n<td class=\"pl-4\">32 \u03a9 \u00b1 15%<\/td>\n<\/tr>\n<tr>\n<th class=\"font-primary font-weight-semi-bold text-dark pl-0\" scope=\"row\">Sensitivity (Speakers)<\/th>\n<td class=\"pl-4\">105 \u00b13 dB<\/td>\n<\/tr>\n<tr>\n<th class=\"font-primary font-weight-semi-bold text-dark pl-0\" scope=\"row\">Frequency Response (Speakers)<\/th>\n<td class=\"pl-4\">20 Hz \u2013 20 kHz<\/td>\n<\/tr>\n<tr>\n<th class=\"font-primary font-weight-semi-bold text-dark pl-0\" scope=\"row\">Microphone Type<\/th>\n<td class=\"pl-4\">Omni-Directional<\/td>\n<\/tr>\n<tr>\n<th class=\"font-primary font-weight-semi-bold text-dark pl-0\" scope=\"row\">Microphone Sensitivity<\/th>\n<td class=\"pl-4\">-58 \u00b13 dB<\/td>\n<\/tr>\n<tr>\n<th class=\"font-primary font-weight-semi-bold text-dark pl-0\" scope=\"row\">Microphone Impedance<\/th>\n<td class=\"pl-4\">2.2 k\u03a9<\/td>\n<\/tr>\n<tr>\n<th class=\"font-primary font-weight-semi-bold text-dark pl-0\" scope=\"row\">Cable Length<\/th>\n<td class=\"pl-4\">2 m<\/td>\n<\/tr>\n<tr>\n<th class=\"font-primary font-weight-semi-bold text-dark pl-0\" scope=\"row\">Cable Connector<\/th>\n<td class=\"pl-4\">3.5 mm<\/td>\n<\/tr>\n<\/tbody>\n<\/table>\n<\/div>\n<div class=\"col-md-6 pl-md-6\">\n<div class=\"d-flex flex-wrap\">\n<div class=\"icon-box icon-box-side icon-border mb-4 mr-5\">\n<div class=\"icon-box-icon mr-4\">\n<p>&nbsp;<\/p>\n<p>&nbsp;<\/p>\n<p>&nbsp;<\/p>\n<\/div>\n<div class=\"icon-box-content\">\n<h4 class=\"icon-box-title text-normal lh-1 pt-3 ls-s\">1 year warranty<\/h4>\n<p class=\"icon-box-desc mb-0\">Grantia d<\/p>\n<\/div>\n<\/div>\n<\/div>\n<\/div>\n","protected":false},"excerpt":{"rendered":"<p>Caracter\u00edsticas Eleva tu experiencia de juego con los auriculares RGB Gaming Headset, dise\u00f1ados para ofrecer compatibilidad universal y una inmersi\u00f3n total. Estos auriculares son compatibles con PC, Mac, PS4, Xbox, Android e iOS, asegurando que puedas disfrutar de un sonido envolvente en cualquier plataforma. Las luces RGB integradas a\u00f1aden un toque visual din\u00e1mico, mientras que &hellip;<\/p>\n<p class=\"read-more\"> <a class=\" thunk-readmore button \" href=\"https:\/\/techno-rc.com.ar\/tienda\/producto\/vx-gaming-maverick-series-gaming-headset-rgb\/\"> <span class=\"screen-reader-text\">VX Gaming Maverick series Gaming Headset RGB<\/span>Leer m\u00e1s<\/a><\/p>\n","protected":false},"featured_media":2847,"comment_status":"closed","ping_status":"closed","template":"","meta":{"advanced_seo_description":"","jetpack_seo_html_title":"","jetpack_seo_noindex":false,"_joinchat":[]},"product_brand":[],"product_cat":[38,37,33,36],"product_tag":[],"class_list":{"0":"post-2846","1":"product","2":"type-product","3":"status-publish","4":"has-post-thumbnail","6":"product_cat-auriculares","7":"product_cat-gaming","8":"product_cat-insformatica","9":"product_cat-linea-volkano","10":"thunk-woo-product-list","11":"opn-qv-enable","12":"open-woo-hover-none","13":"open-single-product-tab-horizontal","14":"open-shadow-","15":"open-shadow-hover-","17":"first","18":"instock","19":"taxable","20":"shipping-taxable","21":"purchasable","22":"product-type-simple"},"jetpack_sharing_enabled":true,"_links":{"self":[{"href":"https:\/\/techno-rc.com.ar\/tienda\/wp-json\/wp\/v2\/product\/2846","targetHints":{"allow":["GET"]}}],"collection":[{"href":"https:\/\/techno-rc.com.ar\/tienda\/wp-json\/wp\/v2\/product"}],"about":[{"href":"https:\/\/techno-rc.com.ar\/tienda\/wp-json\/wp\/v2\/types\/product"}],"replies":[{"embeddable":true,"href":"https:\/\/techno-rc.com.ar\/tienda\/wp-json\/wp\/v2\/comments?post=2846"}],"wp:featuredmedia":[{"embeddable":true,"href":"https:\/\/techno-rc.com.ar\/tienda\/wp-json\/wp\/v2\/media\/2847"}],"wp:attachment":[{"href":"https:\/\/techno-rc.com.ar\/tienda\/wp-json\/wp\/v2\/media?parent=2846"}],"wp:term":[{"taxonomy":"product_brand","embeddable":true,"href":"https:\/\/techno-rc.com.ar\/tienda\/wp-json\/wp\/v2\/product_brand?post=2846"},{"taxonomy":"product_cat","embeddable":true,"href":"https:\/\/techno-rc.com.ar\/tienda\/wp-json\/wp\/v2\/product_cat?post=2846"},{"taxonomy":"product_tag","embeddable":true,"href":"https:\/\/techno-rc.com.ar\/tienda\/wp-json\/wp\/v2\/product_tag?post=2846"}],"curies":[{"name":"wp","href":"https:\/\/api.w.org\/{rel}","templated":true}]}}