{"id":2875,"date":"2025-04-29T13:42:21","date_gmt":"2025-04-29T16:42:21","guid":{"rendered":"https:\/\/techno-rc.com.ar\/tienda\/?post_type=product&#038;p=2875"},"modified":"2025-06-28T19:36:03","modified_gmt":"2025-06-28T22:36:03","slug":"chrome-series-2-4ghz-wireless-ergonomic-gris","status":"publish","type":"product","link":"https:\/\/techno-rc.com.ar\/tienda\/producto\/chrome-series-2-4ghz-wireless-ergonomic-gris\/","title":{"rendered":"Chrome Series 2.4Ghz Wireless Ergonomic &#8211; Gris"},"content":{"rendered":"<div class=\"col-md-6\">\n<h5 class=\"mb-4\">Caracter\u00edsticas<\/h5>\n<p class=\"mb-2\">Disfruta de la comodidad y precisi\u00f3n con el rat\u00f3n ergon\u00f3mico Chrome Series. Equipado con conectividad inal\u00e1mbrica de 2.4GHz, dise\u00f1o ergon\u00f3mico para un uso prolongado sin fatiga, y 6 botones para un control avanzado. Ideal para aquellos que buscan un rat\u00f3n de alta calidad y rendimiento.<\/p>\n<ul class=\"list-type-none list-type-check mt-0 mb-8\">\n<li>Dise\u00f1o Ergon\u00f3mico<\/li>\n<li>DPI Ajustable<\/li>\n<li>6 Botones<\/li>\n<li>Receptor Nano USB<\/li>\n<\/ul>\n<h5 class=\"mb-3\">Especificaciones<\/h5>\n<table class=\"table\">\n<tbody>\n<tr>\n<th class=\"font-primary font-weight-semi-bold text-dark pl-0\" scope=\"row\">Tipo de Rat\u00f3n<\/th>\n<td class=\"pl-4\">Rat\u00f3n Inal\u00e1mbrico 2.4 GHz<\/td>\n<\/tr>\n<tr>\n<th class=\"font-primary font-weight-semi-bold text-dark pl-0\" scope=\"row\">Alcance<\/th>\n<td class=\"pl-4\">10 m<\/td>\n<\/tr>\n<tr>\n<th class=\"font-primary font-weight-semi-bold text-dark pl-0\" scope=\"row\">Botones<\/th>\n<td class=\"pl-4\">6<\/td>\n<\/tr>\n<tr>\n<th class=\"font-primary font-weight-semi-bold text-dark pl-0\" scope=\"row\">Resoluci\u00f3n<\/th>\n<td class=\"pl-4\">DPI Ajustable 1000 \/ 1200 \/ 1600<\/td>\n<\/tr>\n<tr>\n<th class=\"font-primary font-weight-semi-bold text-dark pl-0\" scope=\"row\">IC<\/th>\n<td class=\"pl-4\">XT+ A2G<\/td>\n<\/tr>\n<tr>\n<th class=\"font-primary font-weight-semi-bold text-dark pl-0\" scope=\"row\">Tipo de Bater\u00eda<\/th>\n<td class=\"pl-4\">2x Bater\u00edas AAA (No Incluidas)<\/td>\n<\/tr>\n<tr>\n<th class=\"font-primary font-weight-semi-bold text-dark pl-0\" scope=\"row\">Receptor<\/th>\n<td class=\"pl-4\">Nano USB<\/td>\n<\/tr>\n<tr>\n<th class=\"font-primary font-weight-semi-bold text-dark pl-0\" scope=\"row\">Compatibilidad<\/th>\n<td class=\"pl-4\">Windows XP \/ Vista \/ 7 \/ 8 \/ 10 \/ 11, Mac OS X 10.5 o superior<\/td>\n<\/tr>\n<tr>\n<th class=\"font-primary font-weight-semi-bold text-dark pl-0\" scope=\"row\">Tama\u00f1o<\/th>\n<td class=\"pl-4\">110.5 x 72.6 x 43 mm<\/td>\n<\/tr>\n<\/tbody>\n<\/table>\n<\/div>\n<div class=\"col-md-6 pl-md-6\">\n<div class=\"d-flex flex-wrap\">\n<div class=\"icon-box icon-box-side icon-border mb-4 mr-5\">\n<div class=\"icon-box-icon mr-4\">\n<p>&nbsp;<\/p>\n<p>&nbsp;<\/p>\n<p>&nbsp;<\/p>\n<\/div>\n<div class=\"icon-box-content\">\n<h4 class=\"icon-box-title text-normal lh-1 pt-3 ls-s\">1 a\u00f1o de garantia<\/h4>\n<p class=\"icon-box-desc mb-0\">Grantia de verdad<\/p>\n<p>&nbsp;<\/p>\n<\/div>\n<p>&nbsp;<\/p>\n<\/div>\n<\/div>\n<\/div>\n","protected":false},"excerpt":{"rendered":"<p>Caracter\u00edsticas Disfruta de la comodidad y precisi\u00f3n con el rat\u00f3n ergon\u00f3mico Chrome Series. Equipado con conectividad inal\u00e1mbrica de 2.4GHz, dise\u00f1o ergon\u00f3mico para un uso prolongado sin fatiga, y 6 botones para un control avanzado. Ideal para aquellos que buscan un rat\u00f3n de alta calidad y rendimiento. Dise\u00f1o Ergon\u00f3mico DPI Ajustable 6 Botones Receptor Nano USB &hellip;<\/p>\n<p class=\"read-more\"> <a class=\" thunk-readmore button \" href=\"https:\/\/techno-rc.com.ar\/tienda\/producto\/chrome-series-2-4ghz-wireless-ergonomic-gris\/\"> <span class=\"screen-reader-text\">Chrome Series 2.4Ghz Wireless Ergonomic &#8211; Gris<\/span>Leer m\u00e1s<\/a><\/p>\n","protected":false},"featured_media":2877,"comment_status":"open","ping_status":"closed","template":"","meta":{"advanced_seo_description":"","jetpack_seo_html_title":"","jetpack_seo_noindex":false,"_joinchat":[]},"product_brand":[],"product_cat":[33,36,40],"product_tag":[],"class_list":{"0":"post-2875","1":"product","2":"type-product","3":"status-publish","4":"has-post-thumbnail","6":"product_cat-insformatica","7":"product_cat-linea-volkano","8":"product_cat-mouse-y-mouse-gamer","9":"thunk-woo-product-list","10":"opn-qv-enable","11":"open-woo-hover-none","12":"open-single-product-tab-horizontal","13":"open-shadow-","14":"open-shadow-hover-","16":"first","17":"instock","18":"taxable","19":"shipping-taxable","20":"purchasable","21":"product-type-simple"},"jetpack_sharing_enabled":true,"_links":{"self":[{"href":"https:\/\/techno-rc.com.ar\/tienda\/wp-json\/wp\/v2\/product\/2875","targetHints":{"allow":["GET"]}}],"collection":[{"href":"https:\/\/techno-rc.com.ar\/tienda\/wp-json\/wp\/v2\/product"}],"about":[{"href":"https:\/\/techno-rc.com.ar\/tienda\/wp-json\/wp\/v2\/types\/product"}],"replies":[{"embeddable":true,"href":"https:\/\/techno-rc.com.ar\/tienda\/wp-json\/wp\/v2\/comments?post=2875"}],"wp:featuredmedia":[{"embeddable":true,"href":"https:\/\/techno-rc.com.ar\/tienda\/wp-json\/wp\/v2\/media\/2877"}],"wp:attachment":[{"href":"https:\/\/techno-rc.com.ar\/tienda\/wp-json\/wp\/v2\/media?parent=2875"}],"wp:term":[{"taxonomy":"product_brand","embeddable":true,"href":"https:\/\/techno-rc.com.ar\/tienda\/wp-json\/wp\/v2\/product_brand?post=2875"},{"taxonomy":"product_cat","embeddable":true,"href":"https:\/\/techno-rc.com.ar\/tienda\/wp-json\/wp\/v2\/product_cat?post=2875"},{"taxonomy":"product_tag","embeddable":true,"href":"https:\/\/techno-rc.com.ar\/tienda\/wp-json\/wp\/v2\/product_tag?post=2875"}],"curies":[{"name":"wp","href":"https:\/\/api.w.org\/{rel}","templated":true}]}}