{"id":2940,"date":"2025-04-29T14:15:52","date_gmt":"2025-04-29T17:15:52","guid":{"rendered":"https:\/\/techno-rc.com.ar\/tienda\/?post_type=product&#038;p=2940"},"modified":"2025-06-28T19:36:02","modified_gmt":"2025-06-28T22:36:02","slug":"volkanox-gem-series-silent-bt-multimode-keyboard-mouse-combo","status":"publish","type":"product","link":"https:\/\/techno-rc.com.ar\/tienda\/producto\/volkanox-gem-series-silent-bt-multimode-keyboard-mouse-combo\/","title":{"rendered":"VolkanoX Gem Series Silent BT Multimode Keyboard\/Mouse Combo"},"content":{"rendered":"<div class=\" elementor-element elementor-element-0e4e5b0 elementor-widget elementor-widget-riode_sproduct_data_tab\" data-id=\"0e4e5b0\" data-element_type=\"widget\" data-widget_type=\"riode_sproduct_data_tab.default\">\n<div class=\"elementor-widget-container\">\n<div class=\"woocommerce-tabs wc-tabs-wrapper tab tab-nav-simple tab-nav-center\">\n<div id=\"tab-description\" class=\"woocommerce-Tabs-panel woocommerce-Tabs-panel--description panel entry-content wc-tab tab-pane\" role=\"tabpanel\" aria-labelledby=\"tab-title-description\">\n<div class=\"row mt-6\">\n<div class=\"col-md-6\">\n<h5 class=\"mb-4\">Caracter\u00edsticas<\/h5>\n<p class=\"mb-2\">El combo VolkanoX Gem Series incluye un teclado y un mouse silenciosos con opciones de conexi\u00f3n vers\u00e1tiles mediante un receptor nano USB compartido y una conexi\u00f3n Bluetooth independiente. Ambos dispositivos son recargables, lo que garantiza una larga duraci\u00f3n sin necesidad de reemplazar bater\u00edas. El teclado cuenta con 109 teclas con retroalimentaci\u00f3n t\u00e1ctil y 12 teclas de acceso r\u00e1pido, mientras que el mouse ofrece ajuste de DPI y una amplia gama de sensibilidad. Perfecto para un ambiente de trabajo silencioso y eficiente.<\/p>\n<ul class=\"list-type-none list-type-check mt-0 mb-8\">\n<li>Receptor Nano USB Compartido y Conexi\u00f3n Bluetooth Independiente<\/li>\n<li>Mouse y Teclado Silenciosos<\/li>\n<li>Teclado y Mouse Recargables<\/li>\n<\/ul>\n<h5 class=\"mb-3\">Especificaciones<\/h5>\n<ul>\n<li>\n<ul>\n<li>Mouse<\/li>\n<\/ul>\n<\/li>\n<\/ul>\n<table class=\"table\">\n<tbody>\n<tr>\n<th class=\"font-primary font-weight-semi-bold text-dark pl-0\" scope=\"row\">Controles<\/th>\n<td class=\"pl-4\">4 botones, rueda de desplazamiento, ajuste de DPI<\/td>\n<\/tr>\n<tr>\n<th class=\"font-primary font-weight-semi-bold text-dark pl-0\" scope=\"row\">Configuraciones de Sensibilidad<\/th>\n<td class=\"pl-4\">800\/1200\/1600 DPI<\/td>\n<\/tr>\n<tr>\n<th class=\"font-primary font-weight-semi-bold text-dark pl-0\" scope=\"row\">Receptor<\/th>\n<td class=\"pl-4\">Nano USB, Bluetooth Inal\u00e1mbrico<\/td>\n<\/tr>\n<tr>\n<th class=\"font-primary font-weight-semi-bold text-dark pl-0\" scope=\"row\">Rango<\/th>\n<td class=\"pl-4\">Hasta 10 m<\/td>\n<\/tr>\n<tr>\n<th class=\"font-primary font-weight-semi-bold text-dark pl-0\" scope=\"row\">Tipo de Bater\u00eda<\/th>\n<td class=\"pl-4\">500 mA<\/td>\n<\/tr>\n<tr>\n<th class=\"font-primary font-weight-semi-bold text-dark pl-0\" scope=\"row\">Calificaci\u00f3n<\/th>\n<td class=\"pl-4\">3.7V ~ 15MA<\/td>\n<\/tr>\n<\/tbody>\n<\/table>\n<ul>\n<li>\n<ul>\n<li>Teclado<\/li>\n<\/ul>\n<\/li>\n<\/ul>\n<table class=\"table\">\n<tbody>\n<tr>\n<th class=\"font-primary font-weight-semi-bold text-dark pl-0\" scope=\"row\">Teclas<\/th>\n<td class=\"pl-4\">109 teclas con retroalimentaci\u00f3n t\u00e1ctil, incluyendo 12 teclas de acceso r\u00e1pido<\/td>\n<\/tr>\n<tr>\n<th class=\"font-primary font-weight-semi-bold text-dark pl-0\" scope=\"row\">Receptor<\/th>\n<td class=\"pl-4\">Nano USB 2.4GHz<\/td>\n<\/tr>\n<tr>\n<th class=\"font-primary font-weight-semi-bold text-dark pl-0\" scope=\"row\">Rango<\/th>\n<td class=\"pl-4\">Hasta 10 metros<\/td>\n<\/tr>\n<tr>\n<th class=\"font-primary font-weight-semi-bold text-dark pl-0\" scope=\"row\">Tipo de Bater\u00eda<\/th>\n<td class=\"pl-4\">1000 mA<\/td>\n<\/tr>\n<tr>\n<th class=\"font-primary font-weight-semi-bold text-dark pl-0\" scope=\"row\">Calificaci\u00f3n<\/th>\n<td class=\"pl-4\">3.7V ~ 3 mAh<\/td>\n<\/tr>\n<tr>\n<th class=\"font-primary font-weight-semi-bold text-dark pl-0\" scope=\"row\">Retroiluminaci\u00f3n<\/th>\n<td class=\"pl-4\">3.7V ~ 112 mAh<\/td>\n<\/tr>\n<\/tbody>\n<\/table>\n<\/div>\n<div class=\"col-md-6 pl-md-6\">\n<div class=\"d-flex flex-wrap\">\n<div class=\"icon-box icon-box-side icon-border mb-4 mr-5\">\n<div class=\"icon-box-icon mr-4\">\n<p>&nbsp;<\/p>\n<p>&nbsp;<\/p>\n<p>&nbsp;<\/p>\n<\/div>\n<div class=\"icon-box-content\">\n<h4 class=\"icon-box-title text-normal lh-1 pt-3 ls-s\">1 a\u00f1o de garantia<\/h4>\n<p class=\"icon-box-desc mb-0\">Grantia de verdad<\/p>\n<\/div>\n<\/div>\n<\/div>\n<\/div>\n<\/div>\n<\/div>\n<\/div>\n<\/div>\n<\/div>\n<div class=\" elementor-element elementor-element-5a055d3 elementor-widget elementor-widget-riode_widget_heading\" data-id=\"5a055d3\" data-element_type=\"widget\" data-widget_type=\"riode_widget_heading.default\">\n<div class=\"elementor-widget-container\">\n<div class=\"title-wrapper title-cross title-center\"><\/div>\n<\/div>\n<\/div>\n","protected":false},"excerpt":{"rendered":"<p>Caracter\u00edsticas El combo VolkanoX Gem Series incluye un teclado y un mouse silenciosos con opciones de conexi\u00f3n vers\u00e1tiles mediante un receptor nano USB compartido y una conexi\u00f3n Bluetooth independiente. Ambos dispositivos son recargables, lo que garantiza una larga duraci\u00f3n sin necesidad de reemplazar bater\u00edas. El teclado cuenta con 109 teclas con retroalimentaci\u00f3n t\u00e1ctil y 12 &hellip;<\/p>\n<p class=\"read-more\"> <a class=\" thunk-readmore button \" href=\"https:\/\/techno-rc.com.ar\/tienda\/producto\/volkanox-gem-series-silent-bt-multimode-keyboard-mouse-combo\/\"> <span class=\"screen-reader-text\">VolkanoX Gem Series Silent BT Multimode Keyboard\/Mouse Combo<\/span>Leer m\u00e1s<\/a><\/p>\n","protected":false},"featured_media":2941,"comment_status":"closed","ping_status":"closed","template":"","meta":{"advanced_seo_description":"","jetpack_seo_html_title":"","jetpack_seo_noindex":false,"_joinchat":[]},"product_brand":[],"product_cat":[53,33,36],"product_tag":[],"class_list":{"0":"post-2940","1":"product","2":"type-product","3":"status-publish","4":"has-post-thumbnail","6":"product_cat-combo-teclado-y-mouse","7":"product_cat-insformatica","8":"product_cat-linea-volkano","9":"thunk-woo-product-list","10":"opn-qv-enable","11":"open-woo-hover-none","12":"open-single-product-tab-horizontal","13":"open-shadow-","14":"open-shadow-hover-","16":"first","17":"instock","18":"taxable","19":"shipping-taxable","20":"purchasable","21":"product-type-simple"},"jetpack_sharing_enabled":true,"_links":{"self":[{"href":"https:\/\/techno-rc.com.ar\/tienda\/wp-json\/wp\/v2\/product\/2940","targetHints":{"allow":["GET"]}}],"collection":[{"href":"https:\/\/techno-rc.com.ar\/tienda\/wp-json\/wp\/v2\/product"}],"about":[{"href":"https:\/\/techno-rc.com.ar\/tienda\/wp-json\/wp\/v2\/types\/product"}],"replies":[{"embeddable":true,"href":"https:\/\/techno-rc.com.ar\/tienda\/wp-json\/wp\/v2\/comments?post=2940"}],"wp:featuredmedia":[{"embeddable":true,"href":"https:\/\/techno-rc.com.ar\/tienda\/wp-json\/wp\/v2\/media\/2941"}],"wp:attachment":[{"href":"https:\/\/techno-rc.com.ar\/tienda\/wp-json\/wp\/v2\/media?parent=2940"}],"wp:term":[{"taxonomy":"product_brand","embeddable":true,"href":"https:\/\/techno-rc.com.ar\/tienda\/wp-json\/wp\/v2\/product_brand?post=2940"},{"taxonomy":"product_cat","embeddable":true,"href":"https:\/\/techno-rc.com.ar\/tienda\/wp-json\/wp\/v2\/product_cat?post=2940"},{"taxonomy":"product_tag","embeddable":true,"href":"https:\/\/techno-rc.com.ar\/tienda\/wp-json\/wp\/v2\/product_tag?post=2940"}],"curies":[{"name":"wp","href":"https:\/\/api.w.org\/{rel}","templated":true}]}}