{"id":2945,"date":"2025-04-29T13:51:51","date_gmt":"2025-04-29T16:51:51","guid":{"rendered":"https:\/\/techno-rc.com.ar\/tienda\/?post_type=product&#038;p=2945"},"modified":"2025-06-28T19:36:03","modified_gmt":"2025-06-28T22:36:03","slug":"x-garnet-series-bt-dual-mode-recargable-combo-negro","status":"publish","type":"product","link":"https:\/\/techno-rc.com.ar\/tienda\/producto\/x-garnet-series-bt-dual-mode-recargable-combo-negro\/","title":{"rendered":"X Garnet series BT Dual Mode Recargable Combo Negro"},"content":{"rendered":"<div class=\"col-md-6\">\n<h5 class=\"mb-4\">Caracter\u00edsticas<\/h5>\n<p class=\"mb-2\">El X Garnet Series BT Dual Mode Recargable Combo Negro es la soluci\u00f3n perfecta para quienes buscan una experiencia inal\u00e1mbrica fluida y vers\u00e1til. Este combo incluye un teclado y un mouse recargables, ambos con capacidad de conectividad dual, lo que te permite cambiar sin esfuerzo entre un receptor USB Nano compartido y una conexi\u00f3n Bluetooth independiente. El mouse ofrece tres niveles de sensibilidad DPI ajustables para una experiencia personalizada, mientras que el teclado cuenta con 104 teclas de retroalimentaci\u00f3n t\u00e1ctil, incluyendo 12 teclas de acceso r\u00e1pido. Adem\u00e1s, es compatible tanto con sistemas Windows como Mac, brindando una experiencia completa y adaptable.<\/p>\n<ul class=\"list-type-none list-type-check mt-0 mb-8\">\n<li>Receptor USB Nano compartido y conexi\u00f3n Bluetooth independiente.<\/li>\n<li>Teclado y rat\u00f3n recargables con modo dual de 2.4GHz y Bluetooth.<\/li>\n<li>Compatible con sistemas operativos Windows y Mac.<\/li>\n<\/ul>\n<h5 class=\"mb-3\">Especificaciones<\/h5>\n<table class=\"table\">\n<tbody>\n<tr>\n<th class=\"font-primary font-weight-semi-bold text-dark pl-0\" scope=\"row\">Mouse Controls<\/th>\n<td class=\"pl-4\">4 buttons, scroll wheel, DPI adjustment<\/td>\n<\/tr>\n<tr>\n<th class=\"font-primary font-weight-semi-bold text-dark pl-0\" scope=\"row\">Mouse Sensitivity Settings<\/th>\n<td class=\"pl-4\">800 \/ 1200 \/ 1600 DPI<\/td>\n<\/tr>\n<tr>\n<th class=\"font-primary font-weight-semi-bold text-dark pl-0\" scope=\"row\">Mouse Receiver<\/th>\n<td class=\"pl-4\">Nano USB, Bluetooth Wireless<\/td>\n<\/tr>\n<tr>\n<th class=\"font-primary font-weight-semi-bold text-dark pl-0\" scope=\"row\">Mouse Range<\/th>\n<td class=\"pl-4\">Up to 10 m<\/td>\n<\/tr>\n<tr>\n<th class=\"font-primary font-weight-semi-bold text-dark pl-0\" scope=\"row\">Mouse Battery Type<\/th>\n<td class=\"pl-4\">14500 \/ 400mAh<\/td>\n<\/tr>\n<tr>\n<th class=\"font-primary font-weight-semi-bold text-dark pl-0\" scope=\"row\">Keyboard Keys<\/th>\n<td class=\"pl-4\">104 Tactile feedback keys including 12 shortcut keys<\/td>\n<\/tr>\n<tr>\n<th class=\"font-primary font-weight-semi-bold text-dark pl-0\" scope=\"row\">Keyboard Receiver<\/th>\n<td class=\"pl-4\">2.4GHz Nano USB<\/td>\n<\/tr>\n<tr>\n<th class=\"font-primary font-weight-semi-bold text-dark pl-0\" scope=\"row\">Keyboard Range<\/th>\n<td class=\"pl-4\">Up to 10 meters<\/td>\n<\/tr>\n<tr>\n<th class=\"font-primary font-weight-semi-bold text-dark pl-0\" scope=\"row\">Keyboard Battery Type<\/th>\n<td class=\"pl-4\">14500 \/ 500mAh<\/td>\n<\/tr>\n<\/tbody>\n<\/table>\n<\/div>\n<div class=\"col-md-6 pl-md-6\">\n<div class=\"d-flex flex-wrap\">\n<div class=\"icon-box icon-box-side icon-border mb-4 mr-5\">\n<div class=\"icon-box-icon mr-4\">\n<p>&nbsp;<\/p>\n<p>&nbsp;<\/p>\n<p>&nbsp;<\/p>\n<\/div>\n<div class=\"icon-box-content\">\n<h4 class=\"icon-box-title text-normal lh-1 pt-3 ls-s\">1 a\u00f1o de garantia<\/h4>\n<p class=\"icon-box-desc mb-0\">Garantia de verdad<\/p>\n<p>&nbsp;<\/p>\n<\/div>\n<p>&nbsp;<\/p>\n<\/div>\n<\/div>\n<\/div>\n","protected":false},"excerpt":{"rendered":"<p>Caracter\u00edsticas El X Garnet Series BT Dual Mode Recargable Combo Negro es la soluci\u00f3n perfecta para quienes buscan una experiencia inal\u00e1mbrica fluida y vers\u00e1til. Este combo incluye un teclado y un mouse recargables, ambos con capacidad de conectividad dual, lo que te permite cambiar sin esfuerzo entre un receptor USB Nano compartido y una conexi\u00f3n &hellip;<\/p>\n<p class=\"read-more\"> <a class=\" thunk-readmore button \" href=\"https:\/\/techno-rc.com.ar\/tienda\/producto\/x-garnet-series-bt-dual-mode-recargable-combo-negro\/\"> <span class=\"screen-reader-text\">X Garnet series BT Dual Mode Recargable Combo Negro<\/span>Leer m\u00e1s<\/a><\/p>\n","protected":false},"featured_media":2946,"comment_status":"closed","ping_status":"closed","template":"","meta":{"advanced_seo_description":"","jetpack_seo_html_title":"","jetpack_seo_noindex":false,"_joinchat":[]},"product_brand":[],"product_cat":[53,33,36],"product_tag":[],"class_list":{"0":"post-2945","1":"product","2":"type-product","3":"status-publish","4":"has-post-thumbnail","6":"product_cat-combo-teclado-y-mouse","7":"product_cat-insformatica","8":"product_cat-linea-volkano","9":"thunk-woo-product-list","10":"opn-qv-enable","11":"open-woo-hover-none","12":"open-single-product-tab-horizontal","13":"open-shadow-","14":"open-shadow-hover-","16":"first","17":"instock","18":"taxable","19":"shipping-taxable","20":"purchasable","21":"product-type-simple"},"jetpack_sharing_enabled":true,"_links":{"self":[{"href":"https:\/\/techno-rc.com.ar\/tienda\/wp-json\/wp\/v2\/product\/2945","targetHints":{"allow":["GET"]}}],"collection":[{"href":"https:\/\/techno-rc.com.ar\/tienda\/wp-json\/wp\/v2\/product"}],"about":[{"href":"https:\/\/techno-rc.com.ar\/tienda\/wp-json\/wp\/v2\/types\/product"}],"replies":[{"embeddable":true,"href":"https:\/\/techno-rc.com.ar\/tienda\/wp-json\/wp\/v2\/comments?post=2945"}],"wp:featuredmedia":[{"embeddable":true,"href":"https:\/\/techno-rc.com.ar\/tienda\/wp-json\/wp\/v2\/media\/2946"}],"wp:attachment":[{"href":"https:\/\/techno-rc.com.ar\/tienda\/wp-json\/wp\/v2\/media?parent=2945"}],"wp:term":[{"taxonomy":"product_brand","embeddable":true,"href":"https:\/\/techno-rc.com.ar\/tienda\/wp-json\/wp\/v2\/product_brand?post=2945"},{"taxonomy":"product_cat","embeddable":true,"href":"https:\/\/techno-rc.com.ar\/tienda\/wp-json\/wp\/v2\/product_cat?post=2945"},{"taxonomy":"product_tag","embeddable":true,"href":"https:\/\/techno-rc.com.ar\/tienda\/wp-json\/wp\/v2\/product_tag?post=2945"}],"curies":[{"name":"wp","href":"https:\/\/api.w.org\/{rel}","templated":true}]}}