{"id":2962,"date":"2025-04-29T13:31:41","date_gmt":"2025-04-29T16:31:41","guid":{"rendered":"https:\/\/techno-rc.com.ar\/tienda\/?post_type=product&#038;p=2962"},"modified":"2025-06-28T19:36:37","modified_gmt":"2025-06-28T22:36:37","slug":"glacier-series-upright-notebook-soporte-refrigeracion-doble-ventilador","status":"publish","type":"product","link":"https:\/\/techno-rc.com.ar\/tienda\/producto\/glacier-series-upright-notebook-soporte-refrigeracion-doble-ventilador\/","title":{"rendered":"Glacier series upright notebook soporte refrigeracion doble ventilador."},"content":{"rendered":"<div class=\"col-md-6\">\n<h5 class=\"mb-4\">Caracter\u00edsticas<\/h5>\n<p class=\"mb-2\">El soporte de refrigeraci\u00f3n Glacier Series ofrece una soluci\u00f3n efectiva para mantener tu notebook fresca durante largas sesiones de uso. Equipado con dos ventiladores de 125 mm y m\u00faltiples \u00e1ngulos de inclinaci\u00f3n de hasta 21.6\u00b0, este soporte es compatible con laptops de hasta 17 pulgadas. Alimentado por USB, proporciona un flujo de aire \u00f3ptimo para evitar el sobrecalentamiento y mejorar el rendimiento de tu dispositivo.<\/p>\n<ul class=\"list-type-none list-type-check mt-0 mb-8\">\n<li>\u00c1ngulos de inclinaci\u00f3n m\u00faltiples de hasta 21.6\u00b0<\/li>\n<li>Compatible con laptops de hasta 17\u2033<\/li>\n<li>Alimentaci\u00f3n por USB<\/li>\n<li>Doble ventilador de 125 mm<\/li>\n<\/ul>\n<h5 class=\"mb-3\">Especificaciones<\/h5>\n<table class=\"table\">\n<tbody>\n<tr>\n<th class=\"font-primary font-weight-semi-bold text-dark pl-0\" scope=\"row\">Dimensiones Totales<\/th>\n<td class=\"pl-4\">390 x 280 x 28 mm<\/td>\n<\/tr>\n<tr>\n<th class=\"font-primary font-weight-semi-bold text-dark pl-0\" scope=\"row\">Dimensiones de los Ventiladores<\/th>\n<td class=\"pl-4\">125 x 125 x 15 mm x2<\/td>\n<\/tr>\n<tr>\n<th class=\"font-primary font-weight-semi-bold text-dark pl-0\" scope=\"row\">Material<\/th>\n<td class=\"pl-4\">Pl\u00e1stico y Malla de Hierro<\/td>\n<\/tr>\n<tr>\n<th class=\"font-primary font-weight-semi-bold text-dark pl-0\" scope=\"row\">Flujo de Aire<\/th>\n<td class=\"pl-4\">38 CFM<\/td>\n<\/tr>\n<tr>\n<th class=\"font-primary font-weight-semi-bold text-dark pl-0\" scope=\"row\">Entrada de Energ\u00eda<\/th>\n<td class=\"pl-4\">DC 5 V<\/td>\n<\/tr>\n<tr>\n<th class=\"font-primary font-weight-semi-bold text-dark pl-0\" scope=\"row\">Velocidad de los Ventiladores<\/th>\n<td class=\"pl-4\">1000 \u00b1 10% RPM<\/td>\n<\/tr>\n<tr>\n<th class=\"font-primary font-weight-semi-bold text-dark pl-0\" scope=\"row\">Tama\u00f1o de la Laptop<\/th>\n<td class=\"pl-4\">10\u2033 \u2013 17\u2033<\/td>\n<\/tr>\n<tr>\n<th class=\"font-primary font-weight-semi-bold text-dark pl-0\" scope=\"row\">Puertos USB<\/th>\n<td class=\"pl-4\">2 Puertos<\/td>\n<\/tr>\n<\/tbody>\n<\/table>\n<\/div>\n<div class=\"col-md-6 pl-md-6\">\n<div class=\"d-flex flex-wrap\">\n<div class=\"icon-box icon-box-side icon-border mb-4 mr-5\">\n<div class=\"icon-box-icon mr-4\">\n<p>&nbsp;<\/p>\n<p>&nbsp;<\/p>\n<p>&nbsp;<\/p>\n<\/div>\n<div class=\"icon-box-content\">\n<h4 class=\"icon-box-title text-normal lh-1 pt-3 ls-s\">1 a\u00f1o de garantia<\/h4>\n<p class=\"icon-box-desc mb-0\">Garantia d<\/p>\n<\/div>\n<\/div>\n<\/div>\n<\/div>\n","protected":false},"excerpt":{"rendered":"<p>Caracter\u00edsticas El soporte de refrigeraci\u00f3n Glacier Series ofrece una soluci\u00f3n efectiva para mantener tu notebook fresca durante largas sesiones de uso. Equipado con dos ventiladores de 125 mm y m\u00faltiples \u00e1ngulos de inclinaci\u00f3n de hasta 21.6\u00b0, este soporte es compatible con laptops de hasta 17 pulgadas. Alimentado por USB, proporciona un flujo de aire \u00f3ptimo &hellip;<\/p>\n<p class=\"read-more\"> <a class=\" thunk-readmore button \" href=\"https:\/\/techno-rc.com.ar\/tienda\/producto\/glacier-series-upright-notebook-soporte-refrigeracion-doble-ventilador\/\"> <span class=\"screen-reader-text\">Glacier series upright notebook soporte refrigeracion doble ventilador.<\/span>Leer m\u00e1s<\/a><\/p>\n","protected":false},"featured_media":2963,"comment_status":"closed","ping_status":"closed","template":"","meta":{"advanced_seo_description":"","jetpack_seo_html_title":"","jetpack_seo_noindex":false,"_joinchat":[]},"product_brand":[],"product_cat":[41,33,36],"product_tag":[],"class_list":{"0":"post-2962","1":"product","2":"type-product","3":"status-publish","4":"has-post-thumbnail","6":"product_cat-fan-cooler","7":"product_cat-insformatica","8":"product_cat-linea-volkano","9":"thunk-woo-product-list","10":"opn-qv-enable","11":"open-woo-hover-none","12":"open-single-product-tab-horizontal","13":"open-shadow-","14":"open-shadow-hover-","16":"first","17":"instock","18":"taxable","19":"shipping-taxable","20":"purchasable","21":"product-type-simple"},"jetpack_sharing_enabled":true,"_links":{"self":[{"href":"https:\/\/techno-rc.com.ar\/tienda\/wp-json\/wp\/v2\/product\/2962","targetHints":{"allow":["GET"]}}],"collection":[{"href":"https:\/\/techno-rc.com.ar\/tienda\/wp-json\/wp\/v2\/product"}],"about":[{"href":"https:\/\/techno-rc.com.ar\/tienda\/wp-json\/wp\/v2\/types\/product"}],"replies":[{"embeddable":true,"href":"https:\/\/techno-rc.com.ar\/tienda\/wp-json\/wp\/v2\/comments?post=2962"}],"wp:featuredmedia":[{"embeddable":true,"href":"https:\/\/techno-rc.com.ar\/tienda\/wp-json\/wp\/v2\/media\/2963"}],"wp:attachment":[{"href":"https:\/\/techno-rc.com.ar\/tienda\/wp-json\/wp\/v2\/media?parent=2962"}],"wp:term":[{"taxonomy":"product_brand","embeddable":true,"href":"https:\/\/techno-rc.com.ar\/tienda\/wp-json\/wp\/v2\/product_brand?post=2962"},{"taxonomy":"product_cat","embeddable":true,"href":"https:\/\/techno-rc.com.ar\/tienda\/wp-json\/wp\/v2\/product_cat?post=2962"},{"taxonomy":"product_tag","embeddable":true,"href":"https:\/\/techno-rc.com.ar\/tienda\/wp-json\/wp\/v2\/product_tag?post=2962"}],"curies":[{"name":"wp","href":"https:\/\/api.w.org\/{rel}","templated":true}]}}