{"id":2973,"date":"2025-04-29T14:38:31","date_gmt":"2025-04-29T17:38:31","guid":{"rendered":"https:\/\/techno-rc.com.ar\/tienda\/?post_type=product&#038;p=2973"},"modified":"2025-06-28T19:36:01","modified_gmt":"2025-06-28T22:36:01","slug":"volkano-steel-series-soporte-de-tv-universal-doble-brazo-37-a-85-tvs","status":"publish","type":"product","link":"https:\/\/techno-rc.com.ar\/tienda\/producto\/volkano-steel-series-soporte-de-tv-universal-doble-brazo-37-a-85-tvs\/","title":{"rendered":"Volkano Steel series Soporte de tv universal Doble brazo 37&#8243; a 85&#8243; TVs"},"content":{"rendered":"<div class=\" elementor-element elementor-element-0e4e5b0 elementor-widget elementor-widget-riode_sproduct_data_tab\" data-id=\"0e4e5b0\" data-element_type=\"widget\" data-widget_type=\"riode_sproduct_data_tab.default\">\n<div class=\"elementor-widget-container\">\n<div class=\"woocommerce-tabs wc-tabs-wrapper tab tab-nav-simple tab-nav-center\">\n<div id=\"tab-description\" class=\"woocommerce-Tabs-panel woocommerce-Tabs-panel--description panel entry-content wc-tab tab-pane\" role=\"tabpanel\" aria-labelledby=\"tab-title-description\">\n<div class=\"row mt-6\">\n<div class=\"col-md-6\">\n<h5 class=\"mb-4\">Caracter\u00edsticas<\/h5>\n<p class=\"mb-2\">El **Soporte Universal para TV de Pared** est\u00e1 dise\u00f1ado para televisores de hasta **86 pulgadas** y una capacidad m\u00e1xima de peso de **45 kg**. Con un rango de inclinaci\u00f3n y giro ajustable, este soporte ofrece la flexibilidad necesaria para lograr el \u00e1ngulo perfecto de visualizaci\u00f3n, combinado con una estructura de acero resistente para mayor seguridad.<\/p>\n<ul class=\"list-type-none list-type-check mt-0 mb-8\">\n<li>Compatible con TVs de hasta 86 pulgadas<\/li>\n<li>Estructura de acero para m\u00e1xima resistencia<\/li>\n<li>Rango de inclinaci\u00f3n de +3\u00b0 a -15\u00b0<\/li>\n<li>Rango de giro de +60\u00b0 a -60\u00b0<\/li>\n<li>Incluye herramientas y plantilla para una instalaci\u00f3n sencilla<\/li>\n<\/ul>\n<h5 class=\"mb-3\">Contenido del paquete<\/h5>\n<ul class=\"list-type-none list-type-check mt-0 mb-8\">\n<li>Placa de pared y soportes de pantalla<\/li>\n<li>Nivel de burbuja<\/li>\n<li>Plantilla de instalaci\u00f3n para perforaci\u00f3n<\/li>\n<li>Juego completo de tornillos, arandelas y pernos necesarios<\/li>\n<li>Manual de usuario<\/li>\n<\/ul>\n<h5 class=\"mb-3\">Especificaciones<\/h5>\n<table class=\"table\">\n<tbody>\n<tr>\n<th class=\"font-primary font-weight-semi-bold text-dark pl-0\" scope=\"row\">Tama\u00f1o m\u00e1ximo de montaje<\/th>\n<td class=\"pl-4\">600 mm x 400 mm<\/td>\n<\/tr>\n<tr>\n<th class=\"font-primary font-weight-semi-bold text-dark pl-0\" scope=\"row\">Capacidad m\u00e1xima de peso<\/th>\n<td class=\"pl-4\">45 kg<\/td>\n<\/tr>\n<tr>\n<th class=\"font-primary font-weight-semi-bold text-dark pl-0\" scope=\"row\">Compatibilidad de pantalla<\/th>\n<td class=\"pl-4\">Para TVs de hasta 86 pulgadas<\/td>\n<\/tr>\n<tr>\n<th class=\"font-primary font-weight-semi-bold text-dark pl-0\" scope=\"row\">Rango de inclinaci\u00f3n<\/th>\n<td class=\"pl-4\">+3\u00b0 a -15\u00b0<\/td>\n<\/tr>\n<tr>\n<th class=\"font-primary font-weight-semi-bold text-dark pl-0\" scope=\"row\">Rango de giro<\/th>\n<td class=\"pl-4\">+60\u00b0 a -60\u00b0<\/td>\n<\/tr>\n<\/tbody>\n<\/table>\n<\/div>\n<div class=\"col-md-6 pl-md-6\">\n<div class=\"d-flex flex-wrap\">\n<div class=\"icon-box icon-box-side icon-border mb-4 mr-5\">\n<div class=\"icon-box-icon mr-4\"><\/div>\n<div class=\"icon-box-content\">\n<h4 class=\"icon-box-title text-normal lh-1 pt-3 ls-s\">1 a\u00f1o de garant\u00eda<\/h4>\n<p class=\"icon-box-desc mb-0\">Garant\u00eda de calidad<\/p>\n<p>&nbsp;<\/p>\n<\/div>\n<p>&nbsp;<\/p>\n<\/div>\n<p>&nbsp;<\/p>\n<\/div>\n<p>&nbsp;<\/p>\n<\/div>\n<\/div>\n<\/div>\n<\/div>\n<\/div>\n<\/div>\n<div class=\" elementor-element elementor-element-5a055d3 elementor-widget elementor-widget-riode_widget_heading\" data-id=\"5a055d3\" data-element_type=\"widget\" data-widget_type=\"riode_widget_heading.default\">\n<div class=\"elementor-widget-container\">\n<div class=\"title-wrapper title-cross title-center\"><\/div>\n<\/div>\n<\/div>\n","protected":false},"excerpt":{"rendered":"<p>Caracter\u00edsticas El **Soporte Universal para TV de Pared** est\u00e1 dise\u00f1ado para televisores de hasta **86 pulgadas** y una capacidad m\u00e1xima de peso de **45 kg**. Con un rango de inclinaci\u00f3n y giro ajustable, este soporte ofrece la flexibilidad necesaria para lograr el \u00e1ngulo perfecto de visualizaci\u00f3n, combinado con una estructura de acero resistente para mayor &hellip;<\/p>\n<p class=\"read-more\"> <a class=\" thunk-readmore button \" href=\"https:\/\/techno-rc.com.ar\/tienda\/producto\/volkano-steel-series-soporte-de-tv-universal-doble-brazo-37-a-85-tvs\/\"> <span class=\"screen-reader-text\">Volkano Steel series Soporte de tv universal Doble brazo 37&#8243; a 85&#8243; TVs<\/span>Leer m\u00e1s<\/a><\/p>\n","protected":false},"featured_media":2974,"comment_status":"open","ping_status":"closed","template":"","meta":{"advanced_seo_description":"","jetpack_seo_html_title":"","jetpack_seo_noindex":false,"_joinchat":[]},"product_brand":[],"product_cat":[33,36,44],"product_tag":[],"class_list":{"0":"post-2973","1":"product","2":"type-product","3":"status-publish","4":"has-post-thumbnail","6":"product_cat-insformatica","7":"product_cat-linea-volkano","8":"product_cat-soportes","9":"thunk-woo-product-list","10":"opn-qv-enable","11":"open-woo-hover-none","12":"open-single-product-tab-horizontal","13":"open-shadow-","14":"open-shadow-hover-","16":"first","17":"instock","18":"taxable","19":"shipping-taxable","20":"purchasable","21":"product-type-simple"},"jetpack_sharing_enabled":true,"_links":{"self":[{"href":"https:\/\/techno-rc.com.ar\/tienda\/wp-json\/wp\/v2\/product\/2973","targetHints":{"allow":["GET"]}}],"collection":[{"href":"https:\/\/techno-rc.com.ar\/tienda\/wp-json\/wp\/v2\/product"}],"about":[{"href":"https:\/\/techno-rc.com.ar\/tienda\/wp-json\/wp\/v2\/types\/product"}],"replies":[{"embeddable":true,"href":"https:\/\/techno-rc.com.ar\/tienda\/wp-json\/wp\/v2\/comments?post=2973"}],"wp:featuredmedia":[{"embeddable":true,"href":"https:\/\/techno-rc.com.ar\/tienda\/wp-json\/wp\/v2\/media\/2974"}],"wp:attachment":[{"href":"https:\/\/techno-rc.com.ar\/tienda\/wp-json\/wp\/v2\/media?parent=2973"}],"wp:term":[{"taxonomy":"product_brand","embeddable":true,"href":"https:\/\/techno-rc.com.ar\/tienda\/wp-json\/wp\/v2\/product_brand?post=2973"},{"taxonomy":"product_cat","embeddable":true,"href":"https:\/\/techno-rc.com.ar\/tienda\/wp-json\/wp\/v2\/product_cat?post=2973"},{"taxonomy":"product_tag","embeddable":true,"href":"https:\/\/techno-rc.com.ar\/tienda\/wp-json\/wp\/v2\/product_tag?post=2973"}],"curies":[{"name":"wp","href":"https:\/\/api.w.org\/{rel}","templated":true}]}}