{"id":2998,"date":"2025-04-29T14:32:31","date_gmt":"2025-04-29T17:32:31","guid":{"rendered":"https:\/\/techno-rc.com.ar\/tienda\/?post_type=product&#038;p=2998"},"modified":"2025-06-28T19:36:02","modified_gmt":"2025-06-28T22:36:02","slug":"crater-series-soporte-ajustable-para-telefono","status":"publish","type":"product","link":"https:\/\/techno-rc.com.ar\/tienda\/producto\/crater-series-soporte-ajustable-para-telefono\/","title":{"rendered":"Crater series Soporte ajustable para telefono"},"content":{"rendered":"<div class=\"col-md-6\">\n<h5 class=\"mb-4\">Caracter\u00edsticas<\/h5>\n<p class=\"mb-2\">El Crater Series Soporte Ajustable para Tel\u00e9fono es un accesorio esencial para quienes buscan un soporte confiable y vers\u00e1til para su tel\u00e9fono m\u00f3vil en el autom\u00f3vil. Fabricado con pl\u00e1stico duradero y con un agarre de goma para evitar rayaduras, este soporte ajustable se adapta a la mayor\u00eda de los tel\u00e9fonos y rejillas de ventilaci\u00f3n, permitiendo un uso manos libres c\u00f3modo y seguro mientras conduces.<\/p>\n<ul>\n<li>Promueve el uso manos libres del m\u00f3vil<\/li>\n<li>Fabricado con pl\u00e1stico duradero<\/li>\n<li>Agarre de goma para prevenir rayaduras<\/li>\n<li>Ajustable para adaptarse a la mayor\u00eda de los tel\u00e9fonos m\u00f3viles<\/li>\n<li>Compatible con la mayor\u00eda de las rejillas de ventilaci\u00f3n de autom\u00f3viles<\/li>\n<\/ul>\n<\/div>\n<div class=\"col-md-6 pl-md-6\">\n<div class=\"d-flex flex-wrap\">\n<div class=\"icon-box icon-box-side icon-border mb-4 mr-5\">\n<div class=\"icon-box-icon mr-4\">\n<p>&nbsp;<\/p>\n<p>&nbsp;<\/p>\n<p>&nbsp;<\/p>\n<\/div>\n<div class=\"icon-box-content\">\n<h4 class=\"icon-box-title text-normal lh-1 pt-3 ls-s\">1 a\u00f1o de garantia<\/h4>\n<p class=\"icon-box-desc mb-0\">Grantia de verdad<\/p>\n<p>&nbsp;<\/p>\n<\/div>\n<p>&nbsp;<\/p>\n<\/div>\n<\/div>\n<\/div>\n","protected":false},"excerpt":{"rendered":"<p>Caracter\u00edsticas El Crater Series Soporte Ajustable para Tel\u00e9fono es un accesorio esencial para quienes buscan un soporte confiable y vers\u00e1til para su tel\u00e9fono m\u00f3vil en el autom\u00f3vil. Fabricado con pl\u00e1stico duradero y con un agarre de goma para evitar rayaduras, este soporte ajustable se adapta a la mayor\u00eda de los tel\u00e9fonos y rejillas de ventilaci\u00f3n, &hellip;<\/p>\n<p class=\"read-more\"> <a class=\" thunk-readmore button \" href=\"https:\/\/techno-rc.com.ar\/tienda\/producto\/crater-series-soporte-ajustable-para-telefono\/\"> <span class=\"screen-reader-text\">Crater series Soporte ajustable para telefono<\/span>Leer m\u00e1s<\/a><\/p>\n","protected":false},"featured_media":2999,"comment_status":"closed","ping_status":"closed","template":"","meta":{"advanced_seo_description":"","jetpack_seo_html_title":"","jetpack_seo_noindex":false,"_joinchat":[]},"product_brand":[],"product_cat":[54,33,36],"product_tag":[],"class_list":{"0":"post-2998","1":"product","2":"type-product","3":"status-publish","4":"has-post-thumbnail","6":"product_cat-accesorios-de-celulares","7":"product_cat-insformatica","8":"product_cat-linea-volkano","9":"thunk-woo-product-list","10":"opn-qv-enable","11":"open-woo-hover-none","12":"open-single-product-tab-horizontal","13":"open-shadow-","14":"open-shadow-hover-","16":"first","17":"instock","18":"taxable","19":"shipping-taxable","20":"purchasable","21":"product-type-simple"},"jetpack_sharing_enabled":true,"_links":{"self":[{"href":"https:\/\/techno-rc.com.ar\/tienda\/wp-json\/wp\/v2\/product\/2998","targetHints":{"allow":["GET"]}}],"collection":[{"href":"https:\/\/techno-rc.com.ar\/tienda\/wp-json\/wp\/v2\/product"}],"about":[{"href":"https:\/\/techno-rc.com.ar\/tienda\/wp-json\/wp\/v2\/types\/product"}],"replies":[{"embeddable":true,"href":"https:\/\/techno-rc.com.ar\/tienda\/wp-json\/wp\/v2\/comments?post=2998"}],"wp:featuredmedia":[{"embeddable":true,"href":"https:\/\/techno-rc.com.ar\/tienda\/wp-json\/wp\/v2\/media\/2999"}],"wp:attachment":[{"href":"https:\/\/techno-rc.com.ar\/tienda\/wp-json\/wp\/v2\/media?parent=2998"}],"wp:term":[{"taxonomy":"product_brand","embeddable":true,"href":"https:\/\/techno-rc.com.ar\/tienda\/wp-json\/wp\/v2\/product_brand?post=2998"},{"taxonomy":"product_cat","embeddable":true,"href":"https:\/\/techno-rc.com.ar\/tienda\/wp-json\/wp\/v2\/product_cat?post=2998"},{"taxonomy":"product_tag","embeddable":true,"href":"https:\/\/techno-rc.com.ar\/tienda\/wp-json\/wp\/v2\/product_tag?post=2998"}],"curies":[{"name":"wp","href":"https:\/\/api.w.org\/{rel}","templated":true}]}}