{"id":3001,"date":"2025-04-29T14:55:07","date_gmt":"2025-04-29T17:55:07","guid":{"rendered":"https:\/\/techno-rc.com.ar\/tienda\/?post_type=product&#038;p=3001"},"modified":"2026-04-24T18:37:27","modified_gmt":"2026-04-24T21:37:27","slug":"grip-series-soporte-telefono-magnetico","status":"publish","type":"product","link":"https:\/\/techno-rc.com.ar\/tienda\/producto\/grip-series-soporte-telefono-magnetico\/","title":{"rendered":"Grip series Soporte telefono magnetico."},"content":{"rendered":"<div class=\"col-md-6\">\n<h5 class=\"mb-4\">Caracter\u00edsticas<\/h5>\n<p class=\"mb-2\">El Grip Series Soporte Tel\u00e9fono Magn\u00e9tico es una soluci\u00f3n pr\u00e1ctica y eficiente para mantener tu tel\u00e9fono seguro en cualquier lugar. Con una fuerza magn\u00e9tica de 4500 Gauss y la capacidad de rotaci\u00f3n de 360\u00b0, este soporte es ideal para quienes necesitan un acceso f\u00e1cil y r\u00e1pido a su dispositivo. Fabricado en ABS de alta calidad, es duradero y resistente, e incluye una hoja de hierro para un montaje a\u00fan m\u00e1s vers\u00e1til.<\/p>\n<ul>\n<li>Soporte magn\u00e9tico para tel\u00e9fono MagSafe<\/li>\n<li>Tama\u00f1o: 80x80x85mm<\/li>\n<li>Material: ABS<\/li>\n<li>Fuerza magn\u00e9tica: 4500 Gauss<\/li>\n<li>Rotaci\u00f3n de 360\u00b0 \/ Retr\u00e1ctil<\/li>\n<li>Accesorio: 1 hoja de hierro<\/li>\n<\/ul>\n<\/div>\n<div class=\"col-md-6 pl-md-6\">\n<div class=\"d-flex flex-wrap\">\n<div class=\"icon-box icon-box-side icon-border mb-4 mr-5\">\n<div class=\"icon-box-icon mr-4\">\n<p>&nbsp;<\/p>\n<p>&nbsp;<\/p>\n<p>&nbsp;<\/p>\n<\/div>\n<div class=\"icon-box-content\">\n<h4 class=\"icon-box-title text-normal lh-1 pt-3 ls-s\">1 a\u00f1o de garantia<\/h4>\n<p class=\"icon-box-desc mb-0\">Grantia de verdad<\/p>\n<p>&nbsp;<\/p>\n<\/div>\n<p>&nbsp;<\/p>\n<\/div>\n<\/div>\n<\/div>\n","protected":false},"excerpt":{"rendered":"<p>Caracter\u00edsticas El Grip Series Soporte Tel\u00e9fono Magn\u00e9tico es una soluci\u00f3n pr\u00e1ctica y eficiente para mantener tu tel\u00e9fono seguro en cualquier lugar. Con una fuerza magn\u00e9tica de 4500 Gauss y la capacidad de rotaci\u00f3n de 360\u00b0, este soporte es ideal para quienes necesitan un acceso f\u00e1cil y r\u00e1pido a su dispositivo. Fabricado en ABS de alta &hellip;<\/p>\n<p class=\"read-more\"> <a class=\" thunk-readmore button \" href=\"https:\/\/techno-rc.com.ar\/tienda\/producto\/grip-series-soporte-telefono-magnetico\/\"> <span class=\"screen-reader-text\">Grip series Soporte telefono magnetico.<\/span>Leer m\u00e1s<\/a><\/p>\n","protected":false},"featured_media":3002,"comment_status":"open","ping_status":"closed","template":"","meta":{"advanced_seo_description":"","jetpack_seo_html_title":"","jetpack_seo_noindex":false,"_joinchat":[]},"product_brand":[],"product_cat":[54,33,36,92],"product_tag":[],"class_list":{"0":"post-3001","1":"product","2":"type-product","3":"status-publish","4":"has-post-thumbnail","6":"product_cat-accesorios-de-celulares","7":"product_cat-insformatica","8":"product_cat-linea-volkano","9":"product_cat-soportes-para-celulares-para-autos","10":"thunk-woo-product-list","11":"opn-qv-enable","12":"open-woo-hover-none","13":"open-single-product-tab-horizontal","14":"open-shadow-","15":"open-shadow-hover-","17":"first","18":"outofstock","19":"taxable","20":"shipping-taxable","21":"purchasable","22":"product-type-simple"},"jetpack_sharing_enabled":true,"_links":{"self":[{"href":"https:\/\/techno-rc.com.ar\/tienda\/wp-json\/wp\/v2\/product\/3001","targetHints":{"allow":["GET"]}}],"collection":[{"href":"https:\/\/techno-rc.com.ar\/tienda\/wp-json\/wp\/v2\/product"}],"about":[{"href":"https:\/\/techno-rc.com.ar\/tienda\/wp-json\/wp\/v2\/types\/product"}],"replies":[{"embeddable":true,"href":"https:\/\/techno-rc.com.ar\/tienda\/wp-json\/wp\/v2\/comments?post=3001"}],"wp:featuredmedia":[{"embeddable":true,"href":"https:\/\/techno-rc.com.ar\/tienda\/wp-json\/wp\/v2\/media\/3002"}],"wp:attachment":[{"href":"https:\/\/techno-rc.com.ar\/tienda\/wp-json\/wp\/v2\/media?parent=3001"}],"wp:term":[{"taxonomy":"product_brand","embeddable":true,"href":"https:\/\/techno-rc.com.ar\/tienda\/wp-json\/wp\/v2\/product_brand?post=3001"},{"taxonomy":"product_cat","embeddable":true,"href":"https:\/\/techno-rc.com.ar\/tienda\/wp-json\/wp\/v2\/product_cat?post=3001"},{"taxonomy":"product_tag","embeddable":true,"href":"https:\/\/techno-rc.com.ar\/tienda\/wp-json\/wp\/v2\/product_tag?post=3001"}],"curies":[{"name":"wp","href":"https:\/\/api.w.org\/{rel}","templated":true}]}}