{"id":3007,"date":"2025-04-29T14:53:33","date_gmt":"2025-04-29T17:53:33","guid":{"rendered":"https:\/\/techno-rc.com.ar\/tienda\/?post_type=product&#038;p=3007"},"modified":"2025-06-28T19:36:01","modified_gmt":"2025-06-28T22:36:01","slug":"hold-series-soporte-magnetico-ventilacion-para-telefono","status":"publish","type":"product","link":"https:\/\/techno-rc.com.ar\/tienda\/producto\/hold-series-soporte-magnetico-ventilacion-para-telefono\/","title":{"rendered":"Hold Series Soporte magnetico ventilacion para telefono."},"content":{"rendered":"<div class=\"col-md-6\">\n<h5 class=\"mb-4\">Caracter\u00edsticas<\/h5>\n<p class=\"mb-2\">El Grip Series Soporte Tel\u00e9fono Magn\u00e9tico es una soluci\u00f3n pr\u00e1ctica y eficiente para mantener tu tel\u00e9fono seguro en cualquier lugar. Con una fuerza magn\u00e9tica de 4500 Gauss y la capacidad de rotaci\u00f3n de 360\u00b0, este soporte es ideal para quienes necesitan un acceso f\u00e1cil y r\u00e1pido a su dispositivo. Fabricado en ABS de alta calidad, es duradero y resistente, e incluye una hoja de hierro para un montaje a\u00fan m\u00e1s vers\u00e1til.<\/p>\n<ul>\n<li>Soporte magn\u00e9tico para tel\u00e9fono MagSafe<\/li>\n<li>Tama\u00f1o: 80x80x85mm<\/li>\n<li>Material: ABS<\/li>\n<li>Fuerza magn\u00e9tica: 4500 Gauss<\/li>\n<li>Rotaci\u00f3n de 360\u00b0 \/ Retr\u00e1ctil<\/li>\n<li>Accesorio: 1 hoja de hierro<\/li>\n<\/ul>\n<h5 class=\"mb-3\">Specifications<\/h5>\n<ul>\n<li>\n<h5>Tama\u00f1o:<\/h5>\n<table class=\"table\">\n<tbody>\n<tr>\n<th class=\"font-primary font-weight-semi-bold text-dark pl-0\" scope=\"row\">Dimensiones<\/th>\n<td class=\"pl-4\">80x80x85mm<\/td>\n<\/tr>\n<\/tbody>\n<\/table>\n<\/li>\n<li>\n<h5>Material:<\/h5>\n<table class=\"table\">\n<tbody>\n<tr>\n<th class=\"font-primary font-weight-semi-bold text-dark pl-0\" scope=\"row\">Material<\/th>\n<td class=\"pl-4\">ABS<\/td>\n<\/tr>\n<\/tbody>\n<\/table>\n<\/li>\n<li>\n<h5>Fuerza Magn\u00e9tica:<\/h5>\n<table class=\"table\">\n<tbody>\n<tr>\n<th class=\"font-primary font-weight-semi-bold text-dark pl-0\" scope=\"row\">Fuerza<\/th>\n<td class=\"pl-4\">4500 Gauss<\/td>\n<\/tr>\n<\/tbody>\n<\/table>\n<\/li>\n<li>\n<h5>Caracter\u00edsticas:<\/h5>\n<table class=\"table\">\n<tbody>\n<tr>\n<th class=\"font-primary font-weight-semi-bold text-dark pl-0\" scope=\"row\">Rotaci\u00f3n<\/th>\n<td class=\"pl-4\">360\u00b0<\/td>\n<\/tr>\n<tr>\n<th class=\"font-primary font-weight-semi-bold text-dark pl-0\" scope=\"row\">Funcionalidad<\/th>\n<td class=\"pl-4\">Retr\u00e1ctil<\/td>\n<\/tr>\n<\/tbody>\n<\/table>\n<\/li>\n<li>\n<h5>Accesorio:<\/h5>\n<table class=\"table\">\n<tbody>\n<tr>\n<th class=\"font-primary font-weight-semi-bold text-dark pl-0\" scope=\"row\">Incluido<\/th>\n<td class=\"pl-4\">1 hoja de hierro<\/td>\n<\/tr>\n<\/tbody>\n<\/table>\n<\/li>\n<\/ul>\n<\/div>\n<div class=\"col-md-6 pl-md-6\">\n<div class=\"d-flex flex-wrap\">\n<div class=\"icon-box icon-box-side icon-border mb-4 mr-5\">\n<div class=\"icon-box-icon mr-4\">\n<p>&nbsp;<\/p>\n<p>&nbsp;<\/p>\n<p>&nbsp;<\/p>\n<\/div>\n<div class=\"icon-box-content\">\n<h4 class=\"icon-box-title text-normal lh-1 pt-3 ls-s\">1 a\u00f1o de garantia<\/h4>\n<p class=\"icon-box-desc mb-0\">Garantia de verdad<\/p>\n<p>&nbsp;<\/p>\n<\/div>\n<p>&nbsp;<\/p>\n<\/div>\n<\/div>\n<\/div>\n","protected":false},"excerpt":{"rendered":"<p>Caracter\u00edsticas El Grip Series Soporte Tel\u00e9fono Magn\u00e9tico es una soluci\u00f3n pr\u00e1ctica y eficiente para mantener tu tel\u00e9fono seguro en cualquier lugar. Con una fuerza magn\u00e9tica de 4500 Gauss y la capacidad de rotaci\u00f3n de 360\u00b0, este soporte es ideal para quienes necesitan un acceso f\u00e1cil y r\u00e1pido a su dispositivo. Fabricado en ABS de alta &hellip;<\/p>\n<p class=\"read-more\"> <a class=\" thunk-readmore button \" href=\"https:\/\/techno-rc.com.ar\/tienda\/producto\/hold-series-soporte-magnetico-ventilacion-para-telefono\/\"> <span class=\"screen-reader-text\">Hold Series Soporte magnetico ventilacion para telefono.<\/span>Leer m\u00e1s<\/a><\/p>\n","protected":false},"featured_media":3008,"comment_status":"open","ping_status":"closed","template":"","meta":{"advanced_seo_description":"","jetpack_seo_html_title":"","jetpack_seo_noindex":false,"_joinchat":[]},"product_brand":[],"product_cat":[54,33,36,92],"product_tag":[],"class_list":{"0":"post-3007","1":"product","2":"type-product","3":"status-publish","4":"has-post-thumbnail","6":"product_cat-accesorios-de-celulares","7":"product_cat-insformatica","8":"product_cat-linea-volkano","9":"product_cat-soportes-para-celulares-para-autos","10":"thunk-woo-product-list","11":"opn-qv-enable","12":"open-woo-hover-none","13":"open-single-product-tab-horizontal","14":"open-shadow-","15":"open-shadow-hover-","17":"first","18":"instock","19":"taxable","20":"shipping-taxable","21":"purchasable","22":"product-type-simple"},"jetpack_sharing_enabled":true,"_links":{"self":[{"href":"https:\/\/techno-rc.com.ar\/tienda\/wp-json\/wp\/v2\/product\/3007","targetHints":{"allow":["GET"]}}],"collection":[{"href":"https:\/\/techno-rc.com.ar\/tienda\/wp-json\/wp\/v2\/product"}],"about":[{"href":"https:\/\/techno-rc.com.ar\/tienda\/wp-json\/wp\/v2\/types\/product"}],"replies":[{"embeddable":true,"href":"https:\/\/techno-rc.com.ar\/tienda\/wp-json\/wp\/v2\/comments?post=3007"}],"wp:featuredmedia":[{"embeddable":true,"href":"https:\/\/techno-rc.com.ar\/tienda\/wp-json\/wp\/v2\/media\/3008"}],"wp:attachment":[{"href":"https:\/\/techno-rc.com.ar\/tienda\/wp-json\/wp\/v2\/media?parent=3007"}],"wp:term":[{"taxonomy":"product_brand","embeddable":true,"href":"https:\/\/techno-rc.com.ar\/tienda\/wp-json\/wp\/v2\/product_brand?post=3007"},{"taxonomy":"product_cat","embeddable":true,"href":"https:\/\/techno-rc.com.ar\/tienda\/wp-json\/wp\/v2\/product_cat?post=3007"},{"taxonomy":"product_tag","embeddable":true,"href":"https:\/\/techno-rc.com.ar\/tienda\/wp-json\/wp\/v2\/product_tag?post=3007"}],"curies":[{"name":"wp","href":"https:\/\/api.w.org\/{rel}","templated":true}]}}