{"id":3015,"date":"2025-04-29T13:27:59","date_gmt":"2025-04-29T16:27:59","guid":{"rendered":"https:\/\/techno-rc.com.ar\/tienda\/?post_type=product&#038;p=3015"},"modified":"2025-06-28T19:36:38","modified_gmt":"2025-06-28T22:36:38","slug":"piston-series-bluetooth-kit-manos-libres","status":"publish","type":"product","link":"https:\/\/techno-rc.com.ar\/tienda\/producto\/piston-series-bluetooth-kit-manos-libres\/","title":{"rendered":"Piston Series Bluetooth Kit Manos Libres"},"content":{"rendered":"<div class=\"col-md-6\">\n<h5 class=\"mb-4\">Caracter\u00edsticas<\/h5>\n<p class=\"mb-2\">El Piston Series Bluetooth Kit Manos Libres es un dispositivo vers\u00e1til y esencial para el autom\u00f3vil, que ofrece una experiencia de manos libres c\u00f3moda y segura. Con su carcasa met\u00e1lica duradera y tecnolog\u00eda de carga r\u00e1pida QC 3.0 Plus, este kit no solo permite la carga eficiente de tus dispositivos, sino tambi\u00e9n la conectividad Bluetooth para llamadas sin distracciones. Incluye dos puertos de carga y una entrada USB para medios, lo que lo convierte en un accesorio completo para cualquier conductor.<\/p>\n<ul>\n<li>Carcasa met\u00e1lica<\/li>\n<li>Carga r\u00e1pida QC 3.0 Plus PD, 20W<\/li>\n<li>Micr\u00f3fono incorporado<\/li>\n<li>Pantalla LED<\/li>\n<li>Entrada de medios USB<\/li>\n<li>2 puertos de carga<\/li>\n<li>Llamadas manos libres<\/li>\n<\/ul>\n<h5 class=\"mb-3\">Specifications<\/h5>\n<ul>\n<li>\n<h5>Bluetooth:<\/h5>\n<table class=\"table\">\n<tbody>\n<tr>\n<th class=\"font-primary font-weight-semi-bold text-dark pl-0\" scope=\"row\">Versi\u00f3n<\/th>\n<td class=\"pl-4\">4.2<\/td>\n<\/tr>\n<tr>\n<th class=\"font-primary font-weight-semi-bold text-dark pl-0\" scope=\"row\">Rango de frecuencia<\/th>\n<td class=\"pl-4\">87.5 \u2013 108.0 MHz<\/td>\n<\/tr>\n<\/tbody>\n<\/table>\n<\/li>\n<li>\n<h5>Salidas de Carga USB:<\/h5>\n<table class=\"table\">\n<tbody>\n<tr>\n<th class=\"font-primary font-weight-semi-bold text-dark pl-0\" scope=\"row\">Puerto 1<\/th>\n<td class=\"pl-4\">QC 3.0 5 V DC, 3.0 A \/ 9 V DC, 2.0 A \/ 12 V DC, 1.5 A<\/td>\n<\/tr>\n<tr>\n<th class=\"font-primary font-weight-semi-bold text-dark pl-0\" scope=\"row\">Puerto 2<\/th>\n<td class=\"pl-4\">5 V DC, 0.5 A<\/td>\n<\/tr>\n<\/tbody>\n<\/table>\n<\/li>\n<li>\n<h5>Entrada de Medios USB:<\/h5>\n<table class=\"table\">\n<tbody>\n<tr>\n<th class=\"font-primary font-weight-semi-bold text-dark pl-0\" scope=\"row\">Tama\u00f1o m\u00e1ximo para USB<\/th>\n<td class=\"pl-4\">32 GB<\/td>\n<\/tr>\n<\/tbody>\n<\/table>\n<\/li>\n<\/ul>\n<\/div>\n<div class=\"col-md-6 pl-md-6\">\n<div class=\"d-flex flex-wrap\">\n<div class=\"icon-box icon-box-side icon-border mb-4 mr-5\">\n<div class=\"icon-box-icon mr-4\">\n<p>&nbsp;<\/p>\n<p>&nbsp;<\/p>\n<p>&nbsp;<\/p>\n<\/div>\n<div class=\"icon-box-content\">\n<h4 class=\"icon-box-title text-normal lh-1 pt-3 ls-s\">1 a\u00f1o de garantia<\/h4>\n<p class=\"icon-box-desc mb-0\">Grantia de verdad<\/p>\n<p>&nbsp;<\/p>\n<\/div>\n<p>&nbsp;<\/p>\n<\/div>\n<\/div>\n<\/div>\n","protected":false},"excerpt":{"rendered":"<p>Caracter\u00edsticas El Piston Series Bluetooth Kit Manos Libres es un dispositivo vers\u00e1til y esencial para el autom\u00f3vil, que ofrece una experiencia de manos libres c\u00f3moda y segura. Con su carcasa met\u00e1lica duradera y tecnolog\u00eda de carga r\u00e1pida QC 3.0 Plus, este kit no solo permite la carga eficiente de tus dispositivos, sino tambi\u00e9n la conectividad &hellip;<\/p>\n<p class=\"read-more\"> <a class=\" thunk-readmore button \" href=\"https:\/\/techno-rc.com.ar\/tienda\/producto\/piston-series-bluetooth-kit-manos-libres\/\"> <span class=\"screen-reader-text\">Piston Series Bluetooth Kit Manos Libres<\/span>Leer m\u00e1s<\/a><\/p>\n","protected":false},"featured_media":3016,"comment_status":"open","ping_status":"closed","template":"","meta":{"advanced_seo_description":"","jetpack_seo_html_title":"","jetpack_seo_noindex":false,"_joinchat":[]},"product_brand":[],"product_cat":[54,33,36],"product_tag":[],"class_list":{"0":"post-3015","1":"product","2":"type-product","3":"status-publish","4":"has-post-thumbnail","6":"product_cat-accesorios-de-celulares","7":"product_cat-insformatica","8":"product_cat-linea-volkano","9":"thunk-woo-product-list","10":"opn-qv-enable","11":"open-woo-hover-none","12":"open-single-product-tab-horizontal","13":"open-shadow-","14":"open-shadow-hover-","16":"first","17":"instock","18":"taxable","19":"shipping-taxable","20":"purchasable","21":"product-type-simple"},"jetpack_sharing_enabled":true,"_links":{"self":[{"href":"https:\/\/techno-rc.com.ar\/tienda\/wp-json\/wp\/v2\/product\/3015","targetHints":{"allow":["GET"]}}],"collection":[{"href":"https:\/\/techno-rc.com.ar\/tienda\/wp-json\/wp\/v2\/product"}],"about":[{"href":"https:\/\/techno-rc.com.ar\/tienda\/wp-json\/wp\/v2\/types\/product"}],"replies":[{"embeddable":true,"href":"https:\/\/techno-rc.com.ar\/tienda\/wp-json\/wp\/v2\/comments?post=3015"}],"wp:featuredmedia":[{"embeddable":true,"href":"https:\/\/techno-rc.com.ar\/tienda\/wp-json\/wp\/v2\/media\/3016"}],"wp:attachment":[{"href":"https:\/\/techno-rc.com.ar\/tienda\/wp-json\/wp\/v2\/media?parent=3015"}],"wp:term":[{"taxonomy":"product_brand","embeddable":true,"href":"https:\/\/techno-rc.com.ar\/tienda\/wp-json\/wp\/v2\/product_brand?post=3015"},{"taxonomy":"product_cat","embeddable":true,"href":"https:\/\/techno-rc.com.ar\/tienda\/wp-json\/wp\/v2\/product_cat?post=3015"},{"taxonomy":"product_tag","embeddable":true,"href":"https:\/\/techno-rc.com.ar\/tienda\/wp-json\/wp\/v2\/product_tag?post=3015"}],"curies":[{"name":"wp","href":"https:\/\/api.w.org\/{rel}","templated":true}]}}