{"id":3019,"date":"2025-04-29T14:56:52","date_gmt":"2025-04-29T17:56:52","guid":{"rendered":"https:\/\/techno-rc.com.ar\/tienda\/?post_type=product&#038;p=3019"},"modified":"2025-06-28T19:36:01","modified_gmt":"2025-06-28T22:36:01","slug":"punch-series-10000-mah-power-bank","status":"publish","type":"product","link":"https:\/\/techno-rc.com.ar\/tienda\/producto\/punch-series-10000-mah-power-bank\/","title":{"rendered":"Punch Series 10000 mAh Power Bank"},"content":{"rendered":"<div class=\"col-md-6\">\n<h5 class=\"mb-4\">Caracter\u00edsticas<\/h5>\n<p class=\"mb-2\">El Punch Series 10000 mAh Power Bank es una bater\u00eda port\u00e1til de alta capacidad dise\u00f1ada para ofrecerte la m\u00e1xima comodidad y potencia cuando m\u00e1s la necesitas. Con una capacidad de 10 000 mAh, este power bank puede cargar simult\u00e1neamente dos dispositivos gracias a sus puertos USB y Tipo-C. Su pantalla digital permite un monitoreo f\u00e1cil de la carga restante, y su dise\u00f1o compacto lo hace ideal para llevarlo a todas partes.<\/p>\n<ul>\n<li>Capacidad de 10 000mAh<\/li>\n<li>Porte de entrada\/salida Tipo-C<\/li>\n<li>Carga simult\u00e1nea de dos dispositivos<\/li>\n<li>Pantalla digital<\/li>\n<\/ul>\n<h5 class=\"mb-3\">Specifications<\/h5>\n<ul>\n<li>\n<h5>Tipo de Bater\u00eda:<\/h5>\n<table class=\"table\">\n<tbody>\n<tr>\n<th class=\"font-primary font-weight-semi-bold text-dark pl-0\" scope=\"row\">Tipo<\/th>\n<td class=\"pl-4\">Ion de Litio<\/td>\n<\/tr>\n<\/tbody>\n<\/table>\n<\/li>\n<li>\n<h5>Capacidad de la Bater\u00eda:<\/h5>\n<table class=\"table\">\n<tbody>\n<tr>\n<th class=\"font-primary font-weight-semi-bold text-dark pl-0\" scope=\"row\">Capacidad<\/th>\n<td class=\"pl-4\">3.7V, 10 000mAh, 37Wh<\/td>\n<\/tr>\n<\/tbody>\n<\/table>\n<\/li>\n<li>\n<h5>Entrada Micro USB:<\/h5>\n<table class=\"table\">\n<tbody>\n<tr>\n<th class=\"font-primary font-weight-semi-bold text-dark pl-0\" scope=\"row\">Entrada<\/th>\n<td class=\"pl-4\">5V DC \/ 2A<\/td>\n<\/tr>\n<\/tbody>\n<\/table>\n<\/li>\n<li>\n<h5>Entrada\/Salida Tipo-C:<\/h5>\n<table class=\"table\">\n<tbody>\n<tr>\n<th class=\"font-primary font-weight-semi-bold text-dark pl-0\" scope=\"row\">Tipo-C<\/th>\n<td class=\"pl-4\">5V DC \/ 2A<\/td>\n<\/tr>\n<\/tbody>\n<\/table>\n<\/li>\n<li>\n<h5>Salida USB:<\/h5>\n<table class=\"table\">\n<tbody>\n<tr>\n<th class=\"font-primary font-weight-semi-bold text-dark pl-0\" scope=\"row\">Salida<\/th>\n<td class=\"pl-4\">5V DC \/ 2.1A<\/td>\n<\/tr>\n<\/tbody>\n<\/table>\n<\/li>\n<li>\n<h5>Tama\u00f1o:<\/h5>\n<table class=\"table\">\n<tbody>\n<tr>\n<th class=\"font-primary font-weight-semi-bold text-dark pl-0\" scope=\"row\">Dimensiones<\/th>\n<td class=\"pl-4\">146 x 68 x 17mm \/ 5.74 x 2.87 x 0.66in<\/td>\n<\/tr>\n<\/tbody>\n<\/table>\n<\/li>\n<li>\n<h5>Peso:<\/h5>\n<table class=\"table\">\n<tbody>\n<tr>\n<th class=\"font-primary font-weight-semi-bold text-dark pl-0\" scope=\"row\">Peso<\/th>\n<td class=\"pl-4\">210g \/ 7.4oz<\/td>\n<\/tr>\n<\/tbody>\n<\/table>\n<\/li>\n<\/ul>\n<\/div>\n<div class=\"col-md-6 pl-md-6\">\n<div class=\"d-flex flex-wrap\">\n<div class=\"icon-box icon-box-side icon-border mb-4 mr-5\">\n<div class=\"icon-box-icon mr-4\">\n<p>&nbsp;<\/p>\n<p>&nbsp;<\/p>\n<p>&nbsp;<\/p>\n<\/div>\n<div class=\"icon-box-content\">\n<h4 class=\"icon-box-title text-normal lh-1 pt-3 ls-s\">1 a\u00f1o de garantia<\/h4>\n<p class=\"icon-box-desc mb-0\">Grantia de verdad<\/p>\n<p>&nbsp;<\/p>\n<\/div>\n<p>&nbsp;<\/p>\n<\/div>\n<\/div>\n<\/div>\n","protected":false},"excerpt":{"rendered":"<p>Caracter\u00edsticas El Punch Series 10000 mAh Power Bank es una bater\u00eda port\u00e1til de alta capacidad dise\u00f1ada para ofrecerte la m\u00e1xima comodidad y potencia cuando m\u00e1s la necesitas. Con una capacidad de 10 000 mAh, este power bank puede cargar simult\u00e1neamente dos dispositivos gracias a sus puertos USB y Tipo-C. Su pantalla digital permite un monitoreo &hellip;<\/p>\n<p class=\"read-more\"> <a class=\" thunk-readmore button \" href=\"https:\/\/techno-rc.com.ar\/tienda\/producto\/punch-series-10000-mah-power-bank\/\"> <span class=\"screen-reader-text\">Punch Series 10000 mAh Power Bank<\/span>Leer m\u00e1s<\/a><\/p>\n","protected":false},"featured_media":3020,"comment_status":"open","ping_status":"closed","template":"","meta":{"advanced_seo_description":"","jetpack_seo_html_title":"","jetpack_seo_noindex":false,"_joinchat":[]},"product_brand":[],"product_cat":[54,33,109],"product_tag":[],"class_list":{"0":"post-3019","1":"product","2":"type-product","3":"status-publish","4":"has-post-thumbnail","6":"product_cat-accesorios-de-celulares","7":"product_cat-insformatica","8":"product_cat-power-bank","9":"thunk-woo-product-list","10":"opn-qv-enable","11":"open-woo-hover-none","12":"open-single-product-tab-horizontal","13":"open-shadow-","14":"open-shadow-hover-","16":"first","17":"instock","18":"taxable","19":"shipping-taxable","20":"purchasable","21":"product-type-simple"},"jetpack_sharing_enabled":true,"_links":{"self":[{"href":"https:\/\/techno-rc.com.ar\/tienda\/wp-json\/wp\/v2\/product\/3019","targetHints":{"allow":["GET"]}}],"collection":[{"href":"https:\/\/techno-rc.com.ar\/tienda\/wp-json\/wp\/v2\/product"}],"about":[{"href":"https:\/\/techno-rc.com.ar\/tienda\/wp-json\/wp\/v2\/types\/product"}],"replies":[{"embeddable":true,"href":"https:\/\/techno-rc.com.ar\/tienda\/wp-json\/wp\/v2\/comments?post=3019"}],"wp:featuredmedia":[{"embeddable":true,"href":"https:\/\/techno-rc.com.ar\/tienda\/wp-json\/wp\/v2\/media\/3020"}],"wp:attachment":[{"href":"https:\/\/techno-rc.com.ar\/tienda\/wp-json\/wp\/v2\/media?parent=3019"}],"wp:term":[{"taxonomy":"product_brand","embeddable":true,"href":"https:\/\/techno-rc.com.ar\/tienda\/wp-json\/wp\/v2\/product_brand?post=3019"},{"taxonomy":"product_cat","embeddable":true,"href":"https:\/\/techno-rc.com.ar\/tienda\/wp-json\/wp\/v2\/product_cat?post=3019"},{"taxonomy":"product_tag","embeddable":true,"href":"https:\/\/techno-rc.com.ar\/tienda\/wp-json\/wp\/v2\/product_tag?post=3019"}],"curies":[{"name":"wp","href":"https:\/\/api.w.org\/{rel}","templated":true}]}}