{"id":3023,"date":"2025-04-29T14:59:59","date_gmt":"2025-04-29T17:59:59","guid":{"rendered":"https:\/\/techno-rc.com.ar\/tienda\/?post_type=product&#038;p=3023"},"modified":"2025-06-28T19:36:01","modified_gmt":"2025-06-28T22:36:01","slug":"reload-plus-series-10-000mah-magsafe-power-bank","status":"publish","type":"product","link":"https:\/\/techno-rc.com.ar\/tienda\/producto\/reload-plus-series-10-000mah-magsafe-power-bank\/","title":{"rendered":"Reload Plus series 10 000mAh Magsafe Power Bank"},"content":{"rendered":"<div class=\"col-md-6\">\n<h5 class=\"mb-4\">Caracter\u00edsticas<\/h5>\n<p class=\"mb-2\">El Reload Plus Series 10 000mAh Magsafe Power Bank es una bater\u00eda port\u00e1til de alta capacidad dise\u00f1ada para cargar tu iPhone compatible con MagSafe de manera r\u00e1pida y eficiente. Equipado con un soporte y cables integrados, este power bank tambi\u00e9n es compatible con otros tel\u00e9fonos m\u00f3viles mediante un cable de carga. Su capacidad de 10 000mAh asegura m\u00faltiples cargas mientras te desplazas, y su pantalla digital te permite monitorear el estado de la bater\u00eda con facilidad.<\/p>\n<ul>\n<li>Capacidad de 10 000 mAh<\/li>\n<li>Soporte y cables integrados<\/li>\n<li>Compatible con tel\u00e9fonos Apple MagSafe<\/li>\n<li>Compatible con otros tel\u00e9fonos m\u00f3viles mediante cable de carga<\/li>\n<\/ul>\n<h5 class=\"mb-3\">Specifications<\/h5>\n<ul>\n<li>\n<h5>Capacidad:<\/h5>\n<table class=\"table\">\n<tbody>\n<tr>\n<th class=\"font-primary font-weight-semi-bold text-dark pl-0\" scope=\"row\">Capacidad<\/th>\n<td class=\"pl-4\">3.85V 10 000mAh 38.5 Wh<\/td>\n<\/tr>\n<\/tbody>\n<\/table>\n<\/li>\n<li>\n<h5>Entradas:<\/h5>\n<table class=\"table\">\n<tbody>\n<tr>\n<th class=\"font-primary font-weight-semi-bold text-dark pl-0\" scope=\"row\">Tipo-C<\/th>\n<td class=\"pl-4\">5 V 2.4 A, 9 V 2 A, 12 V 1.5 A<\/td>\n<\/tr>\n<tr>\n<th class=\"font-primary font-weight-semi-bold text-dark pl-0\" scope=\"row\">Micro USB<\/th>\n<td class=\"pl-4\">5 V 2.4 A, 9 V 2 A, 12 V 1.5 A<\/td>\n<\/tr>\n<tr>\n<th class=\"font-primary font-weight-semi-bold text-dark pl-0\" scope=\"row\">Lightning<\/th>\n<td class=\"pl-4\">5 V 2 A<\/td>\n<\/tr>\n<\/tbody>\n<\/table>\n<\/li>\n<li>\n<h5>Salidas:<\/h5>\n<table class=\"table\">\n<tbody>\n<tr>\n<th class=\"font-primary font-weight-semi-bold text-dark pl-0\" scope=\"row\">USB<\/th>\n<td class=\"pl-4\">5 V 3 A, 9 V 2.2 A, 12 V 1.5 A<\/td>\n<\/tr>\n<tr>\n<th class=\"font-primary font-weight-semi-bold text-dark pl-0\" scope=\"row\">Tipo-C<\/th>\n<td class=\"pl-4\">5 V 3 A, 9 V 2.2 A, 12 V 1.67 A<\/td>\n<\/tr>\n<tr>\n<th class=\"font-primary font-weight-semi-bold text-dark pl-0\" scope=\"row\">Lightning<\/th>\n<td class=\"pl-4\">5 V 2 A<\/td>\n<\/tr>\n<tr>\n<th class=\"font-primary font-weight-semi-bold text-dark pl-0\" scope=\"row\">Salida Inal\u00e1mbrica<\/th>\n<td class=\"pl-4\">5 W \/ 7.5 W \/ 10 W \/ 15 W<\/td>\n<\/tr>\n<\/tbody>\n<\/table>\n<\/li>\n<li>\n<h5>Indicador de Energ\u00eda:<\/h5>\n<table class=\"table\">\n<tbody>\n<tr>\n<th class=\"font-primary font-weight-semi-bold text-dark pl-0\" scope=\"row\">Indicador<\/th>\n<td class=\"pl-4\">Pantalla digital<\/td>\n<\/tr>\n<\/tbody>\n<\/table>\n<\/li>\n<\/ul>\n<\/div>\n<div class=\"col-md-6 pl-md-6\">\n<div class=\"d-flex flex-wrap\">\n<div class=\"icon-box icon-box-side icon-border mb-4 mr-5\">\n<div class=\"icon-box-icon mr-4\">\n<p>&nbsp;<\/p>\n<p>&nbsp;<\/p>\n<p>&nbsp;<\/p>\n<\/div>\n<div class=\"icon-box-content\">\n<h4 class=\"icon-box-title text-normal lh-1 pt-3 ls-s\">1 a\u00f1o de garantia<\/h4>\n<p class=\"icon-box-desc mb-0\">Garantia de verdad<\/p>\n<p>&nbsp;<\/p>\n<\/div>\n<p>&nbsp;<\/p>\n<\/div>\n<\/div>\n<\/div>\n","protected":false},"excerpt":{"rendered":"<p>Caracter\u00edsticas El Reload Plus Series 10 000mAh Magsafe Power Bank es una bater\u00eda port\u00e1til de alta capacidad dise\u00f1ada para cargar tu iPhone compatible con MagSafe de manera r\u00e1pida y eficiente. Equipado con un soporte y cables integrados, este power bank tambi\u00e9n es compatible con otros tel\u00e9fonos m\u00f3viles mediante un cable de carga. Su capacidad de &hellip;<\/p>\n<p class=\"read-more\"> <a class=\" thunk-readmore button \" href=\"https:\/\/techno-rc.com.ar\/tienda\/producto\/reload-plus-series-10-000mah-magsafe-power-bank\/\"> <span class=\"screen-reader-text\">Reload Plus series 10 000mAh Magsafe Power Bank<\/span>Leer m\u00e1s<\/a><\/p>\n","protected":false},"featured_media":3025,"comment_status":"open","ping_status":"closed","template":"","meta":{"advanced_seo_description":"","jetpack_seo_html_title":"","jetpack_seo_noindex":false,"_joinchat":[]},"product_brand":[],"product_cat":[54,33,36,109],"product_tag":[],"class_list":{"0":"post-3023","1":"product","2":"type-product","3":"status-publish","4":"has-post-thumbnail","6":"product_cat-accesorios-de-celulares","7":"product_cat-insformatica","8":"product_cat-linea-volkano","9":"product_cat-power-bank","10":"thunk-woo-product-list","11":"opn-qv-enable","12":"open-woo-hover-none","13":"open-single-product-tab-horizontal","14":"open-shadow-","15":"open-shadow-hover-","17":"first","18":"instock","19":"taxable","20":"shipping-taxable","21":"purchasable","22":"product-type-simple"},"jetpack_sharing_enabled":true,"_links":{"self":[{"href":"https:\/\/techno-rc.com.ar\/tienda\/wp-json\/wp\/v2\/product\/3023","targetHints":{"allow":["GET"]}}],"collection":[{"href":"https:\/\/techno-rc.com.ar\/tienda\/wp-json\/wp\/v2\/product"}],"about":[{"href":"https:\/\/techno-rc.com.ar\/tienda\/wp-json\/wp\/v2\/types\/product"}],"replies":[{"embeddable":true,"href":"https:\/\/techno-rc.com.ar\/tienda\/wp-json\/wp\/v2\/comments?post=3023"}],"wp:featuredmedia":[{"embeddable":true,"href":"https:\/\/techno-rc.com.ar\/tienda\/wp-json\/wp\/v2\/media\/3025"}],"wp:attachment":[{"href":"https:\/\/techno-rc.com.ar\/tienda\/wp-json\/wp\/v2\/media?parent=3023"}],"wp:term":[{"taxonomy":"product_brand","embeddable":true,"href":"https:\/\/techno-rc.com.ar\/tienda\/wp-json\/wp\/v2\/product_brand?post=3023"},{"taxonomy":"product_cat","embeddable":true,"href":"https:\/\/techno-rc.com.ar\/tienda\/wp-json\/wp\/v2\/product_cat?post=3023"},{"taxonomy":"product_tag","embeddable":true,"href":"https:\/\/techno-rc.com.ar\/tienda\/wp-json\/wp\/v2\/product_tag?post=3023"}],"curies":[{"name":"wp","href":"https:\/\/api.w.org\/{rel}","templated":true}]}}