{"id":3029,"date":"2025-04-29T15:01:25","date_gmt":"2025-04-29T18:01:25","guid":{"rendered":"https:\/\/techno-rc.com.ar\/tienda\/?post_type=product&#038;p=3029"},"modified":"2026-04-24T18:37:06","modified_gmt":"2026-04-24T21:37:06","slug":"shift-pro-series-pd-30w-usb-a-18w","status":"publish","type":"product","link":"https:\/\/techno-rc.com.ar\/tienda\/producto\/shift-pro-series-pd-30w-usb-a-18w\/","title":{"rendered":"Shift Pro Series PD 30W + USB A 18W"},"content":{"rendered":"<div class=\"col-md-6\">\n<h5 class=\"mb-4\">Caracter\u00edsticas<\/h5>\n<p class=\"mb-2\">El Shift Pro Series PD 30W + USB A 18W es un cargador vers\u00e1til y potente, perfecto para aquellos que necesitan cargar m\u00faltiples dispositivos al mismo tiempo. Con una salida Power Delivery (PD) de 30W y un puerto USB A de 18W, este cargador puede acelerar la carga de tus dispositivos hasta 2.5 veces m\u00e1s r\u00e1pido. Su dise\u00f1o compacto incluye dos puertos de carga, lo que lo convierte en una opci\u00f3n ideal para viajes o uso diario.<\/p>\n<ul>\n<li>Carga r\u00e1pida de 2 dispositivos al mismo tiempo<\/li>\n<li>La carga PD Tipo-C ofrece una velocidad de carga mucho m\u00e1s r\u00e1pida debido al mayor voltaje<\/li>\n<li>Carga dispositivos compatibles hasta 2.5 veces m\u00e1s r\u00e1pido<\/li>\n<li>2 puertos de carga<\/li>\n<li>Potencia alta de 32 vatios<\/li>\n<\/ul>\n<h5 class=\"mb-3\">Specifications<\/h5>\n<ul>\n<li>\n<h5>Entrada:<\/h5>\n<table class=\"table\">\n<tbody>\n<tr>\n<th class=\"font-primary font-weight-semi-bold text-dark pl-0\" scope=\"row\">Entrada<\/th>\n<td class=\"pl-4\">12 V \/ 2 A<\/td>\n<\/tr>\n<\/tbody>\n<\/table>\n<\/li>\n<li>\n<h5>Salidas:<\/h5>\n<table class=\"table\">\n<tbody>\n<tr>\n<th class=\"font-primary font-weight-semi-bold text-dark pl-0\" scope=\"row\">PD (Tipo-C)<\/th>\n<td class=\"pl-4\">20 Watt 5V @ 3 A, 9V @ 2.2 A, 12V @ 1.7 A<\/td>\n<\/tr>\n<tr>\n<th class=\"font-primary font-weight-semi-bold text-dark pl-0\" scope=\"row\">USB A<\/th>\n<td class=\"pl-4\">12 Watt 5V @ 2.4A<\/td>\n<\/tr>\n<\/tbody>\n<\/table>\n<\/li>\n<li>\n<h5>Potencia Total:<\/h5>\n<table class=\"table\">\n<tbody>\n<tr>\n<th class=\"font-primary font-weight-semi-bold text-dark pl-0\" scope=\"row\">Total<\/th>\n<td class=\"pl-4\">32 Watt<\/td>\n<\/tr>\n<\/tbody>\n<\/table>\n<\/li>\n<\/ul>\n<\/div>\n<div class=\"col-md-6 pl-md-6\">\n<div class=\"d-flex flex-wrap\">\n<div class=\"icon-box icon-box-side icon-border mb-4 mr-5\">\n<div class=\"icon-box-icon mr-4\">\n<p>&nbsp;<\/p>\n<p>&nbsp;<\/p>\n<p>&nbsp;<\/p>\n<\/div>\n<div class=\"icon-box-content\">\n<h4 class=\"icon-box-title text-normal lh-1 pt-3 ls-s\">1 a\u00f1o de garantia<\/h4>\n<p class=\"icon-box-desc mb-0\">Grantia de verdad<\/p>\n<p>&nbsp;<\/p>\n<\/div>\n<p>&nbsp;<\/p>\n<\/div>\n<\/div>\n<\/div>\n","protected":false},"excerpt":{"rendered":"<p>Caracter\u00edsticas El Shift Pro Series PD 30W + USB A 18W es un cargador vers\u00e1til y potente, perfecto para aquellos que necesitan cargar m\u00faltiples dispositivos al mismo tiempo. Con una salida Power Delivery (PD) de 30W y un puerto USB A de 18W, este cargador puede acelerar la carga de tus dispositivos hasta 2.5 veces &hellip;<\/p>\n<p class=\"read-more\"> <a class=\" thunk-readmore button \" href=\"https:\/\/techno-rc.com.ar\/tienda\/producto\/shift-pro-series-pd-30w-usb-a-18w\/\"> <span class=\"screen-reader-text\">Shift Pro Series PD 30W + USB A 18W<\/span>Leer m\u00e1s<\/a><\/p>\n","protected":false},"featured_media":3030,"comment_status":"closed","ping_status":"closed","template":"","meta":{"advanced_seo_description":"","jetpack_seo_html_title":"","jetpack_seo_noindex":false,"_joinchat":[]},"product_brand":[],"product_cat":[54,159,47,33,36],"product_tag":[],"class_list":{"0":"post-3029","1":"product","2":"type-product","3":"status-publish","4":"has-post-thumbnail","6":"product_cat-accesorios-de-celulares","7":"product_cat-cargador-de-auto","8":"product_cat-cargadores","9":"product_cat-insformatica","10":"product_cat-linea-volkano","11":"thunk-woo-product-list","12":"opn-qv-enable","13":"open-woo-hover-none","14":"open-single-product-tab-horizontal","15":"open-shadow-","16":"open-shadow-hover-","18":"first","19":"outofstock","20":"taxable","21":"shipping-taxable","22":"purchasable","23":"product-type-simple"},"jetpack_sharing_enabled":true,"_links":{"self":[{"href":"https:\/\/techno-rc.com.ar\/tienda\/wp-json\/wp\/v2\/product\/3029","targetHints":{"allow":["GET"]}}],"collection":[{"href":"https:\/\/techno-rc.com.ar\/tienda\/wp-json\/wp\/v2\/product"}],"about":[{"href":"https:\/\/techno-rc.com.ar\/tienda\/wp-json\/wp\/v2\/types\/product"}],"replies":[{"embeddable":true,"href":"https:\/\/techno-rc.com.ar\/tienda\/wp-json\/wp\/v2\/comments?post=3029"}],"wp:featuredmedia":[{"embeddable":true,"href":"https:\/\/techno-rc.com.ar\/tienda\/wp-json\/wp\/v2\/media\/3030"}],"wp:attachment":[{"href":"https:\/\/techno-rc.com.ar\/tienda\/wp-json\/wp\/v2\/media?parent=3029"}],"wp:term":[{"taxonomy":"product_brand","embeddable":true,"href":"https:\/\/techno-rc.com.ar\/tienda\/wp-json\/wp\/v2\/product_brand?post=3029"},{"taxonomy":"product_cat","embeddable":true,"href":"https:\/\/techno-rc.com.ar\/tienda\/wp-json\/wp\/v2\/product_cat?post=3029"},{"taxonomy":"product_tag","embeddable":true,"href":"https:\/\/techno-rc.com.ar\/tienda\/wp-json\/wp\/v2\/product_tag?post=3029"}],"curies":[{"name":"wp","href":"https:\/\/api.w.org\/{rel}","templated":true}]}}