{"id":3037,"date":"2025-04-22T15:50:59","date_gmt":"2025-04-22T18:50:59","guid":{"rendered":"https:\/\/techno-rc.com.ar\/tienda\/?post_type=product&#038;p=3037"},"modified":"2025-06-28T19:38:15","modified_gmt":"2025-06-28T22:38:15","slug":"volkano-insta-series-kit-completo-de-tripode-para-soporte-de-suelo-con-luz-anular-copia","status":"publish","type":"product","link":"https:\/\/techno-rc.com.ar\/tienda\/producto\/volkano-insta-series-kit-completo-de-tripode-para-soporte-de-suelo-con-luz-anular-copia\/","title":{"rendered":"Volkano Insta series Kit completo de tripode para soporte de suelo con luz anular (copia)"},"content":{"rendered":"<div class=\"col-md-6\">\n<h5 class=\"mb-4\">Caracter\u00edsticas<\/h5>\n<p class=\"mb-2\">El **Volkano Insta Series Home Vlogging Kit** con tr\u00edpode de piso es la soluci\u00f3n ideal para creadores de contenido que buscan calidad y versatilidad. Equipado con un anillo de luz LED, soportes ajustables para micr\u00f3fono, tablet y tel\u00e9fono, y un brazo de micr\u00f3fono ajustable, este kit tiene todo lo necesario para tus sesiones de grabaci\u00f3n o streaming.<\/p>\n<ul class=\"list-type-none list-type-check mt-0 mb-8\">\n<li>Anillo de luz LED de 9 cm<\/li>\n<li>Soporte para tel\u00e9fono y tablet<\/li>\n<li>Brazo de micr\u00f3fono ajustable<\/li>\n<li>Filtro pop para mejor calidad de audio<\/li>\n<li>Tr\u00edpode de piso resistente<\/li>\n<\/ul>\n<h5 class=\"mb-3\">Contenido del paquete<\/h5>\n<ul class=\"list-type-none list-type-check mt-0 mb-8\">\n<li>Tr\u00edpode de piso<\/li>\n<li>Brazo de micr\u00f3fono<\/li>\n<li>Soporte para tablet<\/li>\n<li>Soporte para tel\u00e9fono<\/li>\n<li>Soporte para micr\u00f3fono<\/li>\n<li>Filtro pop<\/li>\n<li>Amortiguador antivibraci\u00f3n<\/li>\n<li>Manual de instrucciones<\/li>\n<\/ul>\n<\/div>\n<div class=\"col-md-6 pl-md-6\">\n<div class=\"d-flex flex-wrap\">\n<div class=\"icon-box icon-box-side icon-border mb-4 mr-5\">\n<div class=\"icon-box-icon mr-4\"><\/div>\n<div class=\"icon-box-content\">\n<h4 class=\"icon-box-title text-normal lh-1 pt-3 ls-s\">1 a\u00f1o de garant\u00eda<\/h4>\n<p class=\"icon-box-desc mb-0\">Garant\u00eda de calidad<\/p>\n<p>&nbsp;<\/p>\n<\/div>\n<p>&nbsp;<\/p>\n<\/div>\n<\/div>\n<\/div>\n","protected":false},"excerpt":{"rendered":"<p>Caracter\u00edsticas El **Volkano Insta Series Home Vlogging Kit** con tr\u00edpode de piso es la soluci\u00f3n ideal para creadores de contenido que buscan calidad y versatilidad. Equipado con un anillo de luz LED, soportes ajustables para micr\u00f3fono, tablet y tel\u00e9fono, y un brazo de micr\u00f3fono ajustable, este kit tiene todo lo necesario para tus sesiones de &hellip;<\/p>\n<p class=\"read-more\"> <a class=\" thunk-readmore button \" href=\"https:\/\/techno-rc.com.ar\/tienda\/producto\/volkano-insta-series-kit-completo-de-tripode-para-soporte-de-suelo-con-luz-anular-copia\/\"> <span class=\"screen-reader-text\">Volkano Insta series Kit completo de tripode para soporte de suelo con luz anular (copia)<\/span>Leer m\u00e1s<\/a><\/p>\n","protected":false},"featured_media":3035,"comment_status":"open","ping_status":"closed","template":"","meta":{"advanced_seo_description":"","jetpack_seo_html_title":"","jetpack_seo_noindex":false,"_joinchat":[]},"product_brand":[],"product_cat":[54,33],"product_tag":[],"class_list":{"0":"post-3037","1":"product","2":"type-product","3":"status-publish","4":"has-post-thumbnail","6":"product_cat-accesorios-de-celulares","7":"product_cat-insformatica","8":"thunk-woo-product-list","9":"opn-qv-enable","10":"open-woo-hover-none","11":"open-single-product-tab-horizontal","12":"open-shadow-","13":"open-shadow-hover-","15":"first","16":"instock","17":"taxable","18":"shipping-taxable","19":"purchasable","20":"product-type-simple"},"jetpack_sharing_enabled":true,"_links":{"self":[{"href":"https:\/\/techno-rc.com.ar\/tienda\/wp-json\/wp\/v2\/product\/3037","targetHints":{"allow":["GET"]}}],"collection":[{"href":"https:\/\/techno-rc.com.ar\/tienda\/wp-json\/wp\/v2\/product"}],"about":[{"href":"https:\/\/techno-rc.com.ar\/tienda\/wp-json\/wp\/v2\/types\/product"}],"replies":[{"embeddable":true,"href":"https:\/\/techno-rc.com.ar\/tienda\/wp-json\/wp\/v2\/comments?post=3037"}],"wp:featuredmedia":[{"embeddable":true,"href":"https:\/\/techno-rc.com.ar\/tienda\/wp-json\/wp\/v2\/media\/3035"}],"wp:attachment":[{"href":"https:\/\/techno-rc.com.ar\/tienda\/wp-json\/wp\/v2\/media?parent=3037"}],"wp:term":[{"taxonomy":"product_brand","embeddable":true,"href":"https:\/\/techno-rc.com.ar\/tienda\/wp-json\/wp\/v2\/product_brand?post=3037"},{"taxonomy":"product_cat","embeddable":true,"href":"https:\/\/techno-rc.com.ar\/tienda\/wp-json\/wp\/v2\/product_cat?post=3037"},{"taxonomy":"product_tag","embeddable":true,"href":"https:\/\/techno-rc.com.ar\/tienda\/wp-json\/wp\/v2\/product_tag?post=3037"}],"curies":[{"name":"wp","href":"https:\/\/api.w.org\/{rel}","templated":true}]}}