{"id":3056,"date":"2025-04-29T12:46:46","date_gmt":"2025-04-29T15:46:46","guid":{"rendered":"https:\/\/techno-rc.com.ar\/tienda\/?post_type=product&#038;p=3056"},"modified":"2025-06-28T19:36:40","modified_gmt":"2025-06-28T22:36:40","slug":"digital-series-4k-hdmi-cable-1-5m","status":"publish","type":"product","link":"https:\/\/techno-rc.com.ar\/tienda\/producto\/digital-series-4k-hdmi-cable-1-5m\/","title":{"rendered":"Digital Series 4K HDMI Cable 1.5M"},"content":{"rendered":"<div class=\"col-md-6\"><\/div>\n<div class=\"col-md-6 pl-md-6\">\n<div class=\"d-flex flex-wrap\">\n<div class=\"icon-box icon-box-side icon-border mb-4 mr-5\">\n<div class=\"col-md-6\">\n<h5 class=\"mb-4\">Caracter\u00edsticas<\/h5>\n<p class=\"mb-2\">El Digital Series 4K HDMI Cable 1.5M es un cable de alta calidad que garantiza una experiencia visual y auditiva superior. Con una capacidad de transmisi\u00f3n de datos de 18 Gbps, este cable soporta resoluciones de hasta 4K a 60 Hz, incluyendo color profundo y soporte para HDR. Sus conectores chapados en oro aseguran una conexi\u00f3n duradera y sin interferencias, mientras que su construcci\u00f3n robusta garantiza una larga vida \u00fatil. Es compatible con una amplia gama de dispositivos habilitados para HDMI, desde televisores hasta consolas de videojuegos y sistemas de sonido.<\/p>\n<ul class=\"list-type-none list-type-check mt-0 mb-8\">\n<li>Longitud del cable: 1.5 metros<\/li>\n<li>Conectores chapados en oro<\/li>\n<li>Conductores CCS de 30 AWG<\/li>\n<li>Capacidad de transmisi\u00f3n de datos de 18 Gbps<\/li>\n<li>Resoluci\u00f3n de 1080p a 60 Hz, 4K a 60 Hz<\/li>\n<li>Soporte para CEC, HEC, HARC, 3D, Deep Color hasta 16 bits por canal, x.v.Color<\/li>\n<li>Audio de alta definici\u00f3n, incluyendo SA-CD, DVD-Audio, DTS-HD Master Audio y Dolby TrueHD<\/li>\n<\/ul>\n<h5 class=\"mb-3\">Especificaciones<\/h5>\n<ul>\n<li style=\"list-style-type: none\">\n<ul>\n<li>\n<h5>Especificaciones<\/h5>\n<\/li>\n<\/ul>\n<\/li>\n<\/ul>\n<table class=\"table spec-table\">\n<tbody>\n<tr>\n<th>Longitud del Cable<\/th>\n<td>1.5 metros<\/td>\n<\/tr>\n<tr>\n<th>Conectores<\/th>\n<td>Chapeados en oro<\/td>\n<\/tr>\n<tr>\n<th>Conductores<\/th>\n<td>CCS de 30 AWG<\/td>\n<\/tr>\n<tr>\n<th>Capacidad de Transmisi\u00f3n de Datos<\/th>\n<td>18 Gbps<\/td>\n<\/tr>\n<tr>\n<th>Resoluci\u00f3n Soportada<\/th>\n<td>1080p a 60 Hz, 4K a 60 Hz<\/td>\n<\/tr>\n<tr>\n<th>Soporte de Color<\/th>\n<td>CEC, HEC, HARC, 3D, Deep Color hasta 16 bits por canal, x.v.Color<\/td>\n<\/tr>\n<tr>\n<th>Soporte de Audio<\/th>\n<td>SA-CD, DVD-Audio, DTS-HD Master Audio, Dolby TrueHD<\/td>\n<\/tr>\n<\/tbody>\n<\/table>\n<\/div>\n<div class=\"col-md-6 pl-md-6\">\n<div class=\"d-flex flex-wrap\">\n<div class=\"icon-box icon-box-side icon-border mb-4 mr-5\">\n<div class=\"icon-box-icon mr-4\">\n<p>&nbsp;<\/p>\n<p>&nbsp;<\/p>\n<p>&nbsp;<\/p>\n<\/div>\n<div class=\"icon-box-content\">\n<h4 class=\"icon-box-title text-normal lh-1 pt-3 ls-s\">1 a\u00f1o de garantia<\/h4>\n<p class=\"icon-box-desc mb-0\">Grantia de verdad<\/p>\n<p>&nbsp;<\/p>\n<\/div>\n<p>&nbsp;<\/p>\n<\/div>\n<\/div>\n<\/div>\n<div class=\"icon-box-content\">\n<p>&nbsp;<\/p>\n<\/div>\n<p>&nbsp;<\/p>\n<\/div>\n<\/div>\n<\/div>\n","protected":false},"excerpt":{"rendered":"<p>Caracter\u00edsticas El Digital Series 4K HDMI Cable 1.5M es un cable de alta calidad que garantiza una experiencia visual y auditiva superior. Con una capacidad de transmisi\u00f3n de datos de 18 Gbps, este cable soporta resoluciones de hasta 4K a 60 Hz, incluyendo color profundo y soporte para HDR. Sus conectores chapados en oro aseguran &hellip;<\/p>\n<p class=\"read-more\"> <a class=\" thunk-readmore button \" href=\"https:\/\/techno-rc.com.ar\/tienda\/producto\/digital-series-4k-hdmi-cable-1-5m\/\"> <span class=\"screen-reader-text\">Digital Series 4K HDMI Cable 1.5M<\/span>Leer m\u00e1s<\/a><\/p>\n","protected":false},"featured_media":3057,"comment_status":"open","ping_status":"closed","template":"","meta":{"advanced_seo_description":"","jetpack_seo_html_title":"","jetpack_seo_noindex":false,"_joinchat":[]},"product_brand":[],"product_cat":[48,33,36],"product_tag":[],"class_list":{"0":"post-3056","1":"product","2":"type-product","3":"status-publish","4":"has-post-thumbnail","6":"product_cat-cables","7":"product_cat-insformatica","8":"product_cat-linea-volkano","9":"thunk-woo-product-list","10":"opn-qv-enable","11":"open-woo-hover-none","12":"open-single-product-tab-horizontal","13":"open-shadow-","14":"open-shadow-hover-","16":"first","17":"instock","18":"taxable","19":"shipping-taxable","20":"purchasable","21":"product-type-simple"},"jetpack_sharing_enabled":true,"_links":{"self":[{"href":"https:\/\/techno-rc.com.ar\/tienda\/wp-json\/wp\/v2\/product\/3056","targetHints":{"allow":["GET"]}}],"collection":[{"href":"https:\/\/techno-rc.com.ar\/tienda\/wp-json\/wp\/v2\/product"}],"about":[{"href":"https:\/\/techno-rc.com.ar\/tienda\/wp-json\/wp\/v2\/types\/product"}],"replies":[{"embeddable":true,"href":"https:\/\/techno-rc.com.ar\/tienda\/wp-json\/wp\/v2\/comments?post=3056"}],"wp:featuredmedia":[{"embeddable":true,"href":"https:\/\/techno-rc.com.ar\/tienda\/wp-json\/wp\/v2\/media\/3057"}],"wp:attachment":[{"href":"https:\/\/techno-rc.com.ar\/tienda\/wp-json\/wp\/v2\/media?parent=3056"}],"wp:term":[{"taxonomy":"product_brand","embeddable":true,"href":"https:\/\/techno-rc.com.ar\/tienda\/wp-json\/wp\/v2\/product_brand?post=3056"},{"taxonomy":"product_cat","embeddable":true,"href":"https:\/\/techno-rc.com.ar\/tienda\/wp-json\/wp\/v2\/product_cat?post=3056"},{"taxonomy":"product_tag","embeddable":true,"href":"https:\/\/techno-rc.com.ar\/tienda\/wp-json\/wp\/v2\/product_tag?post=3056"}],"curies":[{"name":"wp","href":"https:\/\/api.w.org\/{rel}","templated":true}]}}