{"id":3082,"date":"2025-04-29T12:56:59","date_gmt":"2025-04-29T15:56:59","guid":{"rendered":"https:\/\/techno-rc.com.ar\/tienda\/?post_type=product&#038;p=3082"},"modified":"2025-06-28T19:36:39","modified_gmt":"2025-06-28T22:36:39","slug":"volkano-cable-optico-15-m","status":"publish","type":"product","link":"https:\/\/techno-rc.com.ar\/tienda\/producto\/volkano-cable-optico-15-m\/","title":{"rendered":"Volkano Cable optico 1,5 m"},"content":{"rendered":"<div class=\"col-md-6\">\n<h5 class=\"mb-4\">Caracter\u00edsticas<\/h5>\n<p class=\"mb-2\">El **Volkano Optic Series Cable** es la elecci\u00f3n ideal para transmisi\u00f3n de audio digital de alta calidad. Dise\u00f1ado con conectores chapados en oro y fibra \u00f3ptica, este cable garantiza cero interferencias y una experiencia de audio pura. Compatible con dispositivos que utilicen la interfaz Toslink.<\/p>\n<ul class=\"list-type-none list-type-check mt-0 mb-8\">\n<li>Longitud del cable: 1.5 m<\/li>\n<li>Transmisi\u00f3n de datos de audio digital<\/li>\n<li>Interferencia de audio cero<\/li>\n<li>Compatibilidad con dispositivos ADAT, DAW, Dolby Digital y DTS con interfaz Toslink<\/li>\n<\/ul>\n<h5 class=\"mb-3\">Especificaciones<\/h5>\n<table class=\"table\">\n<tbody>\n<tr>\n<th class=\"font-primary font-weight-semi-bold text-dark pl-0\" scope=\"row\">C\u00f3digo del producto<\/th>\n<td class=\"pl-4\">VK-4419-BK<\/td>\n<\/tr>\n<tr>\n<th class=\"font-primary font-weight-semi-bold text-dark pl-0\" scope=\"row\">Longitud del cable<\/th>\n<td class=\"pl-4\">1.5 m<\/td>\n<\/tr>\n<tr>\n<th class=\"font-primary font-weight-semi-bold text-dark pl-0\" scope=\"row\">Conectores<\/th>\n<td class=\"pl-4\">Chapados en oro<\/td>\n<\/tr>\n<tr>\n<th class=\"font-primary font-weight-semi-bold text-dark pl-0\" scope=\"row\">Material<\/th>\n<td class=\"pl-4\">Fibra \u00f3ptica<\/td>\n<\/tr>\n<tr>\n<th class=\"font-primary font-weight-semi-bold text-dark pl-0\" scope=\"row\">Compatibilidad<\/th>\n<td class=\"pl-4\">ADAT, DAW, Dolby Digital, DTS con interfaz Toslink<\/td>\n<\/tr>\n<\/tbody>\n<\/table>\n<\/div>\n<div class=\"col-md-6 pl-md-6\">\n<div class=\"d-flex flex-wrap\">\n<div class=\"icon-box icon-box-side icon-border mb-4 mr-5\">\n<div class=\"icon-box-icon mr-4\"><\/div>\n<div class=\"icon-box-content\">\n<h4 class=\"icon-box-title text-normal lh-1 pt-3 ls-s\">1 a\u00f1o de garant\u00eda<\/h4>\n<p class=\"icon-box-desc mb-0\">Garant\u00eda de calidad<\/p>\n<p>&nbsp;<\/p>\n<\/div>\n<p>&nbsp;<\/p>\n<\/div>\n<\/div>\n<\/div>\n","protected":false},"excerpt":{"rendered":"<p>Caracter\u00edsticas El **Volkano Optic Series Cable** es la elecci\u00f3n ideal para transmisi\u00f3n de audio digital de alta calidad. Dise\u00f1ado con conectores chapados en oro y fibra \u00f3ptica, este cable garantiza cero interferencias y una experiencia de audio pura. Compatible con dispositivos que utilicen la interfaz Toslink. Longitud del cable: 1.5 m Transmisi\u00f3n de datos de &hellip;<\/p>\n<p class=\"read-more\"> <a class=\" thunk-readmore button \" href=\"https:\/\/techno-rc.com.ar\/tienda\/producto\/volkano-cable-optico-15-m\/\"> <span class=\"screen-reader-text\">Volkano Cable optico 1,5 m<\/span>Leer m\u00e1s<\/a><\/p>\n","protected":false},"featured_media":3083,"comment_status":"open","ping_status":"closed","template":"","meta":{"advanced_seo_description":"","jetpack_seo_html_title":"","jetpack_seo_noindex":false,"_joinchat":[]},"product_brand":[],"product_cat":[48,33,36],"product_tag":[],"class_list":{"0":"post-3082","1":"product","2":"type-product","3":"status-publish","4":"has-post-thumbnail","6":"product_cat-cables","7":"product_cat-insformatica","8":"product_cat-linea-volkano","9":"thunk-woo-product-list","10":"opn-qv-enable","11":"open-woo-hover-none","12":"open-single-product-tab-horizontal","13":"open-shadow-","14":"open-shadow-hover-","16":"first","17":"instock","18":"taxable","19":"shipping-taxable","20":"purchasable","21":"product-type-simple"},"jetpack_sharing_enabled":true,"_links":{"self":[{"href":"https:\/\/techno-rc.com.ar\/tienda\/wp-json\/wp\/v2\/product\/3082","targetHints":{"allow":["GET"]}}],"collection":[{"href":"https:\/\/techno-rc.com.ar\/tienda\/wp-json\/wp\/v2\/product"}],"about":[{"href":"https:\/\/techno-rc.com.ar\/tienda\/wp-json\/wp\/v2\/types\/product"}],"replies":[{"embeddable":true,"href":"https:\/\/techno-rc.com.ar\/tienda\/wp-json\/wp\/v2\/comments?post=3082"}],"wp:featuredmedia":[{"embeddable":true,"href":"https:\/\/techno-rc.com.ar\/tienda\/wp-json\/wp\/v2\/media\/3083"}],"wp:attachment":[{"href":"https:\/\/techno-rc.com.ar\/tienda\/wp-json\/wp\/v2\/media?parent=3082"}],"wp:term":[{"taxonomy":"product_brand","embeddable":true,"href":"https:\/\/techno-rc.com.ar\/tienda\/wp-json\/wp\/v2\/product_brand?post=3082"},{"taxonomy":"product_cat","embeddable":true,"href":"https:\/\/techno-rc.com.ar\/tienda\/wp-json\/wp\/v2\/product_cat?post=3082"},{"taxonomy":"product_tag","embeddable":true,"href":"https:\/\/techno-rc.com.ar\/tienda\/wp-json\/wp\/v2\/product_tag?post=3082"}],"curies":[{"name":"wp","href":"https:\/\/api.w.org\/{rel}","templated":true}]}}