{"id":3100,"date":"2025-04-29T13:13:54","date_gmt":"2025-04-29T16:13:54","guid":{"rendered":"https:\/\/techno-rc.com.ar\/tienda\/?post_type=product&#038;p=3100"},"modified":"2025-06-28T19:36:38","modified_gmt":"2025-06-28T22:36:38","slug":"volkano-print-series-cable-de-impresora-usb-de-18-metros-negro","status":"publish","type":"product","link":"https:\/\/techno-rc.com.ar\/tienda\/producto\/volkano-print-series-cable-de-impresora-usb-de-18-metros-negro\/","title":{"rendered":"Volkano Print series Cable de impresora USB de 1,8 metros &#8211; negro"},"content":{"rendered":"<div class=\"col-md-6\">\n<h5 class=\"mb-4\">Caracter\u00edsticas<\/h5>\n<p class=\"mb-2\">El **Volkano Print Series Cable** es la soluci\u00f3n perfecta para tus necesidades de conexi\u00f3n, con una longitud de **1.8 m \/ 6 ft** que proporciona flexibilidad y alcance para cualquier entorno, ya sea en casa, la oficina o mientras viajas.<\/p>\n<ul class=\"list-type-none list-type-check mt-0 mb-8\">\n<li>Longitud: 1.8 m \/ 6 ft<\/li>\n<li>Dise\u00f1o resistente y duradero<\/li>\n<li>Compatibilidad universal<\/li>\n<\/ul>\n<\/div>\n<div class=\"col-md-6 pl-md-6\">\n<div class=\"d-flex flex-wrap\">\n<div class=\"icon-box icon-box-side icon-border mb-4 mr-5\">\n<div class=\"icon-box-icon mr-4\"><\/div>\n<div class=\"icon-box-content\">\n<h4 class=\"icon-box-title text-normal lh-1 pt-3 ls-s\">1 a\u00f1o de garant\u00eda<\/h4>\n<p class=\"icon-box-desc mb-0\">Garant\u00eda de calidad<\/p>\n<p>&nbsp;<\/p>\n<\/div>\n<p>&nbsp;<\/p>\n<\/div>\n<\/div>\n<\/div>\n","protected":false},"excerpt":{"rendered":"<p>Caracter\u00edsticas El **Volkano Print Series Cable** es la soluci\u00f3n perfecta para tus necesidades de conexi\u00f3n, con una longitud de **1.8 m \/ 6 ft** que proporciona flexibilidad y alcance para cualquier entorno, ya sea en casa, la oficina o mientras viajas. Longitud: 1.8 m \/ 6 ft Dise\u00f1o resistente y duradero Compatibilidad universal 1 a\u00f1o &hellip;<\/p>\n<p class=\"read-more\"> <a class=\" thunk-readmore button \" href=\"https:\/\/techno-rc.com.ar\/tienda\/producto\/volkano-print-series-cable-de-impresora-usb-de-18-metros-negro\/\"> <span class=\"screen-reader-text\">Volkano Print series Cable de impresora USB de 1,8 metros &#8211; negro<\/span>Leer m\u00e1s<\/a><\/p>\n","protected":false},"featured_media":3101,"comment_status":"open","ping_status":"closed","template":"","meta":{"advanced_seo_description":"","jetpack_seo_html_title":"","jetpack_seo_noindex":false,"_joinchat":[]},"product_brand":[],"product_cat":[48,33,36],"product_tag":[],"class_list":{"0":"post-3100","1":"product","2":"type-product","3":"status-publish","4":"has-post-thumbnail","6":"product_cat-cables","7":"product_cat-insformatica","8":"product_cat-linea-volkano","9":"thunk-woo-product-list","10":"opn-qv-enable","11":"open-woo-hover-none","12":"open-single-product-tab-horizontal","13":"open-shadow-","14":"open-shadow-hover-","16":"first","17":"instock","18":"taxable","19":"shipping-taxable","20":"purchasable","21":"product-type-simple"},"jetpack_sharing_enabled":true,"_links":{"self":[{"href":"https:\/\/techno-rc.com.ar\/tienda\/wp-json\/wp\/v2\/product\/3100","targetHints":{"allow":["GET"]}}],"collection":[{"href":"https:\/\/techno-rc.com.ar\/tienda\/wp-json\/wp\/v2\/product"}],"about":[{"href":"https:\/\/techno-rc.com.ar\/tienda\/wp-json\/wp\/v2\/types\/product"}],"replies":[{"embeddable":true,"href":"https:\/\/techno-rc.com.ar\/tienda\/wp-json\/wp\/v2\/comments?post=3100"}],"wp:featuredmedia":[{"embeddable":true,"href":"https:\/\/techno-rc.com.ar\/tienda\/wp-json\/wp\/v2\/media\/3101"}],"wp:attachment":[{"href":"https:\/\/techno-rc.com.ar\/tienda\/wp-json\/wp\/v2\/media?parent=3100"}],"wp:term":[{"taxonomy":"product_brand","embeddable":true,"href":"https:\/\/techno-rc.com.ar\/tienda\/wp-json\/wp\/v2\/product_brand?post=3100"},{"taxonomy":"product_cat","embeddable":true,"href":"https:\/\/techno-rc.com.ar\/tienda\/wp-json\/wp\/v2\/product_cat?post=3100"},{"taxonomy":"product_tag","embeddable":true,"href":"https:\/\/techno-rc.com.ar\/tienda\/wp-json\/wp\/v2\/product_tag?post=3100"}],"curies":[{"name":"wp","href":"https:\/\/api.w.org\/{rel}","templated":true}]}}