{"id":3157,"date":"2025-04-29T10:24:16","date_gmt":"2025-04-29T13:24:16","guid":{"rendered":"https:\/\/techno-rc.com.ar\/tienda\/?post_type=product&#038;p=3157"},"modified":"2025-06-28T19:36:41","modified_gmt":"2025-06-28T22:36:41","slug":"rave-series-portable-bluetooth-parlante","status":"publish","type":"product","link":"https:\/\/techno-rc.com.ar\/tienda\/producto\/rave-series-portable-bluetooth-parlante\/","title":{"rendered":"Rave Series Portable Bluetooth Parlante"},"content":{"rendered":"<p>Caracter\u00edsticas<br \/>\nEl Rave Series Portable Bluetooth Parlante es un dispositivo todo en uno dise\u00f1ado para mejorar cualquier evento o reuni\u00f3n. Con su funci\u00f3n de emparejamiento True Wireless (TWS), puedes conectar dos parlantes para un sonido est\u00e9reo envolvente. Las luces LED de 11 modos a\u00f1aden un toque de color a tu m\u00fasica, mientras que la conectividad m\u00faltiple (FM, Bluetooth, AUX) te permite reproducir tu m\u00fasica desde diversas fuentes. Su bater\u00eda de alta capacidad asegura largas horas de reproducci\u00f3n continua.<\/p>\n<p>Emparejamiento True Wireless (TWS)<br \/>\nLuces LED de 11 modos<br \/>\nConectividad FM, Bluetooth y AUX<br \/>\nEspecificaciones<br \/>\nBluetooth<br \/>\nChipset JL AC6926A<br \/>\nVersi\u00f3n 5.3<br \/>\nPerfil A1DP, AVRCP, HFP<br \/>\nDistancia de Operaci\u00f3n Hasta 10 m<br \/>\nBater\u00eda<br \/>\nCapacidad 18650, 3.7 V, 3600 mAh<br \/>\nEntrada de Carga DC 5 V, 1 A<br \/>\nTiempo de Carga 3 \u2013 4 Horas<br \/>\nTiempo de Reproducci\u00f3n 2 Horas al 100% Volumen<br \/>\n6 \u2013 8 Horas al 50% Volumen<br \/>\nParlante<br \/>\nRespuesta de Frecuencia 100 Hz \u2013 150 kHz<br \/>\nTama\u00f1o del Driver 57 mm<br \/>\nUnidad 2.24 en<br \/>\nN\u00famero de Parlantes 2<br \/>\nRelaci\u00f3n Se\u00f1al-Ruido \u226585 dB<br \/>\nPotencia RMS por Parlante 10 W RMS<br \/>\nSensibilidad 85 dB<br \/>\nImpedancia 4 \u03a9<br \/>\nTama\u00f1o M\u00e1ximo para USB 32 GB<br \/>\nDimensiones del Producto 227 x 91 x 91 mm<br \/>\n8.94 x 3.58 x 3.58 in<\/p>\n<p>&nbsp;<\/p>\n<p>1 a\u00f1o de garantia<br \/>\nGarantia de verdad<\/p>\n<p>&nbsp;<\/p>\n","protected":false},"excerpt":{"rendered":"<p>Caracter\u00edsticas El Rave Series Portable Bluetooth Parlante es un dispositivo todo en uno dise\u00f1ado para mejorar cualquier evento o reuni\u00f3n. Con su funci\u00f3n de emparejamiento True Wireless (TWS), puedes conectar dos parlantes para un sonido est\u00e9reo envolvente. Las luces LED de 11 modos a\u00f1aden un toque de color a tu m\u00fasica, mientras que la conectividad &hellip;<\/p>\n<p class=\"read-more\"> <a class=\" thunk-readmore button \" href=\"https:\/\/techno-rc.com.ar\/tienda\/producto\/rave-series-portable-bluetooth-parlante\/\"> <span class=\"screen-reader-text\">Rave Series Portable Bluetooth Parlante<\/span>Leer m\u00e1s<\/a><\/p>\n","protected":false},"featured_media":3158,"comment_status":"open","ping_status":"closed","template":"","meta":{"advanced_seo_description":"","jetpack_seo_html_title":"","jetpack_seo_noindex":false,"_joinchat":[]},"product_brand":[],"product_cat":[33,36,49],"product_tag":[],"class_list":{"0":"post-3157","1":"product","2":"type-product","3":"status-publish","4":"has-post-thumbnail","6":"product_cat-insformatica","7":"product_cat-linea-volkano","8":"product_cat-parlantes","9":"thunk-woo-product-list","10":"opn-qv-enable","11":"open-woo-hover-none","12":"open-single-product-tab-horizontal","13":"open-shadow-","14":"open-shadow-hover-","16":"first","17":"instock","18":"taxable","19":"shipping-taxable","20":"purchasable","21":"product-type-simple"},"jetpack_sharing_enabled":true,"_links":{"self":[{"href":"https:\/\/techno-rc.com.ar\/tienda\/wp-json\/wp\/v2\/product\/3157","targetHints":{"allow":["GET"]}}],"collection":[{"href":"https:\/\/techno-rc.com.ar\/tienda\/wp-json\/wp\/v2\/product"}],"about":[{"href":"https:\/\/techno-rc.com.ar\/tienda\/wp-json\/wp\/v2\/types\/product"}],"replies":[{"embeddable":true,"href":"https:\/\/techno-rc.com.ar\/tienda\/wp-json\/wp\/v2\/comments?post=3157"}],"wp:featuredmedia":[{"embeddable":true,"href":"https:\/\/techno-rc.com.ar\/tienda\/wp-json\/wp\/v2\/media\/3158"}],"wp:attachment":[{"href":"https:\/\/techno-rc.com.ar\/tienda\/wp-json\/wp\/v2\/media?parent=3157"}],"wp:term":[{"taxonomy":"product_brand","embeddable":true,"href":"https:\/\/techno-rc.com.ar\/tienda\/wp-json\/wp\/v2\/product_brand?post=3157"},{"taxonomy":"product_cat","embeddable":true,"href":"https:\/\/techno-rc.com.ar\/tienda\/wp-json\/wp\/v2\/product_cat?post=3157"},{"taxonomy":"product_tag","embeddable":true,"href":"https:\/\/techno-rc.com.ar\/tienda\/wp-json\/wp\/v2\/product_tag?post=3157"}],"curies":[{"name":"wp","href":"https:\/\/api.w.org\/{rel}","templated":true}]}}