{"id":3166,"date":"2025-04-29T10:30:59","date_gmt":"2025-04-29T13:30:59","guid":{"rendered":"https:\/\/techno-rc.com.ar\/tienda\/?post_type=product&#038;p=3166"},"modified":"2025-06-28T19:36:41","modified_gmt":"2025-06-28T22:36:41","slug":"stun-2-0-series-bluetooth-parlante","status":"publish","type":"product","link":"https:\/\/techno-rc.com.ar\/tienda\/producto\/stun-2-0-series-bluetooth-parlante\/","title":{"rendered":"Stun 2.0 Series Bluetooth Parlante"},"content":{"rendered":"<div class=\"col-md-6\">\n<h5 class=\"mb-4\">Caracter\u00edsticas<\/h5>\n<p class=\"mb-2\">El Stun 2.0 Series Bluetooth Parlante es perfecto para llevar la fiesta a cualquier lugar. Con su funci\u00f3n de emparejamiento True Wireless (TWS), puedes conectar dos parlantes para un sonido est\u00e9reo envolvente. Las luces LED de 11 modos a\u00f1aden un toque visual vibrante a tu experiencia musical, mientras que la conectividad m\u00faltiple (FM, Bluetooth, AUX) te permite reproducir m\u00fasica desde diversas fuentes. Su bater\u00eda de alta capacidad asegura largas horas de entretenimiento continuo.<\/p>\n<ul class=\"list-type-none list-type-check mt-0 mb-8\">\n<li>Emparejamiento True Wireless (TWS)<\/li>\n<li>Luces LED de 11 modos<\/li>\n<li>Conectividad FM, Bluetooth y AUX<\/li>\n<\/ul>\n<h5 class=\"mb-3\">Especificaciones<\/h5>\n<ul>\n<li style=\"list-style-type: none;\">\n<ul>\n<li>\n<h5>Bluetooth<\/h5>\n<\/li>\n<\/ul>\n<\/li>\n<\/ul>\n<table class=\"table spec-table\">\n<tbody>\n<tr>\n<th>Chipset<\/th>\n<td>JL AC6926A<\/td>\n<\/tr>\n<tr>\n<th>Versi\u00f3n<\/th>\n<td>5.3<\/td>\n<\/tr>\n<tr>\n<th>Perfil<\/th>\n<td>A1DP, AVRCP, HFP<\/td>\n<\/tr>\n<tr>\n<th>Distancia de Operaci\u00f3n<\/th>\n<td>Hasta 10 m<\/td>\n<\/tr>\n<\/tbody>\n<\/table>\n<ul>\n<li style=\"list-style-type: none;\">\n<ul>\n<li>\n<h5>Bater\u00eda<\/h5>\n<\/li>\n<\/ul>\n<\/li>\n<\/ul>\n<table class=\"table spec-table\">\n<tbody>\n<tr>\n<th>Capacidad<\/th>\n<td>18650, 3.7 V, 3600 mAh<\/td>\n<\/tr>\n<tr>\n<th>Entrada de Carga<\/th>\n<td>DC 5 V, 1 A<\/td>\n<\/tr>\n<tr>\n<th>Tiempo de Carga<\/th>\n<td>3 \u2013 4 Horas<\/td>\n<\/tr>\n<tr>\n<th>Tiempo de Reproducci\u00f3n<\/th>\n<td>2 Horas al 100% Volumen<\/td>\n<\/tr>\n<tr>\n<th><\/th>\n<td>6 \u2013 8 Horas al 50% Volumen<\/td>\n<\/tr>\n<\/tbody>\n<\/table>\n<ul>\n<li style=\"list-style-type: none;\">\n<ul>\n<li>\n<h5>Parlante<\/h5>\n<\/li>\n<\/ul>\n<\/li>\n<\/ul>\n<table class=\"table spec-table\">\n<tbody>\n<tr>\n<th>Respuesta de Frecuencia<\/th>\n<td>100 Hz \u2013 150 kHz<\/td>\n<\/tr>\n<tr>\n<th>Tama\u00f1o del Driver<\/th>\n<td>57 mm<\/td>\n<\/tr>\n<tr>\n<th>Unidad<\/th>\n<td>2.24 in<\/td>\n<\/tr>\n<tr>\n<th>N\u00famero de Parlantes<\/th>\n<td>2<\/td>\n<\/tr>\n<tr>\n<th>Relaci\u00f3n Se\u00f1al-Ruido<\/th>\n<td>\u226585 dB<\/td>\n<\/tr>\n<tr>\n<th>Potencia RMS por Parlante<\/th>\n<td>10 W RMS<\/td>\n<\/tr>\n<tr>\n<th>Sensibilidad<\/th>\n<td>85 dB<\/td>\n<\/tr>\n<tr>\n<th>Impedancia<\/th>\n<td>4 \u03a9<\/td>\n<\/tr>\n<tr>\n<th>Tama\u00f1o M\u00e1ximo para USB<\/th>\n<td>32 GB<\/td>\n<\/tr>\n<tr>\n<th>Dimensiones del Producto<\/th>\n<td>227 x 91 x 91 mm<\/td>\n<\/tr>\n<tr>\n<th><\/th>\n<td>8.94 x 3.58 x 3.58 in<\/td>\n<\/tr>\n<\/tbody>\n<\/table>\n<\/div>\n<div class=\"col-md-6 pl-md-6\">\n<div class=\"d-flex flex-wrap\">\n<div class=\"icon-box icon-box-side icon-border mb-4 mr-5\">\n<div class=\"icon-box-icon mr-4\">\n<p>&nbsp;<\/p>\n<p>&nbsp;<\/p>\n<p>&nbsp;<\/p>\n<\/div>\n<div class=\"icon-box-content\">\n<h4 class=\"icon-box-title text-normal lh-1 pt-3 ls-s\">1 a\u00f1o de garantia<\/h4>\n<p class=\"icon-box-desc mb-0\">Grantia de verdad<\/p>\n<p>&nbsp;<\/p>\n<\/div>\n<p>&nbsp;<\/p>\n<\/div>\n<\/div>\n<\/div>\n","protected":false},"excerpt":{"rendered":"<p>Caracter\u00edsticas El Stun 2.0 Series Bluetooth Parlante es perfecto para llevar la fiesta a cualquier lugar. Con su funci\u00f3n de emparejamiento True Wireless (TWS), puedes conectar dos parlantes para un sonido est\u00e9reo envolvente. Las luces LED de 11 modos a\u00f1aden un toque visual vibrante a tu experiencia musical, mientras que la conectividad m\u00faltiple (FM, Bluetooth, &hellip;<\/p>\n<p class=\"read-more\"> <a class=\" thunk-readmore button \" href=\"https:\/\/techno-rc.com.ar\/tienda\/producto\/stun-2-0-series-bluetooth-parlante\/\"> <span class=\"screen-reader-text\">Stun 2.0 Series Bluetooth Parlante<\/span>Leer m\u00e1s<\/a><\/p>\n","protected":false},"featured_media":3167,"comment_status":"open","ping_status":"closed","template":"","meta":{"advanced_seo_description":"","jetpack_seo_html_title":"","jetpack_seo_noindex":false,"_joinchat":[]},"product_brand":[],"product_cat":[33,36,49],"product_tag":[],"class_list":{"0":"post-3166","1":"product","2":"type-product","3":"status-publish","4":"has-post-thumbnail","6":"product_cat-insformatica","7":"product_cat-linea-volkano","8":"product_cat-parlantes","9":"thunk-woo-product-list","10":"opn-qv-enable","11":"open-woo-hover-none","12":"open-single-product-tab-horizontal","13":"open-shadow-","14":"open-shadow-hover-","16":"first","17":"instock","18":"taxable","19":"shipping-taxable","20":"purchasable","21":"product-type-simple"},"jetpack_sharing_enabled":true,"_links":{"self":[{"href":"https:\/\/techno-rc.com.ar\/tienda\/wp-json\/wp\/v2\/product\/3166","targetHints":{"allow":["GET"]}}],"collection":[{"href":"https:\/\/techno-rc.com.ar\/tienda\/wp-json\/wp\/v2\/product"}],"about":[{"href":"https:\/\/techno-rc.com.ar\/tienda\/wp-json\/wp\/v2\/types\/product"}],"replies":[{"embeddable":true,"href":"https:\/\/techno-rc.com.ar\/tienda\/wp-json\/wp\/v2\/comments?post=3166"}],"wp:featuredmedia":[{"embeddable":true,"href":"https:\/\/techno-rc.com.ar\/tienda\/wp-json\/wp\/v2\/media\/3167"}],"wp:attachment":[{"href":"https:\/\/techno-rc.com.ar\/tienda\/wp-json\/wp\/v2\/media?parent=3166"}],"wp:term":[{"taxonomy":"product_brand","embeddable":true,"href":"https:\/\/techno-rc.com.ar\/tienda\/wp-json\/wp\/v2\/product_brand?post=3166"},{"taxonomy":"product_cat","embeddable":true,"href":"https:\/\/techno-rc.com.ar\/tienda\/wp-json\/wp\/v2\/product_cat?post=3166"},{"taxonomy":"product_tag","embeddable":true,"href":"https:\/\/techno-rc.com.ar\/tienda\/wp-json\/wp\/v2\/product_tag?post=3166"}],"curies":[{"name":"wp","href":"https:\/\/api.w.org\/{rel}","templated":true}]}}