{"id":3179,"date":"2025-04-28T13:31:32","date_gmt":"2025-04-28T16:31:32","guid":{"rendered":"https:\/\/techno-rc.com.ar\/tienda\/?post_type=product&#038;p=3179"},"modified":"2025-06-28T19:36:41","modified_gmt":"2025-06-28T22:36:41","slug":"topaz-series-bluetooth-parlante-negro","status":"publish","type":"product","link":"https:\/\/techno-rc.com.ar\/tienda\/producto\/topaz-series-bluetooth-parlante-negro\/","title":{"rendered":"Topaz Series Bluetooth Parlante &#8211; Negro"},"content":{"rendered":"<div class=\"col-md-6\">\n<h5 class=\"mb-4\">Caracter\u00edsticas<\/h5>\n<p class=\"mb-2\">El Topaz Series Bluetooth Parlante es ideal para quienes buscan un parlante port\u00e1til con estilo y funcionalidad. Con luces RGB vibrantes, un asa fija para facilitar su transporte y la posibilidad de emparejamiento True Wireless (TWS), este parlante ofrece una experiencia auditiva envolvente y f\u00e1cil de usar. Su bater\u00eda de larga duraci\u00f3n y conectividad vers\u00e1til lo hacen perfecto para cualquier ocasi\u00f3n.<\/p>\n<ul class=\"list-type-none list-type-check mt-0 mb-8\">\n<li>Luces RGB<\/li>\n<li>Asa fija para f\u00e1cil transporte<\/li>\n<li>Emparejamiento True Wireless (TWS)<\/li>\n<\/ul>\n<h5 class=\"mb-3\">Especificaciones<\/h5>\n<ul>\n<li style=\"list-style-type: none;\">\n<ul>\n<li>\n<h5>Bluetooth<\/h5>\n<\/li>\n<\/ul>\n<\/li>\n<\/ul>\n<table class=\"table spec-table\">\n<tbody>\n<tr>\n<th>Versi\u00f3n<\/th>\n<td>V5.3<\/td>\n<\/tr>\n<tr>\n<th>Chipset<\/th>\n<td>JL AC6965E<\/td>\n<\/tr>\n<tr>\n<th>Perfiles<\/th>\n<td>L2CAP, A2DP, AVRCP, HSP, HFP<\/td>\n<\/tr>\n<tr>\n<th>Distancia<\/th>\n<td>Hasta 10 m<\/td>\n<\/tr>\n<\/tbody>\n<\/table>\n<ul>\n<li style=\"list-style-type: none;\">\n<ul>\n<li>\n<h5>General<\/h5>\n<\/li>\n<\/ul>\n<\/li>\n<\/ul>\n<table class=\"table spec-table\">\n<tbody>\n<tr>\n<th>Bater\u00eda<\/th>\n<td>18650, 3.7V DC, 1200mAh<\/td>\n<\/tr>\n<tr>\n<th>Tiempo de Carga<\/th>\n<td>5 \u2013 6 Horas<\/td>\n<\/tr>\n<tr>\n<th>Entrada de Carga<\/th>\n<td>DC 5 V, 1 A<\/td>\n<\/tr>\n<tr>\n<th>Tiempo de Reproducci\u00f3n<\/th>\n<td>3 \u2013 4 Horas al 50% Volumen<\/td>\n<\/tr>\n<tr>\n<th><\/th>\n<td>1 \u2013 1.5 Horas al 100% Volumen<\/td>\n<\/tr>\n<tr>\n<th>Tama\u00f1o M\u00e1ximo para Tarjeta SD<\/th>\n<td>32 GB<\/td>\n<\/tr>\n<tr>\n<th>Tama\u00f1o M\u00e1ximo para USB Flash Drive<\/th>\n<td>32 GB<\/td>\n<\/tr>\n<tr>\n<th>Relaci\u00f3n Se\u00f1al-Ruido<\/th>\n<td>\u226585 dB<\/td>\n<\/tr>\n<tr>\n<th>Respuesta de Frecuencia<\/th>\n<td>120 Hz \u2013 18 kHz<\/td>\n<\/tr>\n<tr>\n<th>Sensibilidad<\/th>\n<td>85 dB<\/td>\n<\/tr>\n<tr>\n<th>Potencia RMS Total de Salida<\/th>\n<td>3 W RMS<\/td>\n<\/tr>\n<\/tbody>\n<\/table>\n<ul>\n<li style=\"list-style-type: none;\">\n<ul>\n<li>\n<h5>Parlante<\/h5>\n<\/li>\n<\/ul>\n<\/li>\n<\/ul>\n<table class=\"table spec-table\">\n<tbody>\n<tr>\n<th>Tama\u00f1o del Driver<\/th>\n<td>52 mm<\/td>\n<\/tr>\n<tr>\n<th>Tama\u00f1o de la Unidad<\/th>\n<td>2\u201d<\/td>\n<\/tr>\n<tr>\n<th>N\u00famero de Parlantes<\/th>\n<td>1<\/td>\n<\/tr>\n<tr>\n<th>Potencia RMS por Parlante<\/th>\n<td>3 W RMS<\/td>\n<\/tr>\n<tr>\n<th>Impedancia<\/th>\n<td>3.5 \u03a9<\/td>\n<\/tr>\n<\/tbody>\n<\/table>\n<\/div>\n<div class=\"col-md-6 pl-md-6\">\n<div class=\"d-flex flex-wrap\">\n<div class=\"icon-box icon-box-side icon-border mb-4 mr-5\">\n<div class=\"icon-box-icon mr-4\">\n<p>&nbsp;<\/p>\n<p>&nbsp;<\/p>\n<p>&nbsp;<\/p>\n<\/div>\n<div class=\"icon-box-content\">\n<h4 class=\"icon-box-title text-normal lh-1 pt-3 ls-s\">1 a\u00f1o de garantia<\/h4>\n<p class=\"icon-box-desc mb-0\">Garantia de verdad<\/p>\n<p>&nbsp;<\/p>\n<\/div>\n<p>&nbsp;<\/p>\n<\/div>\n<\/div>\n<\/div>\n","protected":false},"excerpt":{"rendered":"<p>Caracter\u00edsticas El Topaz Series Bluetooth Parlante es ideal para quienes buscan un parlante port\u00e1til con estilo y funcionalidad. Con luces RGB vibrantes, un asa fija para facilitar su transporte y la posibilidad de emparejamiento True Wireless (TWS), este parlante ofrece una experiencia auditiva envolvente y f\u00e1cil de usar. Su bater\u00eda de larga duraci\u00f3n y conectividad &hellip;<\/p>\n<p class=\"read-more\"> <a class=\" thunk-readmore button \" href=\"https:\/\/techno-rc.com.ar\/tienda\/producto\/topaz-series-bluetooth-parlante-negro\/\"> <span class=\"screen-reader-text\">Topaz Series Bluetooth Parlante &#8211; Negro<\/span>Leer m\u00e1s<\/a><\/p>\n","protected":false},"featured_media":3180,"comment_status":"open","ping_status":"closed","template":"","meta":{"advanced_seo_description":"","jetpack_seo_html_title":"","jetpack_seo_noindex":false,"_joinchat":[]},"product_brand":[],"product_cat":[33,36,49],"product_tag":[],"class_list":{"0":"post-3179","1":"product","2":"type-product","3":"status-publish","4":"has-post-thumbnail","6":"product_cat-insformatica","7":"product_cat-linea-volkano","8":"product_cat-parlantes","9":"thunk-woo-product-list","10":"opn-qv-enable","11":"open-woo-hover-none","12":"open-single-product-tab-horizontal","13":"open-shadow-","14":"open-shadow-hover-","16":"first","17":"instock","18":"taxable","19":"shipping-taxable","20":"purchasable","21":"product-type-simple"},"jetpack_sharing_enabled":true,"_links":{"self":[{"href":"https:\/\/techno-rc.com.ar\/tienda\/wp-json\/wp\/v2\/product\/3179","targetHints":{"allow":["GET"]}}],"collection":[{"href":"https:\/\/techno-rc.com.ar\/tienda\/wp-json\/wp\/v2\/product"}],"about":[{"href":"https:\/\/techno-rc.com.ar\/tienda\/wp-json\/wp\/v2\/types\/product"}],"replies":[{"embeddable":true,"href":"https:\/\/techno-rc.com.ar\/tienda\/wp-json\/wp\/v2\/comments?post=3179"}],"wp:featuredmedia":[{"embeddable":true,"href":"https:\/\/techno-rc.com.ar\/tienda\/wp-json\/wp\/v2\/media\/3180"}],"wp:attachment":[{"href":"https:\/\/techno-rc.com.ar\/tienda\/wp-json\/wp\/v2\/media?parent=3179"}],"wp:term":[{"taxonomy":"product_brand","embeddable":true,"href":"https:\/\/techno-rc.com.ar\/tienda\/wp-json\/wp\/v2\/product_brand?post=3179"},{"taxonomy":"product_cat","embeddable":true,"href":"https:\/\/techno-rc.com.ar\/tienda\/wp-json\/wp\/v2\/product_cat?post=3179"},{"taxonomy":"product_tag","embeddable":true,"href":"https:\/\/techno-rc.com.ar\/tienda\/wp-json\/wp\/v2\/product_tag?post=3179"}],"curies":[{"name":"wp","href":"https:\/\/api.w.org\/{rel}","templated":true}]}}