{"id":3259,"date":"2025-04-28T13:12:16","date_gmt":"2025-04-28T16:12:16","guid":{"rendered":"https:\/\/techno-rc.com.ar\/tienda\/?post_type=product&#038;p=3259"},"modified":"2025-06-28T19:36:41","modified_gmt":"2025-06-28T22:36:41","slug":"volkanox-vxp200-dual-6-5-party-speaker-negro","status":"publish","type":"product","link":"https:\/\/techno-rc.com.ar\/tienda\/producto\/volkanox-vxp200-dual-6-5-party-speaker-negro\/","title":{"rendered":"VolkanoX VXP200 Dual 6.5&#8243; Party Speaker &#8211; Negro"},"content":{"rendered":"<div class=\"col-md-6\">\n<h5 class=\"mb-4\">Caracter\u00edsticas<\/h5>\n<p class=\"mb-2\">Los **VolkanoX VXP200 Dual 6.5\u2033 Party Speaker** ofrecen un sonido potente con conectividad vers\u00e1til, ideal para cualquier fiesta. Con **emparejamiento inal\u00e1mbrico verdadero**, modos USB, AUX, TF\/SD y FM, este altavoz port\u00e1til proporciona hasta **8 horas de reproducci\u00f3n**. Adem\u00e1s, incluye un asa integrada para facilitar su transporte y maximizar la diversi\u00f3n en movimiento.<\/p>\n<ul class=\"list-type-none list-type-check mt-0 mb-8\">\n<li>Emparejamiento inal\u00e1mbrico verdadero<\/li>\n<li>Modos USB, TF\/SD, AUX, Mic y FM<\/li>\n<li>Hasta 8 horas de reproducci\u00f3n<\/li>\n<li>Asa integrada para transporte<\/li>\n<\/ul>\n<h5 class=\"mb-3\">Contenido del paquete<\/h5>\n<ul class=\"list-type-none list-type-check mt-0 mb-8\">\n<li>Altavoz VolkanoX VXP200 Dual 6.5\u2033<\/li>\n<li>Adaptador de corriente de 1.2 m<\/li>\n<li>Cable AUX de 1 m<\/li>\n<li>Manual de usuario<\/li>\n<\/ul>\n<h5 class=\"mb-3\">Especificaciones<\/h5>\n<table class=\"table\">\n<tbody>\n<tr>\n<th class=\"font-primary font-weight-semi-bold text-dark pl-0\" scope=\"row\">Bluetooth<\/th>\n<td class=\"pl-4\">V5.3<\/td>\n<\/tr>\n<tr>\n<th class=\"font-primary font-weight-semi-bold text-dark pl-0\" scope=\"row\">Chipset<\/th>\n<td class=\"pl-4\">JL AC6966B<\/td>\n<\/tr>\n<tr>\n<th class=\"font-primary font-weight-semi-bold text-dark pl-0\" scope=\"row\">Perfiles<\/th>\n<td class=\"pl-4\">A2DP, AVRCP, HFP<\/td>\n<\/tr>\n<tr>\n<th class=\"font-primary font-weight-semi-bold text-dark pl-0\" scope=\"row\">Distancia<\/th>\n<td class=\"pl-4\">Hasta 10 m<\/td>\n<\/tr>\n<tr>\n<th class=\"font-primary font-weight-semi-bold text-dark pl-0\" scope=\"row\">Bater\u00eda<\/th>\n<td class=\"pl-4\">7.4 V, 5400 mAh, Li-ion Pack<\/td>\n<\/tr>\n<tr>\n<th class=\"font-primary font-weight-semi-bold text-dark pl-0\" scope=\"row\">Tiempo de carga<\/th>\n<td class=\"pl-4\">5-6 horas<\/td>\n<\/tr>\n<tr>\n<th class=\"font-primary font-weight-semi-bold text-dark pl-0\" scope=\"row\">Entrada de carga<\/th>\n<td class=\"pl-4\">DC 9 V, 1.5 A<\/td>\n<\/tr>\n<tr>\n<th class=\"font-primary font-weight-semi-bold text-dark pl-0\" scope=\"row\">Fuente de alimentaci\u00f3n<\/th>\n<td class=\"pl-4\">AC 100-240 V, 50\/60 Hz<\/td>\n<\/tr>\n<tr>\n<th class=\"font-primary font-weight-semi-bold text-dark pl-0\" scope=\"row\">Tiempo de reproducci\u00f3n (50% volumen)<\/th>\n<td class=\"pl-4\">6-8 horas<\/td>\n<\/tr>\n<tr>\n<th class=\"font-primary font-weight-semi-bold text-dark pl-0\" scope=\"row\">Tiempo de reproducci\u00f3n (100% volumen)<\/th>\n<td class=\"pl-4\">2.5-3 horas<\/td>\n<\/tr>\n<tr>\n<th class=\"font-primary font-weight-semi-bold text-dark pl-0\" scope=\"row\">Capacidad m\u00e1xima (SD y USB)<\/th>\n<td class=\"pl-4\">128 GB<\/td>\n<\/tr>\n<tr>\n<th class=\"font-primary font-weight-semi-bold text-dark pl-0\" scope=\"row\">Entrada de micr\u00f3fono<\/th>\n<td class=\"pl-4\">6.35 mm<\/td>\n<\/tr>\n<tr>\n<th class=\"font-primary font-weight-semi-bold text-dark pl-0\" scope=\"row\">Relaci\u00f3n se\u00f1al\/ruido<\/th>\n<td class=\"pl-4\">\u2265 80 dB<\/td>\n<\/tr>\n<tr>\n<th class=\"font-primary font-weight-semi-bold text-dark pl-0\" scope=\"row\">Sensibilidad<\/th>\n<td class=\"pl-4\">56 dB<\/td>\n<\/tr>\n<tr>\n<th class=\"font-primary font-weight-semi-bold text-dark pl-0\" scope=\"row\">Potencia total RMS<\/th>\n<td class=\"pl-4\">40 W<\/td>\n<\/tr>\n<tr>\n<th class=\"font-primary font-weight-semi-bold text-dark pl-0\" scope=\"row\">Tama\u00f1o del driver (Tweeter)<\/th>\n<td class=\"pl-4\">40 mm<\/td>\n<\/tr>\n<tr>\n<th class=\"font-primary font-weight-semi-bold text-dark pl-0\" scope=\"row\">Tama\u00f1o del driver (Subwoofer)<\/th>\n<td class=\"pl-4\">170 mm<\/td>\n<\/tr>\n<tr>\n<th class=\"font-primary font-weight-semi-bold text-dark pl-0\" scope=\"row\">Dimensiones<\/th>\n<td class=\"pl-4\">294 x 268 x 612 mm<\/td>\n<\/tr>\n<tr>\n<th class=\"font-primary font-weight-semi-bold text-dark pl-0\" scope=\"row\">Peso<\/th>\n<td class=\"pl-4\">6.5 kg<\/td>\n<\/tr>\n<\/tbody>\n<\/table>\n<\/div>\n<div class=\"col-md-6 pl-md-6\">\n<div class=\"d-flex flex-wrap\">\n<div class=\"icon-box icon-box-side icon-border mb-4 mr-5\">\n<div class=\"icon-box-icon mr-4\"><\/div>\n<div class=\"icon-box-content\">\n<h4 class=\"icon-box-title text-normal lh-1 pt-3 ls-s\">1 a\u00f1o de garant\u00eda<\/h4>\n<p class=\"icon-box-desc mb-0\">Garant\u00eda de calidad<\/p>\n<p>&nbsp;<\/p>\n<\/div>\n<p>&nbsp;<\/p>\n<\/div>\n<\/div>\n<\/div>\n","protected":false},"excerpt":{"rendered":"<p>Caracter\u00edsticas Los **VolkanoX VXP200 Dual 6.5\u2033 Party Speaker** ofrecen un sonido potente con conectividad vers\u00e1til, ideal para cualquier fiesta. Con **emparejamiento inal\u00e1mbrico verdadero**, modos USB, AUX, TF\/SD y FM, este altavoz port\u00e1til proporciona hasta **8 horas de reproducci\u00f3n**. Adem\u00e1s, incluye un asa integrada para facilitar su transporte y maximizar la diversi\u00f3n en movimiento. Emparejamiento inal\u00e1mbrico &hellip;<\/p>\n<p class=\"read-more\"> <a class=\" thunk-readmore button \" href=\"https:\/\/techno-rc.com.ar\/tienda\/producto\/volkanox-vxp200-dual-6-5-party-speaker-negro\/\"> <span class=\"screen-reader-text\">VolkanoX VXP200 Dual 6.5&#8243; Party Speaker &#8211; Negro<\/span>Leer m\u00e1s<\/a><\/p>\n","protected":false},"featured_media":3260,"comment_status":"open","ping_status":"closed","template":"","meta":{"advanced_seo_description":"","jetpack_seo_html_title":"","jetpack_seo_noindex":false,"_joinchat":[]},"product_brand":[],"product_cat":[33,36,49],"product_tag":[],"class_list":{"0":"post-3259","1":"product","2":"type-product","3":"status-publish","4":"has-post-thumbnail","6":"product_cat-insformatica","7":"product_cat-linea-volkano","8":"product_cat-parlantes","9":"thunk-woo-product-list","10":"opn-qv-enable","11":"open-woo-hover-none","12":"open-single-product-tab-horizontal","13":"open-shadow-","14":"open-shadow-hover-","16":"first","17":"instock","18":"taxable","19":"shipping-taxable","20":"purchasable","21":"product-type-simple"},"jetpack_sharing_enabled":true,"_links":{"self":[{"href":"https:\/\/techno-rc.com.ar\/tienda\/wp-json\/wp\/v2\/product\/3259","targetHints":{"allow":["GET"]}}],"collection":[{"href":"https:\/\/techno-rc.com.ar\/tienda\/wp-json\/wp\/v2\/product"}],"about":[{"href":"https:\/\/techno-rc.com.ar\/tienda\/wp-json\/wp\/v2\/types\/product"}],"replies":[{"embeddable":true,"href":"https:\/\/techno-rc.com.ar\/tienda\/wp-json\/wp\/v2\/comments?post=3259"}],"wp:featuredmedia":[{"embeddable":true,"href":"https:\/\/techno-rc.com.ar\/tienda\/wp-json\/wp\/v2\/media\/3260"}],"wp:attachment":[{"href":"https:\/\/techno-rc.com.ar\/tienda\/wp-json\/wp\/v2\/media?parent=3259"}],"wp:term":[{"taxonomy":"product_brand","embeddable":true,"href":"https:\/\/techno-rc.com.ar\/tienda\/wp-json\/wp\/v2\/product_brand?post=3259"},{"taxonomy":"product_cat","embeddable":true,"href":"https:\/\/techno-rc.com.ar\/tienda\/wp-json\/wp\/v2\/product_cat?post=3259"},{"taxonomy":"product_tag","embeddable":true,"href":"https:\/\/techno-rc.com.ar\/tienda\/wp-json\/wp\/v2\/product_tag?post=3259"}],"curies":[{"name":"wp","href":"https:\/\/api.w.org\/{rel}","templated":true}]}}