{"id":3265,"date":"2025-04-28T13:09:44","date_gmt":"2025-04-28T16:09:44","guid":{"rendered":"https:\/\/techno-rc.com.ar\/tienda\/?post_type=product&#038;p=3265"},"modified":"2025-06-28T19:36:42","modified_gmt":"2025-06-28T22:36:42","slug":"x-adder-series-bluetooth-parlante","status":"publish","type":"product","link":"https:\/\/techno-rc.com.ar\/tienda\/producto\/x-adder-series-bluetooth-parlante\/","title":{"rendered":"X Adder Series Bluetooth Parlante"},"content":{"rendered":"<div class=\"col-md-6\">\n<h5 class=\"mb-4\">Caracter\u00edsticas<\/h5>\n<p class=\"mb-2\">El parlante X Adder Series est\u00e1 dise\u00f1ado para ofrecer una experiencia auditiva completa con caracter\u00edsticas avanzadas. Resistente al agua con clasificaci\u00f3n IPX5 y una funci\u00f3n de powerbank para cargar tus dispositivos. Con Bluetooth 5.0 y un rango de hasta 10 metros, se asegura una conexi\u00f3n estable. Su potente salida de 40 W RMS, junto con un ajuste de ecualizador, permite personalizar tu sonido. La bater\u00eda de 4400 mAh ofrece de 4 a 7 horas de reproducci\u00f3n, mientras que la carga completa toma 7 horas. Su dise\u00f1o robusto incluye un tama\u00f1o de 390 x 137 x 175 mm, adecuado para diversas situaciones.<\/p>\n<ul class=\"list-type-none list-type-check mt-0 mb-8\">\n<li>Resistencia al Agua IPX5<\/li>\n<li>Funci\u00f3n de Powerbank<\/li>\n<li>Funci\u00f3n de Ecualizador<\/li>\n<\/ul>\n<h5 class=\"mb-3\">Especificaciones<\/h5>\n<ul>\n<li style=\"list-style-type: none;\">\n<ul>\n<li>Bluetooth<\/li>\n<\/ul>\n<\/li>\n<\/ul>\n<table class=\"table\">\n<tbody>\n<tr>\n<th class=\"font-primary font-weight-semi-bold text-dark pl-0\" scope=\"row\">Versi\u00f3n<\/th>\n<td class=\"pl-4\">5.0<\/td>\n<\/tr>\n<tr>\n<th class=\"font-primary font-weight-semi-bold text-dark pl-0\" scope=\"row\">Rango<\/th>\n<td class=\"pl-4\">10 m \/ 33 ft<\/td>\n<\/tr>\n<\/tbody>\n<\/table>\n<ul>\n<li style=\"list-style-type: none;\">\n<ul>\n<li>Driver<\/li>\n<\/ul>\n<\/li>\n<\/ul>\n<table class=\"table\">\n<tbody>\n<tr>\n<th class=\"font-primary font-weight-semi-bold text-dark pl-0\" scope=\"row\">Tama\u00f1o<\/th>\n<td class=\"pl-4\">2 x 3.5\u2033<\/td>\n<\/tr>\n<tr>\n<th class=\"font-primary font-weight-semi-bold text-dark pl-0\" scope=\"row\">Impedancia<\/th>\n<td class=\"pl-4\">4 \u03a9<\/td>\n<\/tr>\n<tr>\n<th class=\"font-primary font-weight-semi-bold text-dark pl-0\" scope=\"row\">Sensibilidad<\/th>\n<td class=\"pl-4\">86 dB<\/td>\n<\/tr>\n<tr>\n<th class=\"font-primary font-weight-semi-bold text-dark pl-0\" scope=\"row\">Respuesta de Frecuencia<\/th>\n<td class=\"pl-4\">80 Hz \u2013 12 kHz<\/td>\n<\/tr>\n<tr>\n<th class=\"font-primary font-weight-semi-bold text-dark pl-0\" scope=\"row\">Relaci\u00f3n Se\u00f1al-Ruido<\/th>\n<td class=\"pl-4\">85 dB<\/td>\n<\/tr>\n<\/tbody>\n<\/table>\n<ul>\n<li style=\"list-style-type: none;\">\n<ul>\n<li>Bater\u00eda<\/li>\n<\/ul>\n<\/li>\n<\/ul>\n<table class=\"table\">\n<tbody>\n<tr>\n<th class=\"font-primary font-weight-semi-bold text-dark pl-0\" scope=\"row\">Capacidad<\/th>\n<td class=\"pl-4\">7.4 V, 4400 mAh<\/td>\n<\/tr>\n<tr>\n<th class=\"font-primary font-weight-semi-bold text-dark pl-0\" scope=\"row\">Tipo<\/th>\n<td class=\"pl-4\">Lithium-ion<\/td>\n<\/tr>\n<tr>\n<th class=\"font-primary font-weight-semi-bold text-dark pl-0\" scope=\"row\">Tiempo de Carga<\/th>\n<td class=\"pl-4\">7 Horas<\/td>\n<\/tr>\n<tr>\n<th class=\"font-primary font-weight-semi-bold text-dark pl-0\" scope=\"row\">Tiempo de Reproducci\u00f3n<\/th>\n<td class=\"pl-4\">4 \u2013 7 Horas<\/td>\n<\/tr>\n<\/tbody>\n<\/table>\n<ul>\n<li style=\"list-style-type: none;\">\n<ul>\n<li>Otros<\/li>\n<\/ul>\n<\/li>\n<\/ul>\n<table class=\"table\">\n<tbody>\n<tr>\n<th class=\"font-primary font-weight-semi-bold text-dark pl-0\" scope=\"row\">Entrada de Carga<\/th>\n<td class=\"pl-4\">DC 5 V, 1.5 A<\/td>\n<\/tr>\n<tr>\n<th class=\"font-primary font-weight-semi-bold text-dark pl-0\" scope=\"row\">Potencia Total de Salida<\/th>\n<td class=\"pl-4\">40 W RMS \/ 58 W Pico<\/td>\n<\/tr>\n<tr>\n<th class=\"font-primary font-weight-semi-bold text-dark pl-0\" scope=\"row\">Clasificaci\u00f3n IP<\/th>\n<td class=\"pl-4\">IPX 5<\/td>\n<\/tr>\n<tr>\n<th class=\"font-primary font-weight-semi-bold text-dark pl-0\" scope=\"row\">Tama\u00f1o del Producto<\/th>\n<td class=\"pl-4\">390 (L) x 137 (W) x 175 (H) mm<\/td>\n<\/tr>\n<\/tbody>\n<\/table>\n<\/div>\n<div class=\"col-md-6 pl-md-6\">\n<div class=\"d-flex flex-wrap\">\n<div class=\"icon-box icon-box-side icon-border mb-4 mr-5\">\n<div class=\"icon-box-icon mr-4\">\n<p>&nbsp;<\/p>\n<p>&nbsp;<\/p>\n<p>&nbsp;<\/p>\n<\/div>\n<div class=\"icon-box-content\">\n<h4 class=\"icon-box-title text-normal lh-1 pt-3 ls-s\">1 a\u00f1o de garantia<\/h4>\n<p class=\"icon-box-desc mb-0\">Garantia de verdad<\/p>\n<p>&nbsp;<\/p>\n<\/div>\n<p>&nbsp;<\/p>\n<\/div>\n<\/div>\n<\/div>\n","protected":false},"excerpt":{"rendered":"<p>Caracter\u00edsticas El parlante X Adder Series est\u00e1 dise\u00f1ado para ofrecer una experiencia auditiva completa con caracter\u00edsticas avanzadas. Resistente al agua con clasificaci\u00f3n IPX5 y una funci\u00f3n de powerbank para cargar tus dispositivos. Con Bluetooth 5.0 y un rango de hasta 10 metros, se asegura una conexi\u00f3n estable. Su potente salida de 40 W RMS, junto &hellip;<\/p>\n<p class=\"read-more\"> <a class=\" thunk-readmore button \" href=\"https:\/\/techno-rc.com.ar\/tienda\/producto\/x-adder-series-bluetooth-parlante\/\"> <span class=\"screen-reader-text\">X Adder Series Bluetooth Parlante<\/span>Leer m\u00e1s<\/a><\/p>\n","protected":false},"featured_media":3266,"comment_status":"open","ping_status":"closed","template":"","meta":{"advanced_seo_description":"","jetpack_seo_html_title":"","jetpack_seo_noindex":false,"_joinchat":[]},"product_brand":[],"product_cat":[33,36,49],"product_tag":[],"class_list":{"0":"post-3265","1":"product","2":"type-product","3":"status-publish","4":"has-post-thumbnail","6":"product_cat-insformatica","7":"product_cat-linea-volkano","8":"product_cat-parlantes","9":"thunk-woo-product-list","10":"opn-qv-enable","11":"open-woo-hover-none","12":"open-single-product-tab-horizontal","13":"open-shadow-","14":"open-shadow-hover-","16":"first","17":"instock","18":"taxable","19":"shipping-taxable","20":"purchasable","21":"product-type-simple"},"jetpack_sharing_enabled":true,"_links":{"self":[{"href":"https:\/\/techno-rc.com.ar\/tienda\/wp-json\/wp\/v2\/product\/3265","targetHints":{"allow":["GET"]}}],"collection":[{"href":"https:\/\/techno-rc.com.ar\/tienda\/wp-json\/wp\/v2\/product"}],"about":[{"href":"https:\/\/techno-rc.com.ar\/tienda\/wp-json\/wp\/v2\/types\/product"}],"replies":[{"embeddable":true,"href":"https:\/\/techno-rc.com.ar\/tienda\/wp-json\/wp\/v2\/comments?post=3265"}],"wp:featuredmedia":[{"embeddable":true,"href":"https:\/\/techno-rc.com.ar\/tienda\/wp-json\/wp\/v2\/media\/3266"}],"wp:attachment":[{"href":"https:\/\/techno-rc.com.ar\/tienda\/wp-json\/wp\/v2\/media?parent=3265"}],"wp:term":[{"taxonomy":"product_brand","embeddable":true,"href":"https:\/\/techno-rc.com.ar\/tienda\/wp-json\/wp\/v2\/product_brand?post=3265"},{"taxonomy":"product_cat","embeddable":true,"href":"https:\/\/techno-rc.com.ar\/tienda\/wp-json\/wp\/v2\/product_cat?post=3265"},{"taxonomy":"product_tag","embeddable":true,"href":"https:\/\/techno-rc.com.ar\/tienda\/wp-json\/wp\/v2\/product_tag?post=3265"}],"curies":[{"name":"wp","href":"https:\/\/api.w.org\/{rel}","templated":true}]}}