{"id":3277,"date":"2025-04-28T13:00:36","date_gmt":"2025-04-28T16:00:36","guid":{"rendered":"https:\/\/techno-rc.com.ar\/tienda\/?post_type=product&#038;p=3277"},"modified":"2025-06-28T19:36:42","modified_gmt":"2025-06-28T22:36:42","slug":"x-vxs200-portable-bluetooth-parlante-azul","status":"publish","type":"product","link":"https:\/\/techno-rc.com.ar\/tienda\/producto\/x-vxs200-portable-bluetooth-parlante-azul\/","title":{"rendered":"X VXS200 Portable Bluetooth Parlante Azul"},"content":{"rendered":"<p>Caracter\u00edsticas<br \/>\nEl X VXS200 Portable Bluetooth Parlante Negro combina durabilidad y calidad de sonido en un dise\u00f1o compacto y port\u00e1til. Con una clasificaci\u00f3n de resistencia al agua IPX5, este altavoz es perfecto para aventuras al aire libre. Su funci\u00f3n de emparejamiento inal\u00e1mbrico verdadero (TWS) permite conectar dos altavoces para una experiencia est\u00e9reo envolvente. Equipado con Bluetooth 5.1, proporciona una conexi\u00f3n estable con un alcance de hasta 10 metros. La bater\u00eda recargable de 1800 mAh ofrece hasta 10 horas de reproducci\u00f3n a volumen medio, asegurando que la m\u00fasica nunca se detenga.<\/p>\n<p>Resistencia al agua IPX5.<br \/>\nEmparejamiento inal\u00e1mbrico verdadero (TWS).<br \/>\nHasta 10 horas de tiempo de reproducci\u00f3n.<br \/>\nEspecificaciones<br \/>\nBluetooth<br \/>\nChipset JL, AC6951C<br \/>\nVersion 5.1<br \/>\nProfile A2DP, AVRCP, HFP<br \/>\nOperating Distance Up to 10m<br \/>\nBattery<br \/>\nType Rechargeable Li-Ion<br \/>\nCapacity 7.4 V, 1800 mAh<br \/>\nCharge Input 5 V DC, 1.8 A<br \/>\nCharge Time 3 Hours<br \/>\nPlayback Time 10 Hours at 50% Volume, 2 Hours at 100% Volume<br \/>\nSpeaker<br \/>\nFrequency Response 80 Hz \u2013 16 kHz<br \/>\nDriver Size 51 mm<br \/>\nUnit Size 2.5 in<br \/>\nNumber of Speakers 2<br \/>\nSignal-to-Noise Ratio 80 dB<br \/>\nNominal Power per Speaker 10 W RMS<br \/>\nSensitivity 88 dB<br \/>\nImpedance 4\u03a9<\/p>\n<p>&nbsp;<\/p>\n<p>1 a\u00f1o de garantia<br \/>\nGarantia de verdad<\/p>\n<p>&nbsp;<\/p>\n","protected":false},"excerpt":{"rendered":"<p>Caracter\u00edsticas El X VXS200 Portable Bluetooth Parlante Negro combina durabilidad y calidad de sonido en un dise\u00f1o compacto y port\u00e1til. Con una clasificaci\u00f3n de resistencia al agua IPX5, este altavoz es perfecto para aventuras al aire libre. Su funci\u00f3n de emparejamiento inal\u00e1mbrico verdadero (TWS) permite conectar dos altavoces para una experiencia est\u00e9reo envolvente. Equipado con &hellip;<\/p>\n<p class=\"read-more\"> <a class=\" thunk-readmore button \" href=\"https:\/\/techno-rc.com.ar\/tienda\/producto\/x-vxs200-portable-bluetooth-parlante-azul\/\"> <span class=\"screen-reader-text\">X VXS200 Portable Bluetooth Parlante Azul<\/span>Leer m\u00e1s<\/a><\/p>\n","protected":false},"featured_media":3278,"comment_status":"open","ping_status":"closed","template":"","meta":{"advanced_seo_description":"","jetpack_seo_html_title":"","jetpack_seo_noindex":false,"_joinchat":[]},"product_brand":[],"product_cat":[33,36,49],"product_tag":[],"class_list":{"0":"post-3277","1":"product","2":"type-product","3":"status-publish","4":"has-post-thumbnail","6":"product_cat-insformatica","7":"product_cat-linea-volkano","8":"product_cat-parlantes","9":"thunk-woo-product-list","10":"opn-qv-enable","11":"open-woo-hover-none","12":"open-single-product-tab-horizontal","13":"open-shadow-","14":"open-shadow-hover-","16":"first","17":"instock","18":"taxable","19":"shipping-taxable","20":"purchasable","21":"product-type-simple"},"jetpack_sharing_enabled":true,"_links":{"self":[{"href":"https:\/\/techno-rc.com.ar\/tienda\/wp-json\/wp\/v2\/product\/3277","targetHints":{"allow":["GET"]}}],"collection":[{"href":"https:\/\/techno-rc.com.ar\/tienda\/wp-json\/wp\/v2\/product"}],"about":[{"href":"https:\/\/techno-rc.com.ar\/tienda\/wp-json\/wp\/v2\/types\/product"}],"replies":[{"embeddable":true,"href":"https:\/\/techno-rc.com.ar\/tienda\/wp-json\/wp\/v2\/comments?post=3277"}],"wp:featuredmedia":[{"embeddable":true,"href":"https:\/\/techno-rc.com.ar\/tienda\/wp-json\/wp\/v2\/media\/3278"}],"wp:attachment":[{"href":"https:\/\/techno-rc.com.ar\/tienda\/wp-json\/wp\/v2\/media?parent=3277"}],"wp:term":[{"taxonomy":"product_brand","embeddable":true,"href":"https:\/\/techno-rc.com.ar\/tienda\/wp-json\/wp\/v2\/product_brand?post=3277"},{"taxonomy":"product_cat","embeddable":true,"href":"https:\/\/techno-rc.com.ar\/tienda\/wp-json\/wp\/v2\/product_cat?post=3277"},{"taxonomy":"product_tag","embeddable":true,"href":"https:\/\/techno-rc.com.ar\/tienda\/wp-json\/wp\/v2\/product_tag?post=3277"}],"curies":[{"name":"wp","href":"https:\/\/api.w.org\/{rel}","templated":true}]}}