{"id":3303,"date":"2025-04-28T12:56:06","date_gmt":"2025-04-28T15:56:06","guid":{"rendered":"https:\/\/techno-rc.com.ar\/tienda\/?post_type=product&#038;p=3303"},"modified":"2025-06-28T19:36:42","modified_gmt":"2025-06-28T22:36:42","slug":"x-wave-bluetooth-speaker-negro","status":"publish","type":"product","link":"https:\/\/techno-rc.com.ar\/tienda\/producto\/x-wave-bluetooth-speaker-negro\/","title":{"rendered":"X Wave Bluetooth Speaker &#8211; Negro"},"content":{"rendered":"<div class=\"col-md-6\">\n<h5 class=\"mb-4\">Caracter\u00edsticas<\/h5>\n<p class=\"mb-2\">El X Wave Bluetooth Speaker \u2013 Negro es el compa\u00f1ero ideal para cualquier aventura, ofreciendo un sonido potente y caracter\u00edsticas avanzadas en un dise\u00f1o compacto y duradero. Con una clasificaci\u00f3n IP66, este altavoz es resistente al agua, lo que lo hace perfecto para exteriores. Su funci\u00f3n de emparejamiento inal\u00e1mbrico verdadero (TWS) permite conectar dos altavoces para una experiencia de sonido envolvente. Adem\u00e1s, las luces RGB integradas a\u00f1aden un toque vibrante a cada momento. Con hasta 10 horas de reproducci\u00f3n, puedes disfrutar de tu m\u00fasica favorita durante todo el d\u00eda. Equipado con Bluetooth 5.3, ofrece una conectividad estable y r\u00e1pida, y su bater\u00eda de 2000 mAh se recarga en solo 2-3 horas para que nunca te quedes sin m\u00fasica.<\/p>\n<ul class=\"list-type-none list-type-check mt-0 mb-8\">\n<li>Resistencia al agua IP66.<\/li>\n<li>Emparejamiento inal\u00e1mbrico verdadero (TWS).<\/li>\n<li>Luces RGB integradas para una experiencia visual din\u00e1mica.<\/li>\n<li>Hasta 10 horas de tiempo de reproducci\u00f3n.<\/li>\n<\/ul>\n<h5 class=\"mb-3\">Especificaciones<\/h5>\n<ul>\n<li style=\"list-style-type: none;\">\n<ul>\n<li>\n<h5>Bluetooth<\/h5>\n<\/li>\n<\/ul>\n<\/li>\n<\/ul>\n<table class=\"table spec-table\">\n<tbody>\n<tr>\n<th>Versi\u00f3n<\/th>\n<td>V5.3<\/td>\n<\/tr>\n<tr>\n<th>Chipset<\/th>\n<td>Beken BK3266<\/td>\n<\/tr>\n<tr>\n<th>Perfiles<\/th>\n<td>A2DP1.3.1, AVRCP1.6.1, HFP1.7.1, SSP1.2, AVCTP1.4<\/td>\n<\/tr>\n<tr>\n<th>Rango<\/th>\n<td>Hasta 10 m<\/td>\n<\/tr>\n<\/tbody>\n<\/table>\n<ul>\n<li style=\"list-style-type: none;\">\n<ul>\n<li>\n<h5>General<\/h5>\n<\/li>\n<\/ul>\n<\/li>\n<\/ul>\n<table class=\"table spec-table\">\n<tbody>\n<tr>\n<th>Bater\u00eda<\/th>\n<td>3.7 V 2000 mAh<\/td>\n<\/tr>\n<tr>\n<th>Tiempo de Carga<\/th>\n<td>2 \u2013 3 Horas<\/td>\n<\/tr>\n<tr>\n<th>Entrada de Carga<\/th>\n<td>DC 5 V, 1 A<\/td>\n<\/tr>\n<tr>\n<th>Tiempo de Reproducci\u00f3n<\/th>\n<td>10 Horas al 50% Volumen<\/td>\n<\/tr>\n<tr>\n<th><\/th>\n<td>2.5 \u2013 3 Horas al 100% Volumen<\/td>\n<\/tr>\n<tr>\n<th>Relaci\u00f3n Se\u00f1al-Ruido<\/th>\n<td>\u2265 73 dB<\/td>\n<\/tr>\n<tr>\n<th>Respuesta de Frecuencia<\/th>\n<td>80 Hz \u2013 20 kHz<\/td>\n<\/tr>\n<tr>\n<th>Sensibilidad<\/th>\n<td>-93 dBm<\/td>\n<\/tr>\n<tr>\n<th>Potencia de Salida Total<\/th>\n<td>12 W RMS<\/td>\n<\/tr>\n<tr>\n<th>IPX<\/th>\n<td>IP66<\/td>\n<\/tr>\n<\/tbody>\n<\/table>\n<\/div>\n<div class=\"col-md-6 pl-md-6\">\n<div class=\"d-flex flex-wrap\">\n<div class=\"icon-box icon-box-side icon-border mb-4 mr-5\">\n<div class=\"icon-box-icon mr-4\">\n<p>&nbsp;<\/p>\n<p>&nbsp;<\/p>\n<p>&nbsp;<\/p>\n<\/div>\n<div class=\"icon-box-content\">\n<h4 class=\"icon-box-title text-normal lh-1 pt-3 ls-s\">1 a\u00f1o de garantia<\/h4>\n<p class=\"icon-box-desc mb-0\">Garantia de verdad<\/p>\n<p>&nbsp;<\/p>\n<\/div>\n<p>&nbsp;<\/p>\n<\/div>\n<\/div>\n<\/div>\n","protected":false},"excerpt":{"rendered":"<p>Caracter\u00edsticas El X Wave Bluetooth Speaker \u2013 Negro es el compa\u00f1ero ideal para cualquier aventura, ofreciendo un sonido potente y caracter\u00edsticas avanzadas en un dise\u00f1o compacto y duradero. Con una clasificaci\u00f3n IP66, este altavoz es resistente al agua, lo que lo hace perfecto para exteriores. Su funci\u00f3n de emparejamiento inal\u00e1mbrico verdadero (TWS) permite conectar dos &hellip;<\/p>\n<p class=\"read-more\"> <a class=\" thunk-readmore button \" href=\"https:\/\/techno-rc.com.ar\/tienda\/producto\/x-wave-bluetooth-speaker-negro\/\"> <span class=\"screen-reader-text\">X Wave Bluetooth Speaker &#8211; Negro<\/span>Leer m\u00e1s<\/a><\/p>\n","protected":false},"featured_media":3304,"comment_status":"open","ping_status":"closed","template":"","meta":{"advanced_seo_description":"","jetpack_seo_html_title":"","jetpack_seo_noindex":false,"_joinchat":[]},"product_brand":[],"product_cat":[33,36,49],"product_tag":[],"class_list":{"0":"post-3303","1":"product","2":"type-product","3":"status-publish","4":"has-post-thumbnail","6":"product_cat-insformatica","7":"product_cat-linea-volkano","8":"product_cat-parlantes","9":"thunk-woo-product-list","10":"opn-qv-enable","11":"open-woo-hover-none","12":"open-single-product-tab-horizontal","13":"open-shadow-","14":"open-shadow-hover-","16":"first","17":"instock","18":"taxable","19":"shipping-taxable","20":"purchasable","21":"product-type-simple"},"jetpack_sharing_enabled":true,"_links":{"self":[{"href":"https:\/\/techno-rc.com.ar\/tienda\/wp-json\/wp\/v2\/product\/3303","targetHints":{"allow":["GET"]}}],"collection":[{"href":"https:\/\/techno-rc.com.ar\/tienda\/wp-json\/wp\/v2\/product"}],"about":[{"href":"https:\/\/techno-rc.com.ar\/tienda\/wp-json\/wp\/v2\/types\/product"}],"replies":[{"embeddable":true,"href":"https:\/\/techno-rc.com.ar\/tienda\/wp-json\/wp\/v2\/comments?post=3303"}],"wp:featuredmedia":[{"embeddable":true,"href":"https:\/\/techno-rc.com.ar\/tienda\/wp-json\/wp\/v2\/media\/3304"}],"wp:attachment":[{"href":"https:\/\/techno-rc.com.ar\/tienda\/wp-json\/wp\/v2\/media?parent=3303"}],"wp:term":[{"taxonomy":"product_brand","embeddable":true,"href":"https:\/\/techno-rc.com.ar\/tienda\/wp-json\/wp\/v2\/product_brand?post=3303"},{"taxonomy":"product_cat","embeddable":true,"href":"https:\/\/techno-rc.com.ar\/tienda\/wp-json\/wp\/v2\/product_cat?post=3303"},{"taxonomy":"product_tag","embeddable":true,"href":"https:\/\/techno-rc.com.ar\/tienda\/wp-json\/wp\/v2\/product_tag?post=3303"}],"curies":[{"name":"wp","href":"https:\/\/api.w.org\/{rel}","templated":true}]}}