{"id":3344,"date":"2025-04-28T12:31:22","date_gmt":"2025-04-28T15:31:22","guid":{"rendered":"https:\/\/techno-rc.com.ar\/tienda\/?post_type=product&#038;p=3344"},"modified":"2025-06-28T19:36:43","modified_gmt":"2025-06-28T22:36:43","slug":"premier-series-14-1-funda-laptop-gris-oscuro","status":"publish","type":"product","link":"https:\/\/techno-rc.com.ar\/tienda\/producto\/premier-series-14-1-funda-laptop-gris-oscuro\/","title":{"rendered":"Premier series 14.1&#8243; Funda Laptop gris oscuro."},"content":{"rendered":"<div class=\"col-md-6\">\n<h5 class=\"mb-4\">Caracter\u00edsticas<\/h5>\n<p class=\"mb-2\">La Premier series Funda Laptop gris oscuro es una opci\u00f3n elegante y funcional para proteger tu laptop durante el transporte. Fabricada en poli\u00e9ster Melange, esta funda ofrece un compartimento acolchado para proteger tu dispositivo y un bolsillo exterior para llevar accesorios esenciales. Compatible con laptops de tama\u00f1os que van desde 11.6 hasta 15.6 pulgadas, esta funda es perfecta para quienes buscan protecci\u00f3n y estilo en un solo producto.<\/p>\n<ul class=\"list-type-none list-type-check mt-0 mb-8\">\n<li>1 x Compartimento para laptop<\/li>\n<li>1 x Bolsillo exterior<\/li>\n<li>Protecci\u00f3n para dispositivos<\/li>\n<li>Fabricada en poli\u00e9ster Melange<\/li>\n<\/ul>\n<h5 class=\"mb-3\">Especificaciones<\/h5>\n<table class=\"table spec-table\">\n<tbody>\n<tr>\n<th>Compatibilidad<\/th>\n<td>Laptops de 11.6\u2033 a 15.6\u2033<\/td>\n<\/tr>\n<tr>\n<th>Material<\/th>\n<td>Poli\u00e9ster Melange<\/td>\n<\/tr>\n<tr>\n<th>Compartimentos<\/th>\n<td>1 x Compartimento para laptop, 1 x Bolsillo exterior<\/td>\n<\/tr>\n<tr>\n<th>Protecci\u00f3n<\/th>\n<td>Protecci\u00f3n para dispositivos<\/td>\n<\/tr>\n<\/tbody>\n<\/table>\n<\/div>\n<div class=\"col-md-6 pl-md-6\">\n<div class=\"d-flex flex-wrap\">\n<div class=\"icon-box icon-box-side icon-border mb-4 mr-5\">\n<div class=\"icon-box-icon mr-4\">\n<p>&nbsp;<\/p>\n<p>&nbsp;<\/p>\n<p>&nbsp;<\/p>\n<\/div>\n<div class=\"icon-box-content\">\n<h4 class=\"icon-box-title text-normal lh-1 pt-3 ls-s\">1 a\u00f1o de garantia<\/h4>\n<p class=\"icon-box-desc mb-0\">Garantia de verdad<\/p>\n<p>&nbsp;<\/p>\n<\/div>\n<p>&nbsp;<\/p>\n<\/div>\n<\/div>\n<\/div>\n","protected":false},"excerpt":{"rendered":"<p>Caracter\u00edsticas La Premier series Funda Laptop gris oscuro es una opci\u00f3n elegante y funcional para proteger tu laptop durante el transporte. Fabricada en poli\u00e9ster Melange, esta funda ofrece un compartimento acolchado para proteger tu dispositivo y un bolsillo exterior para llevar accesorios esenciales. Compatible con laptops de tama\u00f1os que van desde 11.6 hasta 15.6 pulgadas, &hellip;<\/p>\n<p class=\"read-more\"> <a class=\" thunk-readmore button \" href=\"https:\/\/techno-rc.com.ar\/tienda\/producto\/premier-series-14-1-funda-laptop-gris-oscuro\/\"> <span class=\"screen-reader-text\">Premier series 14.1&#8243; Funda Laptop gris oscuro.<\/span>Leer m\u00e1s<\/a><\/p>\n","protected":false},"featured_media":3345,"comment_status":"open","ping_status":"closed","template":"","meta":{"advanced_seo_description":"","jetpack_seo_html_title":"","jetpack_seo_noindex":false,"_joinchat":[]},"product_brand":[],"product_cat":[51,33,36,50],"product_tag":[],"class_list":{"0":"post-3344","1":"product","2":"type-product","3":"status-publish","4":"has-post-thumbnail","6":"product_cat-funda-notebok","7":"product_cat-insformatica","8":"product_cat-linea-volkano","9":"product_cat-textil","10":"thunk-woo-product-list","11":"opn-qv-enable","12":"open-woo-hover-none","13":"open-single-product-tab-horizontal","14":"open-shadow-","15":"open-shadow-hover-","17":"first","18":"instock","19":"taxable","20":"shipping-taxable","21":"purchasable","22":"product-type-simple"},"jetpack_sharing_enabled":true,"_links":{"self":[{"href":"https:\/\/techno-rc.com.ar\/tienda\/wp-json\/wp\/v2\/product\/3344","targetHints":{"allow":["GET"]}}],"collection":[{"href":"https:\/\/techno-rc.com.ar\/tienda\/wp-json\/wp\/v2\/product"}],"about":[{"href":"https:\/\/techno-rc.com.ar\/tienda\/wp-json\/wp\/v2\/types\/product"}],"replies":[{"embeddable":true,"href":"https:\/\/techno-rc.com.ar\/tienda\/wp-json\/wp\/v2\/comments?post=3344"}],"wp:featuredmedia":[{"embeddable":true,"href":"https:\/\/techno-rc.com.ar\/tienda\/wp-json\/wp\/v2\/media\/3345"}],"wp:attachment":[{"href":"https:\/\/techno-rc.com.ar\/tienda\/wp-json\/wp\/v2\/media?parent=3344"}],"wp:term":[{"taxonomy":"product_brand","embeddable":true,"href":"https:\/\/techno-rc.com.ar\/tienda\/wp-json\/wp\/v2\/product_brand?post=3344"},{"taxonomy":"product_cat","embeddable":true,"href":"https:\/\/techno-rc.com.ar\/tienda\/wp-json\/wp\/v2\/product_cat?post=3344"},{"taxonomy":"product_tag","embeddable":true,"href":"https:\/\/techno-rc.com.ar\/tienda\/wp-json\/wp\/v2\/product_tag?post=3344"}],"curies":[{"name":"wp","href":"https:\/\/api.w.org\/{rel}","templated":true}]}}